{"id":1835,"date":"2025-10-22T00:00:48","date_gmt":"2025-10-21T22:00:48","guid":{"rendered":"https:\/\/mathriders.pl\/zabki\/?page_id=1835"},"modified":"2025-11-02T19:51:08","modified_gmt":"2025-11-02T18:51:08","slug":"strasznie-fajne-eksperymenty-i-pokoj-zagadek-formularz-zgloszeniowy","status":"publish","type":"page","link":"https:\/\/mathriders.pl\/zabki\/strasznie-fajne-eksperymenty-i-pokoj-zagadek-formularz-zgloszeniowy\/","title":{"rendered":"Strasznie fajne eksperymenty i pok\u00f3j zagadek &#8211; formularz zg\u0142oszeniowy"},"content":{"rendered":"<style>.kb-row-layout-id1835_baf360-b0 > .kt-row-column-wrap{align-content:center;}:where(.kb-row-layout-id1835_baf360-b0 > .kt-row-column-wrap) > .wp-block-kadence-column{justify-content:center;}.kb-row-layout-id1835_baf360-b0 > .kt-row-column-wrap{column-gap:var(--global-kb-gap-md, 2rem);row-gap:var(--global-kb-gap-md, 2rem);max-width:1100px;margin-left:auto;margin-right:auto;padding-top:var(--global-kb-spacing-5xl, 10rem);padding-bottom:var(--global-kb-spacing-lg, 3rem);grid-template-columns:minmax(0, 1fr);}.kb-row-layout-id1835_baf360-b0 > .kt-row-layout-overlay{opacity:1;}@media all and (max-width: 1024px){.kb-row-layout-id1835_baf360-b0 > .kt-row-column-wrap{grid-template-columns:minmax(0, 1fr);}}@media all and (max-width: 767px){.kb-row-layout-id1835_baf360-b0 > .kt-row-column-wrap{grid-template-columns:minmax(0, 1fr);}.kb-row-layout-id1835_baf360-b0 > .kt-row-column-wrap > .wp-block-kadence-column:nth-child(1 of *:not(style)){order:1;}.kb-row-layout-id1835_baf360-b0 > .kt-row-column-wrap > .wp-block-kadence-column:nth-child(2 of *:not(style)){order:11;}.kb-row-layout-id1835_baf360-b0 > .kt-row-column-wrap > .wp-block-kadence-column:nth-child(3 of *:not(style)){order:21;}.kb-row-layout-id1835_baf360-b0 > .kt-row-column-wrap > .wp-block-kadence-column:nth-child(4 of *:not(style)){order:31;}}<\/style><div class=\"kb-row-layout-wrap kb-row-layout-id1835_baf360-b0 alignfull wp-block-kadence-rowlayout\"><div class=\"kt-row-column-wrap kt-has-1-columns kt-row-layout-equal kt-tab-layout-inherit kt-mobile-layout-row kt-row-valign-middle\">\n<style>.kadence-column1835_a331e3-81 > .kt-inside-inner-col,.kadence-column1835_a331e3-81 > .kt-inside-inner-col:before{border-top-left-radius:0px;border-top-right-radius:0px;border-bottom-right-radius:0px;border-bottom-left-radius:0px;}.kadence-column1835_a331e3-81 > .kt-inside-inner-col{column-gap:var(--global-kb-gap-sm, 1rem);}.kadence-column1835_a331e3-81 > .kt-inside-inner-col{flex-direction:column;}.kadence-column1835_a331e3-81 > .kt-inside-inner-col > .aligncenter{width:100%;}.kadence-column1835_a331e3-81 > .kt-inside-inner-col:before{opacity:0.3;}.kadence-column1835_a331e3-81{position:relative;}@media all and (max-width: 1024px){.kadence-column1835_a331e3-81 > .kt-inside-inner-col{flex-direction:column;justify-content:center;}}@media all and (max-width: 767px){.kadence-column1835_a331e3-81 > .kt-inside-inner-col{flex-direction:column;justify-content:center;}}<\/style>\n<div class=\"wp-block-kadence-column kadence-column1835_a331e3-81\"><div class=\"kt-inside-inner-col\">\n<h1 class=\"wp-block-heading has-text-align-center\">Eksperymenty \/ Pok\u00f3j zagadek<br>Formularz zg\u0142oszeniowy<\/h1>\n\n\n\n<p class=\"has-text-align-center\">Zapraszamy wszystkie dzieci w wieku 6-11 lat (klasy 0 &#8211; 4 SP) do&nbsp;udzia\u0142u w&nbsp;naszych zabawach.<br>w&nbsp;Centrum Nauczania Matematyki MathRiders Z\u0105bki \/ Marki:<\/p>\n\n\n<style>.wp-block-kadence-iconlist.kt-svg-icon-list-items1835_22d331-ff:not(.this-stops-third-party-issues){margin-top:0px;margin-bottom:0px;}.wp-block-kadence-iconlist.kt-svg-icon-list-items1835_22d331-ff ul.kt-svg-icon-list:not(.this-prevents-issues):not(.this-stops-third-party-issues):not(.tijsloc){margin-top:0px;margin-right:0px;margin-bottom:var(--global-kb-spacing-sm, 1.5rem);margin-left:0px;padding-left:var(--global-kb-spacing-md, 2rem);}.wp-block-kadence-iconlist.kt-svg-icon-list-items1835_22d331-ff ul.kt-svg-icon-list{grid-row-gap:30px;}.wp-block-kadence-iconlist.kt-svg-icon-list-items1835_22d331-ff .kb-svg-icon-wrap{color:var(--global-palette1, #3182CE);}.wp-block-kadence-iconlist.kt-svg-icon-list-items1835_22d331-ff ul.kt-svg-icon-list .kt-svg-icon-list-item-wrap .kt-svg-icon-list-single{margin-right:10px;}.kt-svg-icon-list-items1835_22d331-ff ul.kt-svg-icon-list .kt-svg-icon-list-level-0 .kt-svg-icon-list-single svg{font-size:20px;}@media all and (max-width: 1024px){.wp-block-kadence-iconlist.kt-svg-icon-list-items1835_22d331-ff ul.kt-svg-icon-list:not(.this-prevents-issues):not(.this-stops-third-party-issues):not(.tijsloc){padding-left:var(--global-kb-spacing-xxs, 0.5rem);}}<\/style>\n<div class=\"wp-block-kadence-iconlist kt-svg-icon-list-items kt-svg-icon-list-items1835_22d331-ff kt-svg-icon-list-columns-1 alignnone\"><ul class=\"kt-svg-icon-list\"><style>.kt-svg-icon-list-item-1835_d4e6b9-8d .kt-svg-icon-list-text mark.kt-highlight{background-color:unset;font-style:normal;color:#f76a0c;-webkit-box-decoration-break:clone;box-decoration-break:clone;padding-top:0px;padding-right:0px;padding-bottom:0px;padding-left:0px;}<\/style>\n<li class=\"wp-block-kadence-listitem kt-svg-icon-list-item-wrap kt-svg-icon-list-item-1835_d4e6b9-8d\"><span class=\"kb-svg-icon-wrap kb-svg-icon-ic_record kt-svg-icon-list-single\"><svg viewBox=\"0 0 8 8\"  fill=\"currentColor\" xmlns=\"http:\/\/www.w3.org\/2000\/svg\"  aria-hidden=\"true\"><path d=\"M3 0c-1.66 0-3 1.34-3 3s1.34 3 3 3 3-1.34 3-3-1.34-3-3-3z\" transform=\"translate(1 1)\"\/><\/svg><\/span><span class=\"kt-svg-icon-list-text\"><s><strong>TERMIN 1<\/strong>\u00a0\u2013 31 pa\u017adziernika (pi\u0105tek) godz. 16:00 &#8211; Z\u0105bki ul. Skorupki 41<\/s><\/span><\/li>\n\n\n<style>.kt-svg-icon-list-item-1835_549b64-f3 .kt-svg-icon-list-text mark.kt-highlight{background-color:unset;font-style:normal;color:#f76a0c;-webkit-box-decoration-break:clone;box-decoration-break:clone;padding-top:0px;padding-right:0px;padding-bottom:0px;padding-left:0px;}<\/style>\n<li class=\"wp-block-kadence-listitem kt-svg-icon-list-item-wrap kt-svg-icon-list-item-1835_549b64-f3\"><span class=\"kb-svg-icon-wrap kb-svg-icon-ic_record kt-svg-icon-list-single\"><svg viewBox=\"0 0 8 8\"  fill=\"currentColor\" xmlns=\"http:\/\/www.w3.org\/2000\/svg\"  aria-hidden=\"true\"><path d=\"M3 0c-1.66 0-3 1.34-3 3s1.34 3 3 3 3-1.34 3-3-1.34-3-3-3z\" transform=\"translate(1 1)\"\/><\/svg><\/span><span class=\"kt-svg-icon-list-text\"><strong>TERMIN <\/strong>2&nbsp;\u2013 2 listopada (wtorek) godz. 16:00 &#8211; Marki ul. Ok\u00f3lna 26<\/span><\/li>\n<\/ul><\/div>\n\n\n\n<p class=\"has-text-align-center\"><em>Obowi\u0105zuj\u0105 zapisy &#8211; liczba miejsc ograniczona &#8211; <strong>koszt 50,-<\/strong> PLN<\/em><strong> <\/strong><\/p>\n\n\n\n<div class=\"wp-block-contact-form-7-contact-form-selector\">\n<div class=\"wpcf7 no-js\" id=\"wpcf7-f1838-o1\" lang=\"pl-PL\" dir=\"ltr\" data-wpcf7-id=\"1838\">\n<div class=\"screen-reader-response\"><p role=\"status\" aria-live=\"polite\" aria-atomic=\"true\"><\/p> <ul><\/ul><\/div>\n<form action=\"\/zabki\/wp-json\/wp\/v2\/pages\/1835#wpcf7-f1838-o1\" method=\"post\" class=\"wpcf7-form init\" aria-label=\"Formularz kontaktowy\" novalidate=\"novalidate\" data-status=\"init\">\n<fieldset class=\"hidden-fields-container\"><input type=\"hidden\" name=\"_wpcf7\" value=\"1838\" \/><input type=\"hidden\" name=\"_wpcf7_version\" value=\"6.1.5\" \/><input type=\"hidden\" name=\"_wpcf7_locale\" value=\"pl_PL\" \/><input type=\"hidden\" name=\"_wpcf7_unit_tag\" value=\"wpcf7-f1838-o1\" \/><input type=\"hidden\" name=\"_wpcf7_container_post\" value=\"0\" \/><input type=\"hidden\" name=\"_wpcf7_posted_data_hash\" value=\"\" \/>\n<\/fieldset>\n<div class=\"cf7-flex\">\n\t<div class=\"cf7-flex-column\">\n\t\t<p><label for=\"imie-i-nazwisko\" class=\"screen-reader-text\">Imi\u0119 i nazwisko<\/label><br \/>\n<span class=\"wpcf7-form-control-wrap\" data-name=\"your-name\"><input size=\"40\" maxlength=\"400\" class=\"wpcf7-form-control wpcf7-text wpcf7-validates-as-required short\" id=\"imie-i-nazwisko\" autocomplete=\"name\" aria-required=\"true\" aria-invalid=\"false\" placeholder=\"Imi\u0119 i nazwisko dziecka*\" value=\"\" type=\"text\" name=\"your-name\" \/><\/span>\n\t\t<\/p>\n\t<\/div>\n\t<div class=\"cf7-flex-column\">\n\t\t<p><label for=\"termin\" class=\"screen-reader-text\">Termin\/Plac\u00f3wka<\/label><br \/>\n<span class=\"wpcf7-form-control-wrap\" data-name=\"termin-placowka\"><select class=\"wpcf7-form-control wpcf7-select wpcf7-validates-as-required\" id=\"termin\" aria-required=\"true\" aria-invalid=\"false\" name=\"termin-placowka\"><option value=\"\">Termin\/Plac\u00f3wka*<\/option><option value=\"TERMIN 1 (Z\u0105bki - godz. 16:00) - Zako\u0144czono\">TERMIN 1 (Z\u0105bki - godz. 16:00) - Zako\u0144czono<\/option><option value=\"TERMIN 2 (Marki - godz. 16:00)\">TERMIN 2 (Marki - godz. 16:00)<\/option><\/select><\/span>\n\t\t<\/p>\n\t<\/div>\n<\/div>\n<div style=\"margin-bottom: 20px\">\n<\/div>\n<div class=\"cf7-flex\">\n\t<div class=\"cf7-flex-column\">\n\t\t<p><label for=\"klasa-szkolna\" class=\"screen-reader-text\">Klasa szkolna<\/label><br \/>\n<span class=\"wpcf7-form-control-wrap\" data-name=\"klasa-szkolna\"><select class=\"wpcf7-form-control wpcf7-select wpcf7-validates-as-required short\" id=\"klasa-szkolna\" aria-required=\"true\" aria-invalid=\"false\" name=\"klasa-szkolna\"><option value=\"\">Klasa szkolna*<\/option><option value=\"Zer\u00f3wka\">Zer\u00f3wka<\/option><option value=\"1 klasa SP\">1 klasa SP<\/option><option value=\"2 klasa SP\">2 klasa SP<\/option><option value=\"3 klasa SP\">3 klasa SP<\/option><option value=\"4 klasa SP\">4 klasa SP<\/option><option value=\"5 klasa SP\">5 klasa SP<\/option><\/select><\/span>\n\t\t<\/p>\n\t<\/div>\n\t<div class=\"cf7-flex-column\">\n\t\t<p><label for=\"szkola\" class=\"screen-reader-text\">Szko\u0142a (miejscowo\u015b\u0107)<\/label><br \/>\n<span class=\"wpcf7-form-control-wrap\" data-name=\"szkola\"><select class=\"wpcf7-form-control wpcf7-select wpcf7-validates-as-required short\" id=\"szkola\" aria-required=\"true\" aria-invalid=\"false\" name=\"szkola\"><option value=\"\">Szko\u0142a (miejscowo\u015b\u0107)*<\/option><option value=\"Z\u0105bki\">Z\u0105bki<\/option><option value=\"Marki\">Marki<\/option><option value=\"Zielonka\">Zielonka<\/option><option value=\"Warszawa\">Warszawa<\/option><option value=\"Inna\">Inna<\/option><\/select><\/span>\n\t\t<\/p>\n\t<\/div>\n<\/div>\n<div style=\"margin-bottom: 20px\">\n<\/div>\n<div class=\"cf7-flex\">\n\t<div class=\"cf7-flex-column\">\n\t\t<p><label for=\"email\" class=\"screen-reader-text\">Adres email<\/label><br \/>\n<span class=\"wpcf7-form-control-wrap\" data-name=\"your-email\"><input size=\"40\" maxlength=\"400\" class=\"wpcf7-form-control wpcf7-email wpcf7-validates-as-required wpcf7-text wpcf7-validates-as-email short\" id=\"email\" autocomplete=\"email\" aria-required=\"true\" aria-invalid=\"false\" placeholder=\"Adres email*\" value=\"\" type=\"email\" name=\"your-email\" \/><\/span>\n\t\t<\/p>\n\t<\/div>\n\t<div class=\"cf7-flex-column\">\n\t\t<p><label for=\"telefon\" class=\"screen-reader-text\">Telefon<\/label><br \/>\n<span class=\"wpcf7-form-control-wrap\" data-name=\"tel-622\"><input size=\"40\" maxlength=\"400\" class=\"wpcf7-form-control wpcf7-tel wpcf7-validates-as-required wpcf7-text wpcf7-validates-as-tel short\" id=\"telefon\" aria-required=\"true\" aria-invalid=\"false\" placeholder=\"Telefon*\" value=\"\" type=\"tel\" name=\"tel-622\" \/><\/span>\n\t\t<\/p>\n\t<\/div>\n<\/div>\n<div style=\"margin-bottom: 40px\">\n<\/div>\n<p><span class=\"wpcf7-form-control-wrap\" data-name=\"acceptance-4\"><span class=\"wpcf7-form-control wpcf7-acceptance\"><span class=\"wpcf7-list-item\"><label><input type=\"checkbox\" name=\"acceptance-4\" value=\"1\" aria-invalid=\"false\" \/><span class=\"wpcf7-list-item-label\">O\u015bwiadczam, i\u017c zapozna\u0142em si\u0119 i akceptuj\u0119 og\u00f3lne warunki, w tym \n    <strong><a href=\"https:\/\/mathriders.pl\/regulamin\/\" target=\"_blank\">regulamin<\/a><\/strong> i \n    <strong><a href=\"https:\/\/mathriders.pl\/polityka-prywatnosci\/\" target=\"_blank\">polityk\u0119 prywatno\u015bci<\/a><\/strong>.*<\/span><\/label><\/span><\/span><\/span>\n<\/p>\n<p><span class=\"wpcf7-form-control-wrap\" data-name=\"acceptance-5\"><span class=\"wpcf7-form-control wpcf7-acceptance optional\"><span class=\"wpcf7-list-item\"><label><input type=\"checkbox\" name=\"acceptance-5\" value=\"1\" aria-invalid=\"false\" \/><span class=\"wpcf7-list-item-label\">Zgodnie z ustaw\u0105 z dnia 18.07.2002 r. o \u015bwiadczeniu us\u0142ug drog\u0105 elektroniczn\u0105 (Dz.U. Nr 144, poz.1204 z p\u00f3\u017an. zm.) \n    wyra\u017cam zgod\u0119 na przesy\u0142anie informacji handlowych drog\u0105 elektroniczn\u0105 przez MathRiders.<\/span><\/label><\/span><\/span><\/span>\n<\/p>\n<p><span class=\"wpcf7-form-control-wrap\" data-name=\"acceptance-6\"><span class=\"wpcf7-form-control wpcf7-acceptance optional\"><span class=\"wpcf7-list-item\"><label><input type=\"checkbox\" name=\"acceptance-6\" value=\"1\" aria-invalid=\"false\" \/><span class=\"wpcf7-list-item-label\">Zgodnie z art.6 ust.1 lit. a og\u00f3lnego rozporz\u0105dzenia o ochronie danych osobowych z dnia 27 kwietnia 2016 r. \n    (Dz. Urz. UE L 119 z 04.05.2016) wyra\u017cam zgod\u0119 na przetwarzanie moich danych osobowych w celach marketingowych.<\/span><\/label><\/span><\/span><\/span>\n<\/p>\n<p style=\"text-align: center\"><input class=\"wpcf7-form-control wpcf7-submit has-spinner\" type=\"submit\" value=\"WY\u015aLIJ\" \/>\n<\/p><div class=\"wpcf7-response-output\" aria-hidden=\"true\"><\/div>\n<\/form>\n<\/div>\n<\/div>\n<\/div><\/div>\n\n<\/div><\/div>","protected":false},"excerpt":{"rendered":"<p>Eksperymenty \/ Pok\u00f3j zagadekFormularz zg\u0142oszeniowy Zapraszamy wszystkie dzieci w wieku 6-11 lat (klasy 0 &#8211; 4 SP) do&nbsp;udzia\u0142u w&nbsp;naszych zabawach.w&nbsp;Centrum Nauczania Matematyki MathRiders Z\u0105bki \/ Marki: Obowi\u0105zuj\u0105 zapisy &#8211; liczba miejsc ograniczona &#8211; koszt 50,- PLN<\/p>\n","protected":false},"author":37,"featured_media":0,"parent":0,"menu_order":0,"comment_status":"closed","ping_status":"closed","template":"","meta":{"_acf_changed":false,"_kad_blocks_custom_css":"","_kad_blocks_head_custom_js":"","_kad_blocks_body_custom_js":"","_kad_blocks_footer_custom_js":"","_kad_post_transparent":"","_kad_post_title":"","_kad_post_layout":"","_kad_post_sidebar_id":"","_kad_post_content_style":"","_kad_post_vertical_padding":"","_kad_post_feature":"","_kad_post_feature_position":"","_kad_post_header":false,"_kad_post_footer":false,"_kad_post_classname":"","footnotes":""},"class_list":["post-1835","page","type-page","status-publish","hentry"],"acf":[],"yoast_head":"<!-- This site is optimized with the Yoast SEO plugin v27.0 - https:\/\/yoast.com\/product\/yoast-seo-wordpress\/ -->\n<title>Strasznie fajne eksperymenty i pok\u00f3j zagadek - formularz zg\u0142oszeniowy - Z\u0105bki<\/title>\n<meta name=\"robots\" content=\"index, follow, max-snippet:-1, max-image-preview:large, max-video-preview:-1\" \/>\n<link rel=\"canonical\" href=\"https:\/\/mathriders.pl\/zabki\/strasznie-fajne-eksperymenty-i-pokoj-zagadek-formularz-zgloszeniowy\/\" \/>\n<meta property=\"og:locale\" content=\"pl_PL\" \/>\n<meta property=\"og:type\" content=\"article\" \/>\n<meta property=\"og:title\" content=\"Strasznie fajne eksperymenty i pok\u00f3j zagadek - formularz zg\u0142oszeniowy - Z\u0105bki\" \/>\n<meta property=\"og:description\" content=\"Eksperymenty \/ Pok\u00f3j zagadekFormularz zg\u0142oszeniowy Zapraszamy wszystkie dzieci w wieku 6-11 lat (klasy 0 &#8211; 4 SP) do&nbsp;udzia\u0142u w&nbsp;naszych zabawach.w&nbsp;Centrum Nauczania Matematyki MathRiders Z\u0105bki \/ Marki: Obowi\u0105zuj\u0105 zapisy &#8211; liczba miejsc ograniczona &#8211; koszt 50,- PLN\" \/>\n<meta property=\"og:url\" content=\"https:\/\/mathriders.pl\/zabki\/strasznie-fajne-eksperymenty-i-pokoj-zagadek-formularz-zgloszeniowy\/\" \/>\n<meta property=\"og:site_name\" content=\"Z\u0105bki\" \/>\n<meta property=\"article:modified_time\" content=\"2025-11-02T18:51:08+00:00\" \/>\n<meta name=\"twitter:card\" content=\"summary_large_image\" \/>\n<meta name=\"twitter:label1\" content=\"Szacowany czas czytania\" \/>\n\t<meta name=\"twitter:data1\" content=\"1 minuta\" \/>\n<script type=\"application\/ld+json\" class=\"yoast-schema-graph\">{\"@context\":\"https:\/\/schema.org\",\"@graph\":[{\"@type\":\"WebPage\",\"@id\":\"https:\/\/mathriders.pl\/zabki\/strasznie-fajne-eksperymenty-i-pokoj-zagadek-formularz-zgloszeniowy\/\",\"url\":\"https:\/\/mathriders.pl\/zabki\/strasznie-fajne-eksperymenty-i-pokoj-zagadek-formularz-zgloszeniowy\/\",\"name\":\"Strasznie fajne eksperymenty i pok\u00f3j zagadek - formularz zg\u0142oszeniowy - Z\u0105bki\",\"isPartOf\":{\"@id\":\"https:\/\/mathriders.pl\/zabki\/#website\"},\"datePublished\":\"2025-10-21T22:00:48+00:00\",\"dateModified\":\"2025-11-02T18:51:08+00:00\",\"breadcrumb\":{\"@id\":\"https:\/\/mathriders.pl\/zabki\/strasznie-fajne-eksperymenty-i-pokoj-zagadek-formularz-zgloszeniowy\/#breadcrumb\"},\"inLanguage\":\"pl-PL\",\"potentialAction\":[{\"@type\":\"ReadAction\",\"target\":[\"https:\/\/mathriders.pl\/zabki\/strasznie-fajne-eksperymenty-i-pokoj-zagadek-formularz-zgloszeniowy\/\"]}]},{\"@type\":\"BreadcrumbList\",\"@id\":\"https:\/\/mathriders.pl\/zabki\/strasznie-fajne-eksperymenty-i-pokoj-zagadek-formularz-zgloszeniowy\/#breadcrumb\",\"itemListElement\":[{\"@type\":\"ListItem\",\"position\":1,\"name\":\"Strona g\u0142\u00f3wna\",\"item\":\"https:\/\/mathriders.pl\/zabki\/\"},{\"@type\":\"ListItem\",\"position\":2,\"name\":\"Strasznie fajne eksperymenty i pok\u00f3j zagadek &#8211; formularz zg\u0142oszeniowy\"}]},{\"@type\":\"WebSite\",\"@id\":\"https:\/\/mathriders.pl\/zabki\/#website\",\"url\":\"https:\/\/mathriders.pl\/zabki\/\",\"name\":\"Z\u0105bki\",\"description\":\"\",\"publisher\":{\"@id\":\"https:\/\/mathriders.pl\/zabki\/#organization\"},\"potentialAction\":[{\"@type\":\"SearchAction\",\"target\":{\"@type\":\"EntryPoint\",\"urlTemplate\":\"https:\/\/mathriders.pl\/zabki\/?s={search_term_string}\"},\"query-input\":{\"@type\":\"PropertyValueSpecification\",\"valueRequired\":true,\"valueName\":\"search_term_string\"}}],\"inLanguage\":\"pl-PL\"},{\"@type\":\"Organization\",\"@id\":\"https:\/\/mathriders.pl\/zabki\/#organization\",\"name\":\"Z\u0105bki\",\"url\":\"https:\/\/mathriders.pl\/zabki\/\",\"logo\":{\"@type\":\"ImageObject\",\"inLanguage\":\"pl-PL\",\"@id\":\"https:\/\/mathriders.pl\/zabki\/#\/schema\/logo\/image\/\",\"url\":\"https:\/\/mathriders.pl\/zabki\/wp-content\/uploads\/sites\/32\/2023\/11\/logo.webp\",\"contentUrl\":\"https:\/\/mathriders.pl\/zabki\/wp-content\/uploads\/sites\/32\/2023\/11\/logo.webp\",\"width\":157,\"height\":82,\"caption\":\"Z\u0105bki\"},\"image\":{\"@id\":\"https:\/\/mathriders.pl\/zabki\/#\/schema\/logo\/image\/\"}}]}<\/script>\n<!-- \/ Yoast SEO plugin. -->","yoast_head_json":{"title":"Strasznie fajne eksperymenty i pok\u00f3j zagadek - formularz zg\u0142oszeniowy - Z\u0105bki","robots":{"index":"index","follow":"follow","max-snippet":"max-snippet:-1","max-image-preview":"max-image-preview:large","max-video-preview":"max-video-preview:-1"},"canonical":"https:\/\/mathriders.pl\/zabki\/strasznie-fajne-eksperymenty-i-pokoj-zagadek-formularz-zgloszeniowy\/","og_locale":"pl_PL","og_type":"article","og_title":"Strasznie fajne eksperymenty i pok\u00f3j zagadek - formularz zg\u0142oszeniowy - Z\u0105bki","og_description":"Eksperymenty \/ Pok\u00f3j zagadekFormularz zg\u0142oszeniowy Zapraszamy wszystkie dzieci w wieku 6-11 lat (klasy 0 &#8211; 4 SP) do&nbsp;udzia\u0142u w&nbsp;naszych zabawach.w&nbsp;Centrum Nauczania Matematyki MathRiders Z\u0105bki \/ Marki: Obowi\u0105zuj\u0105 zapisy &#8211; liczba miejsc ograniczona &#8211; koszt 50,- PLN","og_url":"https:\/\/mathriders.pl\/zabki\/strasznie-fajne-eksperymenty-i-pokoj-zagadek-formularz-zgloszeniowy\/","og_site_name":"Z\u0105bki","article_modified_time":"2025-11-02T18:51:08+00:00","twitter_card":"summary_large_image","twitter_misc":{"Szacowany czas czytania":"1 minuta"},"schema":{"@context":"https:\/\/schema.org","@graph":[{"@type":"WebPage","@id":"https:\/\/mathriders.pl\/zabki\/strasznie-fajne-eksperymenty-i-pokoj-zagadek-formularz-zgloszeniowy\/","url":"https:\/\/mathriders.pl\/zabki\/strasznie-fajne-eksperymenty-i-pokoj-zagadek-formularz-zgloszeniowy\/","name":"Strasznie fajne eksperymenty i pok\u00f3j zagadek - formularz zg\u0142oszeniowy - Z\u0105bki","isPartOf":{"@id":"https:\/\/mathriders.pl\/zabki\/#website"},"datePublished":"2025-10-21T22:00:48+00:00","dateModified":"2025-11-02T18:51:08+00:00","breadcrumb":{"@id":"https:\/\/mathriders.pl\/zabki\/strasznie-fajne-eksperymenty-i-pokoj-zagadek-formularz-zgloszeniowy\/#breadcrumb"},"inLanguage":"pl-PL","potentialAction":[{"@type":"ReadAction","target":["https:\/\/mathriders.pl\/zabki\/strasznie-fajne-eksperymenty-i-pokoj-zagadek-formularz-zgloszeniowy\/"]}]},{"@type":"BreadcrumbList","@id":"https:\/\/mathriders.pl\/zabki\/strasznie-fajne-eksperymenty-i-pokoj-zagadek-formularz-zgloszeniowy\/#breadcrumb","itemListElement":[{"@type":"ListItem","position":1,"name":"Strona g\u0142\u00f3wna","item":"https:\/\/mathriders.pl\/zabki\/"},{"@type":"ListItem","position":2,"name":"Strasznie fajne eksperymenty i pok\u00f3j zagadek &#8211; formularz zg\u0142oszeniowy"}]},{"@type":"WebSite","@id":"https:\/\/mathriders.pl\/zabki\/#website","url":"https:\/\/mathriders.pl\/zabki\/","name":"Z\u0105bki","description":"","publisher":{"@id":"https:\/\/mathriders.pl\/zabki\/#organization"},"potentialAction":[{"@type":"SearchAction","target":{"@type":"EntryPoint","urlTemplate":"https:\/\/mathriders.pl\/zabki\/?s={search_term_string}"},"query-input":{"@type":"PropertyValueSpecification","valueRequired":true,"valueName":"search_term_string"}}],"inLanguage":"pl-PL"},{"@type":"Organization","@id":"https:\/\/mathriders.pl\/zabki\/#organization","name":"Z\u0105bki","url":"https:\/\/mathriders.pl\/zabki\/","logo":{"@type":"ImageObject","inLanguage":"pl-PL","@id":"https:\/\/mathriders.pl\/zabki\/#\/schema\/logo\/image\/","url":"https:\/\/mathriders.pl\/zabki\/wp-content\/uploads\/sites\/32\/2023\/11\/logo.webp","contentUrl":"https:\/\/mathriders.pl\/zabki\/wp-content\/uploads\/sites\/32\/2023\/11\/logo.webp","width":157,"height":82,"caption":"Z\u0105bki"},"image":{"@id":"https:\/\/mathriders.pl\/zabki\/#\/schema\/logo\/image\/"}}]}},"taxonomy_info":[],"featured_image_src_large":false,"author_info":{"display_name":"zabki","author_link":"https:\/\/mathriders.pl\/zabki\/aktualnosci\/author\/zabki\/"},"comment_info":0,"_links":{"self":[{"href":"https:\/\/mathriders.pl\/zabki\/wp-json\/wp\/v2\/pages\/1835","targetHints":{"allow":["GET"]}}],"collection":[{"href":"https:\/\/mathriders.pl\/zabki\/wp-json\/wp\/v2\/pages"}],"about":[{"href":"https:\/\/mathriders.pl\/zabki\/wp-json\/wp\/v2\/types\/page"}],"author":[{"embeddable":true,"href":"https:\/\/mathriders.pl\/zabki\/wp-json\/wp\/v2\/users\/37"}],"replies":[{"embeddable":true,"href":"https:\/\/mathriders.pl\/zabki\/wp-json\/wp\/v2\/comments?post=1835"}],"version-history":[{"count":6,"href":"https:\/\/mathriders.pl\/zabki\/wp-json\/wp\/v2\/pages\/1835\/revisions"}],"predecessor-version":[{"id":1896,"href":"https:\/\/mathriders.pl\/zabki\/wp-json\/wp\/v2\/pages\/1835\/revisions\/1896"}],"wp:attachment":[{"href":"https:\/\/mathriders.pl\/zabki\/wp-json\/wp\/v2\/media?parent=1835"}],"curies":[{"name":"wp","href":"https:\/\/api.w.org\/{rel}","templated":true}]}}