{"id":1167,"date":"2025-01-14T17:34:07","date_gmt":"2025-01-14T16:34:07","guid":{"rendered":"https:\/\/mathriders.pl\/zabki\/?page_id=1167"},"modified":"2026-02-15T14:48:34","modified_gmt":"2026-02-15T13:48:34","slug":"do-egzaminu-formularz","status":"publish","type":"page","link":"https:\/\/mathriders.pl\/zabki\/do-egzaminu-formularz\/","title":{"rendered":"Intensywny kurs przygotowuj\u0105cy do egzaminu &#8211; formularz"},"content":{"rendered":"<style>.kb-row-layout-id1167_e8e3ea-5c > .kt-row-column-wrap{align-content:center;}:where(.kb-row-layout-id1167_e8e3ea-5c > .kt-row-column-wrap) > .wp-block-kadence-column{justify-content:center;}.kb-row-layout-id1167_e8e3ea-5c > .kt-row-column-wrap{column-gap:var(--global-kb-gap-md, 2rem);row-gap:var(--global-kb-gap-md, 2rem);max-width:1100px;margin-left:auto;margin-right:auto;padding-top:var(--global-kb-spacing-5xl, 10rem);padding-bottom:var(--global-kb-spacing-lg, 3rem);grid-template-columns:minmax(0, 1fr);}.kb-row-layout-id1167_e8e3ea-5c > .kt-row-layout-overlay{opacity:1;}@media all and (max-width: 1024px){.kb-row-layout-id1167_e8e3ea-5c > .kt-row-column-wrap{grid-template-columns:minmax(0, 1fr);}}@media all and (max-width: 767px){.kb-row-layout-id1167_e8e3ea-5c > .kt-row-column-wrap{grid-template-columns:minmax(0, 1fr);}.kb-row-layout-id1167_e8e3ea-5c > .kt-row-column-wrap > .wp-block-kadence-column:nth-child(1 of *:not(style)){order:1;}.kb-row-layout-id1167_e8e3ea-5c > .kt-row-column-wrap > .wp-block-kadence-column:nth-child(2 of *:not(style)){order:11;}.kb-row-layout-id1167_e8e3ea-5c > .kt-row-column-wrap > .wp-block-kadence-column:nth-child(3 of *:not(style)){order:21;}.kb-row-layout-id1167_e8e3ea-5c > .kt-row-column-wrap > .wp-block-kadence-column:nth-child(4 of *:not(style)){order:31;}}<\/style><div class=\"kb-row-layout-wrap kb-row-layout-id1167_e8e3ea-5c alignfull wp-block-kadence-rowlayout\"><div class=\"kt-row-column-wrap kt-has-1-columns kt-row-layout-equal kt-tab-layout-inherit kt-mobile-layout-row kt-row-valign-middle\">\n<style>.kadence-column1167_10eca0-48 > .kt-inside-inner-col,.kadence-column1167_10eca0-48 > .kt-inside-inner-col:before{border-top-left-radius:0px;border-top-right-radius:0px;border-bottom-right-radius:0px;border-bottom-left-radius:0px;}.kadence-column1167_10eca0-48 > .kt-inside-inner-col{column-gap:var(--global-kb-gap-sm, 1rem);}.kadence-column1167_10eca0-48 > .kt-inside-inner-col{flex-direction:column;}.kadence-column1167_10eca0-48 > .kt-inside-inner-col > .aligncenter{width:100%;}.kadence-column1167_10eca0-48 > .kt-inside-inner-col:before{opacity:0.3;}.kadence-column1167_10eca0-48{position:relative;}@media all and (max-width: 1024px){.kadence-column1167_10eca0-48 > .kt-inside-inner-col{flex-direction:column;justify-content:center;}}@media all and (max-width: 767px){.kadence-column1167_10eca0-48 > .kt-inside-inner-col{flex-direction:column;justify-content:center;}}<\/style>\n<div class=\"wp-block-kadence-column kadence-column1167_10eca0-48\"><div class=\"kt-inside-inner-col\">\n<h1 class=\"wp-block-heading has-text-align-center\">Kursy sobotnie<br>Formularz zg\u0142oszeniowy<\/h1>\n\n\n\n<p class=\"has-text-align-center\">Przewa\u017cnie w soboty w godzinach podanych poni\u017cej, zawsze przy ul. Ks I. Skorupki 41 w Z\u0105bkach<br>w&nbsp;Centrum Nauczania Matematyki MathRiders Z\u0105bki:<\/p>\n\n\n<style>.wp-block-kadence-iconlist.kt-svg-icon-list-items1167_6b1f45-7a:not(.this-stops-third-party-issues){margin-top:0px;margin-bottom:0px;}.wp-block-kadence-iconlist.kt-svg-icon-list-items1167_6b1f45-7a ul.kt-svg-icon-list:not(.this-prevents-issues):not(.this-stops-third-party-issues):not(.tijsloc){margin-top:0px;margin-right:0px;margin-bottom:var(--global-kb-spacing-sm, 1.5rem);margin-left:0px;padding-left:var(--global-kb-spacing-md, 2rem);}.wp-block-kadence-iconlist.kt-svg-icon-list-items1167_6b1f45-7a ul.kt-svg-icon-list{grid-row-gap:30px;}.wp-block-kadence-iconlist.kt-svg-icon-list-items1167_6b1f45-7a .kb-svg-icon-wrap{color:var(--global-palette1, #3182CE);}.wp-block-kadence-iconlist.kt-svg-icon-list-items1167_6b1f45-7a ul.kt-svg-icon-list .kt-svg-icon-list-item-wrap .kt-svg-icon-list-single{margin-right:10px;}.kt-svg-icon-list-items1167_6b1f45-7a ul.kt-svg-icon-list .kt-svg-icon-list-level-0 .kt-svg-icon-list-single svg{font-size:20px;}@media all and (max-width: 1024px){.wp-block-kadence-iconlist.kt-svg-icon-list-items1167_6b1f45-7a ul.kt-svg-icon-list:not(.this-prevents-issues):not(.this-stops-third-party-issues):not(.tijsloc){padding-left:var(--global-kb-spacing-xxs, 0.5rem);}}<\/style>\n<div class=\"wp-block-kadence-iconlist kt-svg-icon-list-items kt-svg-icon-list-items1167_6b1f45-7a kt-svg-icon-list-columns-1 alignnone\"><ul class=\"kt-svg-icon-list\"><style>.kt-svg-icon-list-item-1167_9dee21-55 .kt-svg-icon-list-text mark.kt-highlight{background-color:unset;font-style:normal;color:#f76a0c;-webkit-box-decoration-break:clone;box-decoration-break:clone;padding-top:0px;padding-right:0px;padding-bottom:0px;padding-left:0px;}<\/style>\n<li class=\"wp-block-kadence-listitem kt-svg-icon-list-item-wrap kt-svg-icon-list-item-1167_9dee21-55\"><span class=\"kb-svg-icon-wrap kb-svg-icon-ic_record kt-svg-icon-list-single\"><svg viewBox=\"0 0 8 8\"  fill=\"currentColor\" xmlns=\"http:\/\/www.w3.org\/2000\/svg\"  aria-hidden=\"true\"><path d=\"M3 0c-1.66 0-3 1.34-3 3s1.34 3 3 3 3-1.34 3-3-1.34-3-3-3z\" transform=\"translate(1 1)\"\/><\/svg><\/span><span class=\"kt-svg-icon-list-text\"><strong>Kurs do egzaminu \u00f3smoklasisty<\/strong> <strong>(A)<\/strong>\u00a0\u2013 godz. 13:30   (BRAK MIEJSC)<\/span><\/li>\n\n\n<style>.kt-svg-icon-list-item-1167_8f2888-a8 .kt-svg-icon-list-text mark.kt-highlight{background-color:unset;font-style:normal;color:#f76a0c;-webkit-box-decoration-break:clone;box-decoration-break:clone;padding-top:0px;padding-right:0px;padding-bottom:0px;padding-left:0px;}<\/style>\n<li class=\"wp-block-kadence-listitem kt-svg-icon-list-item-wrap kt-svg-icon-list-item-1167_8f2888-a8\"><span class=\"kb-svg-icon-wrap kb-svg-icon-ic_record kt-svg-icon-list-single\"><svg viewBox=\"0 0 8 8\"  fill=\"currentColor\" xmlns=\"http:\/\/www.w3.org\/2000\/svg\"  aria-hidden=\"true\"><path d=\"M3 0c-1.66 0-3 1.34-3 3s1.34 3 3 3 3-1.34 3-3-1.34-3-3-3z\" transform=\"translate(1 1)\"\/><\/svg><\/span><span class=\"kt-svg-icon-list-text\"><strong>Przygotowanie do matury PODSTAWA<\/strong> &#8211; godziny 13:30 i 15:00 (zosta\u0142o 1 miejsce)<\/span><\/li>\n\n\n<style>.kt-svg-icon-list-item-1167_a31400-bc .kt-svg-icon-list-text mark.kt-highlight{background-color:unset;font-style:normal;color:#f76a0c;-webkit-box-decoration-break:clone;box-decoration-break:clone;padding-top:0px;padding-right:0px;padding-bottom:0px;padding-left:0px;}<\/style>\n<li class=\"wp-block-kadence-listitem kt-svg-icon-list-item-wrap kt-svg-icon-list-item-1167_a31400-bc\"><span class=\"kb-svg-icon-wrap kb-svg-icon-ic_record kt-svg-icon-list-single\"><svg viewBox=\"0 0 8 8\"  fill=\"currentColor\" xmlns=\"http:\/\/www.w3.org\/2000\/svg\"  aria-hidden=\"true\"><path d=\"M3 0c-1.66 0-3 1.34-3 3s1.34 3 3 3 3-1.34 3-3-1.34-3-3-3z\" transform=\"translate(1 1)\"\/><\/svg><\/span><span class=\"kt-svg-icon-list-text\"><strong>Przygotowanie do matury ROZSZERZENIE<\/strong> &#8211; godziny 15:00 i 16:30<\/span><\/li>\n\n\n<style>.kt-svg-icon-list-item-1167_46ead7-a8 .kt-svg-icon-list-text mark.kt-highlight{background-color:unset;font-style:normal;color:#f76a0c;-webkit-box-decoration-break:clone;box-decoration-break:clone;padding-top:0px;padding-right:0px;padding-bottom:0px;padding-left:0px;}<\/style>\n<li class=\"wp-block-kadence-listitem kt-svg-icon-list-item-wrap kt-svg-icon-list-item-1167_46ead7-a8\"><span class=\"kb-svg-icon-wrap kb-svg-icon-ic_record kt-svg-icon-list-single\"><svg viewBox=\"0 0 8 8\"  fill=\"currentColor\" xmlns=\"http:\/\/www.w3.org\/2000\/svg\"  aria-hidden=\"true\"><path d=\"M3 0c-1.66 0-3 1.34-3 3s1.34 3 3 3 3-1.34 3-3-1.34-3-3-3z\" transform=\"translate(1 1)\"\/><\/svg><\/span><span class=\"kt-svg-icon-list-text\"><strong>Kurs do egzaminu \u00f3smoklasisty<\/strong> <strong>(B)<\/strong>\u00a0\u2013 godz. 16:30   (zosta\u0142o 1 miejsce)<\/span><\/li>\n<\/ul><\/div>\n\n\n\n<p><mark class=\"has-inline-color has-theme-palette-12-color\">UWAGA:<\/mark> wszystkie kursy ju\u017c si\u0119 rozpocz\u0119\u0142y (by\u0142y zaj\u0119cia nr 1) &#8211; teraz jest ostatni moment na do\u0142\u0105czenie, zapewniamy dost\u0119p do materia\u0142\u00f3w z pierwszych zaj\u0119\u0107.<\/p>\n\n\n\n<p class=\"has-text-align-right\"><em><mark class=\"has-inline-color has-theme-palette-12-color\">aktualizacja 15.02.2026 r.<\/mark><\/em><\/p>\n\n\n\n<div class=\"wp-block-contact-form-7-contact-form-selector\">\n<div class=\"wpcf7 no-js\" id=\"wpcf7-f1169-o1\" lang=\"pl-PL\" dir=\"ltr\" data-wpcf7-id=\"1169\">\n<div class=\"screen-reader-response\"><p role=\"status\" aria-live=\"polite\" aria-atomic=\"true\"><\/p> <ul><\/ul><\/div>\n<form action=\"\/zabki\/wp-json\/wp\/v2\/pages\/1167#wpcf7-f1169-o1\" method=\"post\" class=\"wpcf7-form init\" aria-label=\"Formularz kontaktowy\" novalidate=\"novalidate\" data-status=\"init\">\n<fieldset class=\"hidden-fields-container\"><input type=\"hidden\" name=\"_wpcf7\" value=\"1169\" \/><input type=\"hidden\" name=\"_wpcf7_version\" value=\"6.1.5\" \/><input type=\"hidden\" name=\"_wpcf7_locale\" value=\"pl_PL\" \/><input type=\"hidden\" name=\"_wpcf7_unit_tag\" value=\"wpcf7-f1169-o1\" \/><input type=\"hidden\" name=\"_wpcf7_container_post\" value=\"0\" \/><input type=\"hidden\" name=\"_wpcf7_posted_data_hash\" value=\"\" \/>\n<\/fieldset>\n<div class=\"cf7-flex\">\n <!-- LEWA: Rodzaj kursu -->\n\t<div class=\"cf7-flex-column\">\n\t\t<p><label for=\"rodzaj-kursu\" class=\"screen-reader-text\">Rodzaj kursu<\/label><br \/>\n<span class=\"wpcf7-form-control-wrap\" data-name=\"rodzaj-kursu\"><select class=\"wpcf7-form-control wpcf7-select wpcf7-validates-as-required\" id=\"rodzaj-kursu\" aria-required=\"true\" aria-invalid=\"false\" name=\"rodzaj-kursu\"><option value=\"\">Rodzaj kursu*<\/option><option value=\"Matura PODSTAWA (13:30 \/ 15:00)  - ostatnie miejsce\">Matura PODSTAWA (13:30 \/ 15:00)  - ostatnie miejsce<\/option><option value=\"Matura ROZSZERZENIE (15:00 \/ 16:30)\">Matura ROZSZERZENIE (15:00 \/ 16:30)<\/option><option value=\"8 klasa - kurs B (16:30)  - ostatnie miejsce\">8 klasa - kurs B (16:30)  - ostatnie miejsce<\/option><\/select><\/span>\n\t\t<\/p>\n\t<\/div>\n\n <!-- PRAWA: Imi\u0119 i nazwisko zg\u0142aszaj\u0105cego -->\n\t<div class=\"cf7-flex-column\">\n\t\t<p><label for=\"zglaszajacy-imie\" class=\"screen-reader-text\">Imi\u0119 i nazwisko (zg\u0142aszaj\u0105cy)<\/label><br \/>\n<span class=\"wpcf7-form-control-wrap\" data-name=\"zglaszajacy-imie\"><input size=\"40\" maxlength=\"400\" class=\"wpcf7-form-control wpcf7-text wpcf7-validates-as-required short\" id=\"zglaszajacy-imie\" autocomplete=\"name\" aria-required=\"true\" aria-invalid=\"false\" placeholder=\"Imi\u0119 i nazwisko*\" value=\"\" type=\"text\" name=\"zglaszajacy-imie\" \/><\/span>\n\t\t<\/p>\n\t<\/div>\n<\/div>\n<div class=\"cf7-flex\">\n <!-- LEWA: Imi\u0119 i nazwisko kursanta -->\n\t<div class=\"cf7-flex-column\">\n\t\t<p><label for=\"kursant-imie\" class=\"screen-reader-text\">Imi\u0119 i nazwisko (kursant)<\/label><br \/>\n<span class=\"wpcf7-form-control-wrap\" data-name=\"kursant-imie\"><input size=\"40\" maxlength=\"400\" class=\"wpcf7-form-control wpcf7-text wpcf7-validates-as-required short\" id=\"kursant-imie\" autocomplete=\"name\" aria-required=\"true\" aria-invalid=\"false\" placeholder=\"Imi\u0119 i nazwisko (kursanta)*\" value=\"\" type=\"text\" name=\"kursant-imie\" \/><\/span>\n\t\t<\/p>\n\t<\/div>\n\n <!-- PRAWA: Email zg\u0142aszaj\u0105cego -->\n\t<div class=\"cf7-flex-column\">\n\t\t<p><label for=\"zglaszajacy-email\" class=\"screen-reader-text\">Adres email (zg\u0142aszaj\u0105cy)<\/label><br \/>\n<span class=\"wpcf7-form-control-wrap\" data-name=\"zglaszajacy-email\"><input size=\"40\" maxlength=\"400\" class=\"wpcf7-form-control wpcf7-email wpcf7-validates-as-required wpcf7-text wpcf7-validates-as-email short\" id=\"zglaszajacy-email\" autocomplete=\"email\" aria-required=\"true\" aria-invalid=\"false\" placeholder=\"Adres email*\" value=\"\" type=\"email\" name=\"zglaszajacy-email\" \/><\/span>\n\t\t<\/p>\n\t<\/div>\n<\/div>\n<div class=\"cf7-flex\" style=\"margin-bottom: 30px\">\n <!-- LEWA: Email kursanta -->\n\t<div class=\"cf7-flex-column\">\n\t\t<p><label for=\"kursant-email\" class=\"screen-reader-text\">Adres email (kursant)<\/label><br \/>\n<span class=\"wpcf7-form-control-wrap\" data-name=\"kursant-email\"><input size=\"40\" maxlength=\"400\" class=\"wpcf7-form-control wpcf7-email wpcf7-validates-as-required wpcf7-text wpcf7-validates-as-email short\" id=\"kursant-email\" autocomplete=\"email\" aria-required=\"true\" aria-invalid=\"false\" placeholder=\"Adres email (kursanta)*\" value=\"\" type=\"email\" name=\"kursant-email\" \/><\/span>\n\t\t<\/p>\n\t<\/div>\n\n <!-- PRAWA: Telefon zg\u0142aszaj\u0105cego -->\n\t<div class=\"cf7-flex-column\">\n\t\t<p><label for=\"zglaszajacy-telefon\" class=\"screen-reader-text\">Telefon (zg\u0142aszaj\u0105cy)<\/label><br \/>\n<span class=\"wpcf7-form-control-wrap\" data-name=\"zglaszajacy-telefon\"><input size=\"40\" maxlength=\"400\" class=\"wpcf7-form-control wpcf7-tel wpcf7-validates-as-required wpcf7-text wpcf7-validates-as-tel\" id=\"zglaszajacy-telefon\" aria-required=\"true\" aria-invalid=\"false\" placeholder=\"Telefon*\" value=\"\" type=\"tel\" name=\"zglaszajacy-telefon\" \/><\/span>\n\t\t<\/p>\n\t<\/div>\n<\/div>\n\n<!-- Sekcja akceptacji -->\n<div>\n\t<p><span class=\"wpcf7-form-control-wrap\" data-name=\"acceptance-4\"><span class=\"wpcf7-form-control wpcf7-acceptance\"><span class=\"wpcf7-list-item\"><label><input type=\"checkbox\" name=\"acceptance-4\" value=\"1\" aria-invalid=\"false\" \/><span class=\"wpcf7-list-item-label\">O\u015bwiadczam, i\u017c zapozna\u0142em si\u0119 i akceptuj\u0119 og\u00f3lne warunki, w tym\n  <strong><a href=\"https:\/\/mathriders.pl\/regulamin\/\" target=\"_blank\">regulamin<\/a><\/strong> i\n  <strong><a href=\"https:\/\/mathriders.pl\/polityka-prywatnosci\/\" target=\"_blank\">polityk\u0119 prywatno\u015bci<\/a><\/strong>.*<\/span><\/label><\/span><\/span><\/span>\n\t<\/p>\n\t<p><span class=\"wpcf7-form-control-wrap\" data-name=\"acceptance-5\"><span class=\"wpcf7-form-control wpcf7-acceptance optional\"><span class=\"wpcf7-list-item\"><label><input type=\"checkbox\" name=\"acceptance-5\" value=\"1\" aria-invalid=\"false\" \/><span class=\"wpcf7-list-item-label\">Zgodnie z ustaw\u0105 z dnia 18.07.2002 r. o \u015bwiadczeniu us\u0142ug drog\u0105 elektroniczn\u0105 (Dz.U. Nr 144, poz.1204 z p\u00f3\u017an. zm.) wyra\u017cam zgod\u0119 na przesy\u0142anie informacji handlowych drog\u0105 elektroniczn\u0105 przez MathRiders.<\/span><\/label><\/span><\/span><\/span>\n\t<\/p>\n\t<p><span class=\"wpcf7-form-control-wrap\" data-name=\"acceptance-6\"><span class=\"wpcf7-form-control wpcf7-acceptance optional\"><span class=\"wpcf7-list-item\"><label><input type=\"checkbox\" name=\"acceptance-6\" value=\"1\" aria-invalid=\"false\" \/><span class=\"wpcf7-list-item-label\">Zgodnie z art.6 ust.1 lit. a og\u00f3lnego rozporz\u0105dzenia o ochronie danych osobowych z dnia 27 kwietnia 2016 r. (Dz. Urz. UE L 119 z 04.05.2016) wyra\u017cam zgod\u0119 na przetwarzanie moich danych osobowych w celach marketingowych.<\/span><\/label><\/span><\/span><\/span>\n\t<\/p>\n<\/div>\n<p style=\"justify-content: center\"><input class=\"wpcf7-form-control wpcf7-submit has-spinner\" type=\"submit\" value=\"WY\u015aLIJ\" \/>\n<\/p><div class=\"wpcf7-response-output\" aria-hidden=\"true\"><\/div>\n<\/form>\n<\/div>\n<\/div>\n<\/div><\/div>\n\n<\/div><\/div>","protected":false},"excerpt":{"rendered":"<p>Kursy sobotnieFormularz zg\u0142oszeniowy Przewa\u017cnie w soboty w godzinach podanych poni\u017cej, zawsze przy ul. Ks I. Skorupki 41 w Z\u0105bkachw&nbsp;Centrum Nauczania Matematyki MathRiders Z\u0105bki: UWAGA: wszystkie kursy ju\u017c si\u0119 rozpocz\u0119\u0142y (by\u0142y zaj\u0119cia nr 1) &#8211; teraz jest ostatni moment na do\u0142\u0105czenie, zapewniamy dost\u0119p do materia\u0142\u00f3w z pierwszych zaj\u0119\u0107. aktualizacja 15.02.2026 r.<\/p>\n","protected":false},"author":37,"featured_media":0,"parent":0,"menu_order":0,"comment_status":"closed","ping_status":"closed","template":"","meta":{"_acf_changed":false,"_kad_blocks_custom_css":"","_kad_blocks_head_custom_js":"","_kad_blocks_body_custom_js":"","_kad_blocks_footer_custom_js":"","_kad_post_transparent":"","_kad_post_title":"","_kad_post_layout":"","_kad_post_sidebar_id":"","_kad_post_content_style":"","_kad_post_vertical_padding":"","_kad_post_feature":"","_kad_post_feature_position":"","_kad_post_header":false,"_kad_post_footer":false,"_kad_post_classname":"","footnotes":""},"class_list":["post-1167","page","type-page","status-publish","hentry"],"acf":[],"yoast_head":"<!-- This site is optimized with the Yoast SEO plugin v27.0 - https:\/\/yoast.com\/product\/yoast-seo-wordpress\/ -->\n<title>Intensywny kurs przygotowuj\u0105cy do egzaminu - formularz - Z\u0105bki<\/title>\n<meta name=\"robots\" content=\"index, follow, max-snippet:-1, max-image-preview:large, max-video-preview:-1\" \/>\n<link rel=\"canonical\" href=\"https:\/\/mathriders.pl\/zabki\/do-egzaminu-formularz\/\" \/>\n<meta property=\"og:locale\" content=\"pl_PL\" \/>\n<meta property=\"og:type\" content=\"article\" \/>\n<meta property=\"og:title\" content=\"Intensywny kurs przygotowuj\u0105cy do egzaminu - formularz - Z\u0105bki\" \/>\n<meta property=\"og:description\" content=\"Kursy sobotnieFormularz zg\u0142oszeniowy Przewa\u017cnie w soboty w godzinach podanych poni\u017cej, zawsze przy ul. Ks I. Skorupki 41 w Z\u0105bkachw&nbsp;Centrum Nauczania Matematyki MathRiders Z\u0105bki: UWAGA: wszystkie kursy ju\u017c si\u0119 rozpocz\u0119\u0142y (by\u0142y zaj\u0119cia nr 1) &#8211; teraz jest ostatni moment na do\u0142\u0105czenie, zapewniamy dost\u0119p do materia\u0142\u00f3w z pierwszych zaj\u0119\u0107. aktualizacja 15.02.2026 r.\" \/>\n<meta property=\"og:url\" content=\"https:\/\/mathriders.pl\/zabki\/do-egzaminu-formularz\/\" \/>\n<meta property=\"og:site_name\" content=\"Z\u0105bki\" \/>\n<meta property=\"article:modified_time\" content=\"2026-02-15T13:48:34+00:00\" \/>\n<meta name=\"twitter:card\" content=\"summary_large_image\" \/>\n<meta name=\"twitter:label1\" content=\"Szacowany czas czytania\" \/>\n\t<meta name=\"twitter:data1\" content=\"1 minuta\" \/>\n<script type=\"application\/ld+json\" class=\"yoast-schema-graph\">{\"@context\":\"https:\/\/schema.org\",\"@graph\":[{\"@type\":\"WebPage\",\"@id\":\"https:\/\/mathriders.pl\/zabki\/do-egzaminu-formularz\/\",\"url\":\"https:\/\/mathriders.pl\/zabki\/do-egzaminu-formularz\/\",\"name\":\"Intensywny kurs przygotowuj\u0105cy do egzaminu - formularz - Z\u0105bki\",\"isPartOf\":{\"@id\":\"https:\/\/mathriders.pl\/zabki\/#website\"},\"datePublished\":\"2025-01-14T16:34:07+00:00\",\"dateModified\":\"2026-02-15T13:48:34+00:00\",\"breadcrumb\":{\"@id\":\"https:\/\/mathriders.pl\/zabki\/do-egzaminu-formularz\/#breadcrumb\"},\"inLanguage\":\"pl-PL\",\"potentialAction\":[{\"@type\":\"ReadAction\",\"target\":[\"https:\/\/mathriders.pl\/zabki\/do-egzaminu-formularz\/\"]}]},{\"@type\":\"BreadcrumbList\",\"@id\":\"https:\/\/mathriders.pl\/zabki\/do-egzaminu-formularz\/#breadcrumb\",\"itemListElement\":[{\"@type\":\"ListItem\",\"position\":1,\"name\":\"Strona g\u0142\u00f3wna\",\"item\":\"https:\/\/mathriders.pl\/zabki\/\"},{\"@type\":\"ListItem\",\"position\":2,\"name\":\"Intensywny kurs przygotowuj\u0105cy do egzaminu &#8211; formularz\"}]},{\"@type\":\"WebSite\",\"@id\":\"https:\/\/mathriders.pl\/zabki\/#website\",\"url\":\"https:\/\/mathriders.pl\/zabki\/\",\"name\":\"Z\u0105bki\",\"description\":\"\",\"publisher\":{\"@id\":\"https:\/\/mathriders.pl\/zabki\/#organization\"},\"potentialAction\":[{\"@type\":\"SearchAction\",\"target\":{\"@type\":\"EntryPoint\",\"urlTemplate\":\"https:\/\/mathriders.pl\/zabki\/?s={search_term_string}\"},\"query-input\":{\"@type\":\"PropertyValueSpecification\",\"valueRequired\":true,\"valueName\":\"search_term_string\"}}],\"inLanguage\":\"pl-PL\"},{\"@type\":\"Organization\",\"@id\":\"https:\/\/mathriders.pl\/zabki\/#organization\",\"name\":\"Z\u0105bki\",\"url\":\"https:\/\/mathriders.pl\/zabki\/\",\"logo\":{\"@type\":\"ImageObject\",\"inLanguage\":\"pl-PL\",\"@id\":\"https:\/\/mathriders.pl\/zabki\/#\/schema\/logo\/image\/\",\"url\":\"https:\/\/mathriders.pl\/zabki\/wp-content\/uploads\/sites\/32\/2023\/11\/logo.webp\",\"contentUrl\":\"https:\/\/mathriders.pl\/zabki\/wp-content\/uploads\/sites\/32\/2023\/11\/logo.webp\",\"width\":157,\"height\":82,\"caption\":\"Z\u0105bki\"},\"image\":{\"@id\":\"https:\/\/mathriders.pl\/zabki\/#\/schema\/logo\/image\/\"}}]}<\/script>\n<!-- \/ Yoast SEO plugin. -->","yoast_head_json":{"title":"Intensywny kurs przygotowuj\u0105cy do egzaminu - formularz - Z\u0105bki","robots":{"index":"index","follow":"follow","max-snippet":"max-snippet:-1","max-image-preview":"max-image-preview:large","max-video-preview":"max-video-preview:-1"},"canonical":"https:\/\/mathriders.pl\/zabki\/do-egzaminu-formularz\/","og_locale":"pl_PL","og_type":"article","og_title":"Intensywny kurs przygotowuj\u0105cy do egzaminu - formularz - Z\u0105bki","og_description":"Kursy sobotnieFormularz zg\u0142oszeniowy Przewa\u017cnie w soboty w godzinach podanych poni\u017cej, zawsze przy ul. Ks I. Skorupki 41 w Z\u0105bkachw&nbsp;Centrum Nauczania Matematyki MathRiders Z\u0105bki: UWAGA: wszystkie kursy ju\u017c si\u0119 rozpocz\u0119\u0142y (by\u0142y zaj\u0119cia nr 1) &#8211; teraz jest ostatni moment na do\u0142\u0105czenie, zapewniamy dost\u0119p do materia\u0142\u00f3w z pierwszych zaj\u0119\u0107. aktualizacja 15.02.2026 r.","og_url":"https:\/\/mathriders.pl\/zabki\/do-egzaminu-formularz\/","og_site_name":"Z\u0105bki","article_modified_time":"2026-02-15T13:48:34+00:00","twitter_card":"summary_large_image","twitter_misc":{"Szacowany czas czytania":"1 minuta"},"schema":{"@context":"https:\/\/schema.org","@graph":[{"@type":"WebPage","@id":"https:\/\/mathriders.pl\/zabki\/do-egzaminu-formularz\/","url":"https:\/\/mathriders.pl\/zabki\/do-egzaminu-formularz\/","name":"Intensywny kurs przygotowuj\u0105cy do egzaminu - formularz - Z\u0105bki","isPartOf":{"@id":"https:\/\/mathriders.pl\/zabki\/#website"},"datePublished":"2025-01-14T16:34:07+00:00","dateModified":"2026-02-15T13:48:34+00:00","breadcrumb":{"@id":"https:\/\/mathriders.pl\/zabki\/do-egzaminu-formularz\/#breadcrumb"},"inLanguage":"pl-PL","potentialAction":[{"@type":"ReadAction","target":["https:\/\/mathriders.pl\/zabki\/do-egzaminu-formularz\/"]}]},{"@type":"BreadcrumbList","@id":"https:\/\/mathriders.pl\/zabki\/do-egzaminu-formularz\/#breadcrumb","itemListElement":[{"@type":"ListItem","position":1,"name":"Strona g\u0142\u00f3wna","item":"https:\/\/mathriders.pl\/zabki\/"},{"@type":"ListItem","position":2,"name":"Intensywny kurs przygotowuj\u0105cy do egzaminu &#8211; formularz"}]},{"@type":"WebSite","@id":"https:\/\/mathriders.pl\/zabki\/#website","url":"https:\/\/mathriders.pl\/zabki\/","name":"Z\u0105bki","description":"","publisher":{"@id":"https:\/\/mathriders.pl\/zabki\/#organization"},"potentialAction":[{"@type":"SearchAction","target":{"@type":"EntryPoint","urlTemplate":"https:\/\/mathriders.pl\/zabki\/?s={search_term_string}"},"query-input":{"@type":"PropertyValueSpecification","valueRequired":true,"valueName":"search_term_string"}}],"inLanguage":"pl-PL"},{"@type":"Organization","@id":"https:\/\/mathriders.pl\/zabki\/#organization","name":"Z\u0105bki","url":"https:\/\/mathriders.pl\/zabki\/","logo":{"@type":"ImageObject","inLanguage":"pl-PL","@id":"https:\/\/mathriders.pl\/zabki\/#\/schema\/logo\/image\/","url":"https:\/\/mathriders.pl\/zabki\/wp-content\/uploads\/sites\/32\/2023\/11\/logo.webp","contentUrl":"https:\/\/mathriders.pl\/zabki\/wp-content\/uploads\/sites\/32\/2023\/11\/logo.webp","width":157,"height":82,"caption":"Z\u0105bki"},"image":{"@id":"https:\/\/mathriders.pl\/zabki\/#\/schema\/logo\/image\/"}}]}},"taxonomy_info":[],"featured_image_src_large":false,"author_info":{"display_name":"zabki","author_link":"https:\/\/mathriders.pl\/zabki\/aktualnosci\/author\/zabki\/"},"comment_info":0,"_links":{"self":[{"href":"https:\/\/mathriders.pl\/zabki\/wp-json\/wp\/v2\/pages\/1167","targetHints":{"allow":["GET"]}}],"collection":[{"href":"https:\/\/mathriders.pl\/zabki\/wp-json\/wp\/v2\/pages"}],"about":[{"href":"https:\/\/mathriders.pl\/zabki\/wp-json\/wp\/v2\/types\/page"}],"author":[{"embeddable":true,"href":"https:\/\/mathriders.pl\/zabki\/wp-json\/wp\/v2\/users\/37"}],"replies":[{"embeddable":true,"href":"https:\/\/mathriders.pl\/zabki\/wp-json\/wp\/v2\/comments?post=1167"}],"version-history":[{"count":9,"href":"https:\/\/mathriders.pl\/zabki\/wp-json\/wp\/v2\/pages\/1167\/revisions"}],"predecessor-version":[{"id":1962,"href":"https:\/\/mathriders.pl\/zabki\/wp-json\/wp\/v2\/pages\/1167\/revisions\/1962"}],"wp:attachment":[{"href":"https:\/\/mathriders.pl\/zabki\/wp-json\/wp\/v2\/media?parent=1167"}],"curies":[{"name":"wp","href":"https:\/\/api.w.org\/{rel}","templated":true}]}}