{"id":1273,"date":"2024-08-01T00:51:55","date_gmt":"2024-07-31T22:51:55","guid":{"rendered":"https:\/\/mathriders.pl\/warszawa-bialoleka\/?page_id=1273"},"modified":"2024-08-01T00:55:49","modified_gmt":"2024-07-31T22:55:49","slug":"matematyka-w-domu","status":"publish","type":"page","link":"https:\/\/mathriders.pl\/warszawa-bialoleka\/matematyka-w-domu\/","title":{"rendered":"Matematyka w domu!"},"content":{"rendered":"\n<p style=\"margin-top:var(--wp--preset--spacing--20);margin-right:var(--wp--preset--spacing--80);margin-bottom:var(--wp--preset--spacing--20);margin-left:var(--wp--preset--spacing--80)\"><strong>Gratulujemy<\/strong>, \u017ce\u00a0korzystasz z\u00a0naszych materia\u0142\u00f3w do\u00a0\u0107wiczenia matematycznych umiej\u0119tno\u015bci w\u00a0domu!<\/p>\n\n\n\n<p><\/p>\n\n\n\n<p style=\"margin-top:var(--wp--preset--spacing--20);margin-right:var(--wp--preset--spacing--80);margin-bottom:var(--wp--preset--spacing--20);margin-left:var(--wp--preset--spacing--80)\">Chcieliby\u015bmy zach\u0119ci\u0107 Ci\u0119 tak\u017ce do\u00a0pokazania, \u017ce\u00a0matematyka jest ciekawa, przyjemna i\u00a0mo\u017cna si\u0119 w\u00a0ni\u0105 \u015bwietnie bawi\u0107 z\u00a0dzieckiem.\u00a0By\u0142o by\u00a0\u015bwietnie, gdyby\u015b\u00a0m\u00f3g\u0142\/mog\u0142a wykona\u0107\u00a0<strong>zdj\u0119cia<\/strong>\u00a0wsp\u00f3lnych domowych\u00a0<strong>zabaw matematycznych\u00a0<\/strong>i\u00a0podzieli\u0107 si\u0119 nimi z\u00a0nami.<\/p>\n\n\n<style>.kadence-column1273_aa8e4d-e3 > .kt-inside-inner-col,.kadence-column1273_aa8e4d-e3 > .kt-inside-inner-col:before{border-top-left-radius:0px;border-top-right-radius:0px;border-bottom-right-radius:0px;border-bottom-left-radius:0px;}.kadence-column1273_aa8e4d-e3 > .kt-inside-inner-col{column-gap:var(--global-kb-gap-sm, 1rem);}.kadence-column1273_aa8e4d-e3 > .kt-inside-inner-col{flex-direction:column;}.kadence-column1273_aa8e4d-e3 > .kt-inside-inner-col > .aligncenter{width:100%;}.kadence-column1273_aa8e4d-e3 > .kt-inside-inner-col:before{opacity:0.3;}.kadence-column1273_aa8e4d-e3{position:relative;}@media all and (max-width: 1024px){.kadence-column1273_aa8e4d-e3 > .kt-inside-inner-col{flex-direction:column;justify-content:center;}}@media all and (max-width: 767px){.kadence-column1273_aa8e4d-e3 > .kt-inside-inner-col{flex-direction:column;justify-content:center;}}<\/style>\n<div class=\"wp-block-kadence-column kadence-column1273_aa8e4d-e3\"><div class=\"kt-inside-inner-col\">\n<p><\/p>\n<\/div><\/div>\n\n\n<style>.kadence-column1273_cf4eed-5c > .kt-inside-inner-col,.kadence-column1273_cf4eed-5c > .kt-inside-inner-col:before{border-top-left-radius:0px;border-top-right-radius:0px;border-bottom-right-radius:0px;border-bottom-left-radius:0px;}.kadence-column1273_cf4eed-5c > .kt-inside-inner-col{column-gap:var(--global-kb-gap-sm, 1rem);}.kadence-column1273_cf4eed-5c > .kt-inside-inner-col{flex-direction:column;}.kadence-column1273_cf4eed-5c > .kt-inside-inner-col > .aligncenter{width:100%;}.kadence-column1273_cf4eed-5c > .kt-inside-inner-col:before{opacity:0.3;}.kadence-column1273_cf4eed-5c{position:relative;}@media all and (max-width: 1024px){.kadence-column1273_cf4eed-5c > .kt-inside-inner-col{flex-direction:column;justify-content:center;}}@media all and (max-width: 767px){.kadence-column1273_cf4eed-5c > .kt-inside-inner-col{flex-direction:column;justify-content:center;}}<\/style>\n<div class=\"wp-block-kadence-column kadence-column1273_cf4eed-5c\"><div class=\"kt-inside-inner-col\"><\/div><\/div>\n\n\n<style>.kadence-column1273_5e8d2b-82 > .kt-inside-inner-col,.kadence-column1273_5e8d2b-82 > .kt-inside-inner-col:before{border-top-left-radius:0px;border-top-right-radius:0px;border-bottom-right-radius:0px;border-bottom-left-radius:0px;}.kadence-column1273_5e8d2b-82 > .kt-inside-inner-col{column-gap:var(--global-kb-gap-sm, 1rem);}.kadence-column1273_5e8d2b-82 > .kt-inside-inner-col{flex-direction:column;}.kadence-column1273_5e8d2b-82 > .kt-inside-inner-col > .aligncenter{width:100%;}.kadence-column1273_5e8d2b-82 > .kt-inside-inner-col:before{opacity:0.3;}.kadence-column1273_5e8d2b-82{position:relative;}@media all and (max-width: 1024px){.kadence-column1273_5e8d2b-82 > .kt-inside-inner-col{flex-direction:column;justify-content:center;}}@media all and (max-width: 767px){.kadence-column1273_5e8d2b-82 > .kt-inside-inner-col{flex-direction:column;justify-content:center;}}<\/style>\n<div class=\"wp-block-kadence-column kadence-column1273_5e8d2b-82\"><div class=\"kt-inside-inner-col\"><\/div><\/div>\n\n\n\n<p style=\"margin-top:var(--wp--preset--spacing--20);margin-right:var(--wp--preset--spacing--80);margin-bottom:var(--wp--preset--spacing--20);margin-left:var(--wp--preset--spacing--80)\">To&nbsp;dla nas wielka rado\u015b\u0107 widzie\u0107, \u017ce&nbsp;nasze materia\u0142y s\u0105&nbsp;wykorzystywane. Jeszcze wi\u0119ksz\u0105 rado\u015bci\u0105 b\u0119dzie, je\u015bli Twoje&nbsp;zdj\u0119cie zach\u0119ci innych rodzic\u00f3w do&nbsp;wsp\u00f3lnych zabaw matematycznych z&nbsp;dzieckiem.<\/p>\n\n\n\n<p style=\"margin-top:var(--wp--preset--spacing--20);margin-right:var(--wp--preset--spacing--80);margin-bottom:var(--wp--preset--spacing--20);margin-left:var(--wp--preset--spacing--80)\">Aby doceni\u0107 Twoje\u00a0zaanga\u017cowanie, przygotowali\u015bmy dla Ciebie drobny upominek. Po\u00a0otrzymaniu Twojego\u00a0zdj\u0119cia wraz ze\u00a0zgod\u0105 na\u00a0jego wykorzystanie, zaprosimy Ci\u0119 do\u00a0<strong>odbioru ma\u0142ej niespodzianki<\/strong>\u00a0<\/p>\n\n\n<div class=\"wp-block-image\">\n<figure class=\"aligncenter\"><img decoding=\"async\" src=\"https:\/\/mathriders.pl\/warszawa-bialoleka\/wp-content\/uploads\/sites\/25\/2024\/01\/gift.svg\" alt=\"\" class=\"wp-image-460\" \/><\/figure>\n<\/div>\n\n\n<p class=\"has-theme-palette-9-color has-theme-palette-9-background-color has-text-color has-background has-link-color wp-elements-b45b4b3b1696894122cc399a2d6a0b8d\">Dzi\u0119kujemy, \u017ce&nbsp;aktywnie wspierasz swoje dziecko w&nbsp;rozwijaniu jego umiej\u0119tno\u015bci matematycznych wykorzystuj\u0105c nasze materia\u0142y&nbsp;&nbsp;Dzi\u0119ki twojemu zaanga\u017cowaniu razem pokazujemy, \u017ce&nbsp;nauka mo\u017ce by\u0107 fascynuj\u0105c\u0105 przygod\u0105!&nbsp;<\/p>\n\n\n\n<p>Dzi\u0119kujemy, \u017ce\u00a0aktywnie wspierasz swoje dziecko w\u00a0rozwijaniu jego umiej\u0119tno\u015bci matematycznych wykorzystuj\u0105c nasze materia\u0142y\u00a0\u00a0Dzi\u0119ki twojemu zaanga\u017cowaniu razem pokazujemy, \u017ce\u00a0nauka mo\u017ce by\u0107 fascynuj\u0105c\u0105 przygod\u0105!\u00a0<\/p>\n\n\n\n<p>Z&nbsp;pozdrowieniami,<\/p>\n\n\n\n<p>Zesp\u00f3\u0142 MathRiders<\/p>\n\n\n\n<h2 class=\"wp-block-heading\"><\/h2>\n\n\n\n<p><a href=\"https:\/\/mathriders.pl\/warszawa-bialoleka\/aktualnosci\/dzien-otwarty-i-zapisy-na-rok-szkolny-2024-25\/\"><\/a><\/p>\n\n\n\n<p><a href=\"https:\/\/mathriders.pl\/warszawa-bialoleka\/aktualnosci\/dzien-otwarty-i-zapisy-na-rok-szkolny-2024-25\/\"><small><\/small><\/a><\/p>\n\n\n<style>.kadence-column1273_ebd7fb-56 > .kt-inside-inner-col,.kadence-column1273_ebd7fb-56 > .kt-inside-inner-col:before{border-top-left-radius:0px;border-top-right-radius:0px;border-bottom-right-radius:0px;border-bottom-left-radius:0px;}.kadence-column1273_ebd7fb-56 > .kt-inside-inner-col{column-gap:var(--global-kb-gap-sm, 1rem);}.kadence-column1273_ebd7fb-56 > .kt-inside-inner-col{flex-direction:column;}.kadence-column1273_ebd7fb-56 > .kt-inside-inner-col > .aligncenter{width:100%;}.kadence-column1273_ebd7fb-56 > .kt-inside-inner-col:before{opacity:0.3;}.kadence-column1273_ebd7fb-56{position:relative;}@media all and (max-width: 1024px){.kadence-column1273_ebd7fb-56 > .kt-inside-inner-col{flex-direction:column;justify-content:center;}}@media all and (max-width: 767px){.kadence-column1273_ebd7fb-56 > .kt-inside-inner-col{flex-direction:column;justify-content:center;}}<\/style>\n<div class=\"wp-block-kadence-column kadence-column1273_ebd7fb-56\"><div class=\"kt-inside-inner-col\"><\/div><\/div>\n\n\n<style>.kadence-column1273_0ac44f-79 > .kt-inside-inner-col,.kadence-column1273_0ac44f-79 > .kt-inside-inner-col:before{border-top-left-radius:0px;border-top-right-radius:0px;border-bottom-right-radius:0px;border-bottom-left-radius:0px;}.kadence-column1273_0ac44f-79 > .kt-inside-inner-col{column-gap:var(--global-kb-gap-sm, 1rem);}.kadence-column1273_0ac44f-79 > .kt-inside-inner-col{flex-direction:column;}.kadence-column1273_0ac44f-79 > .kt-inside-inner-col > .aligncenter{width:100%;}.kadence-column1273_0ac44f-79 > .kt-inside-inner-col:before{opacity:0.3;}.kadence-column1273_0ac44f-79{position:relative;}@media all and (max-width: 1024px){.kadence-column1273_0ac44f-79 > .kt-inside-inner-col{flex-direction:column;justify-content:center;}}@media all and (max-width: 767px){.kadence-column1273_0ac44f-79 > .kt-inside-inner-col{flex-direction:column;justify-content:center;}}<\/style>\n<div class=\"wp-block-kadence-column kadence-column1273_0ac44f-79\"><div class=\"kt-inside-inner-col\"><\/div><\/div>\n","protected":false},"excerpt":{"rendered":"<p>Gratulujemy, \u017ce\u00a0korzystasz z\u00a0naszych materia\u0142\u00f3w do\u00a0\u0107wiczenia matematycznych umiej\u0119tno\u015bci w\u00a0domu! Chcieliby\u015bmy zach\u0119ci\u0107 Ci\u0119 tak\u017ce do\u00a0pokazania, \u017ce\u00a0matematyka jest ciekawa, przyjemna i\u00a0mo\u017cna si\u0119 w\u00a0ni\u0105 \u015bwietnie bawi\u0107 z\u00a0dzieckiem.\u00a0By\u0142o by\u00a0\u015bwietnie, gdyby\u015b\u00a0m\u00f3g\u0142\/mog\u0142a wykona\u0107\u00a0zdj\u0119cia\u00a0wsp\u00f3lnych domowych\u00a0zabaw matematycznych\u00a0i\u00a0podzieli\u0107 si\u0119 nimi z\u00a0nami. To&nbsp;dla nas wielka rado\u015b\u0107 widzie\u0107, \u017ce&nbsp;nasze materia\u0142y s\u0105&nbsp;wykorzystywane. Jeszcze wi\u0119ksz\u0105 rado\u015bci\u0105 b\u0119dzie, je\u015bli Twoje&nbsp;zdj\u0119cie zach\u0119ci innych rodzic\u00f3w do&nbsp;wsp\u00f3lnych zabaw matematycznych z&nbsp;dzieckiem. Aby doceni\u0107 Twoje\u00a0zaanga\u017cowanie,&#8230;<\/p>\n","protected":false},"author":27,"featured_media":0,"parent":0,"menu_order":0,"comment_status":"closed","ping_status":"closed","template":"","meta":{"_acf_changed":false,"_kad_blocks_custom_css":"","_kad_blocks_head_custom_js":"","_kad_blocks_body_custom_js":"","_kad_blocks_footer_custom_js":"","_kad_post_transparent":"","_kad_post_title":"hide","_kad_post_layout":"normal","_kad_post_sidebar_id":"","_kad_post_content_style":"","_kad_post_vertical_padding":"","_kad_post_feature":"hide","_kad_post_feature_position":"","_kad_post_header":true,"_kad_post_footer":false,"_kad_post_classname":"","footnotes":""},"class_list":["post-1273","page","type-page","status-publish","hentry"],"acf":[],"yoast_head":"<!-- This site is optimized with the Yoast SEO plugin v27.0 - https:\/\/yoast.com\/product\/yoast-seo-wordpress\/ -->\n<title>Matematyka w domu! - Warszawa Bia\u0142o\u0142\u0119ka<\/title>\n<meta name=\"robots\" content=\"index, follow, max-snippet:-1, max-image-preview:large, max-video-preview:-1\" \/>\n<link rel=\"canonical\" href=\"https:\/\/mathriders.pl\/warszawa-bialoleka\/matematyka-w-domu\/\" \/>\n<meta property=\"og:locale\" content=\"pl_PL\" \/>\n<meta property=\"og:type\" content=\"article\" \/>\n<meta property=\"og:title\" content=\"Matematyka w domu! - Warszawa Bia\u0142o\u0142\u0119ka\" \/>\n<meta property=\"og:description\" content=\"Gratulujemy, \u017ce\u00a0korzystasz z\u00a0naszych materia\u0142\u00f3w do\u00a0\u0107wiczenia matematycznych umiej\u0119tno\u015bci w\u00a0domu! Chcieliby\u015bmy zach\u0119ci\u0107 Ci\u0119 tak\u017ce do\u00a0pokazania, \u017ce\u00a0matematyka jest ciekawa, przyjemna i\u00a0mo\u017cna si\u0119 w\u00a0ni\u0105 \u015bwietnie bawi\u0107 z\u00a0dzieckiem.\u00a0By\u0142o by\u00a0\u015bwietnie, gdyby\u015b\u00a0m\u00f3g\u0142\/mog\u0142a wykona\u0107\u00a0zdj\u0119cia\u00a0wsp\u00f3lnych domowych\u00a0zabaw matematycznych\u00a0i\u00a0podzieli\u0107 si\u0119 nimi z\u00a0nami. To&nbsp;dla nas wielka rado\u015b\u0107 widzie\u0107, \u017ce&nbsp;nasze materia\u0142y s\u0105&nbsp;wykorzystywane. Jeszcze wi\u0119ksz\u0105 rado\u015bci\u0105 b\u0119dzie, je\u015bli Twoje&nbsp;zdj\u0119cie zach\u0119ci innych rodzic\u00f3w do&nbsp;wsp\u00f3lnych zabaw matematycznych z&nbsp;dzieckiem. Aby doceni\u0107 Twoje\u00a0zaanga\u017cowanie,...\" \/>\n<meta property=\"og:url\" content=\"https:\/\/mathriders.pl\/warszawa-bialoleka\/matematyka-w-domu\/\" \/>\n<meta property=\"og:site_name\" content=\"Warszawa Bia\u0142o\u0142\u0119ka\" \/>\n<meta property=\"article:modified_time\" content=\"2024-07-31T22:55:49+00:00\" \/>\n<meta property=\"og:image\" content=\"https:\/\/mathriders.pl\/warszawa-bialoleka\/wp-content\/uploads\/sites\/25\/2024\/01\/gift.svg\" \/>\n<meta name=\"twitter:card\" content=\"summary_large_image\" \/>\n<meta name=\"twitter:label1\" content=\"Szacowany czas czytania\" \/>\n\t<meta name=\"twitter:data1\" content=\"2 minuty\" \/>\n<script type=\"application\/ld+json\" class=\"yoast-schema-graph\">{\"@context\":\"https:\/\/schema.org\",\"@graph\":[{\"@type\":\"WebPage\",\"@id\":\"https:\/\/mathriders.pl\/warszawa-bialoleka\/matematyka-w-domu\/\",\"url\":\"https:\/\/mathriders.pl\/warszawa-bialoleka\/matematyka-w-domu\/\",\"name\":\"Matematyka w domu! - Warszawa Bia\u0142o\u0142\u0119ka\",\"isPartOf\":{\"@id\":\"https:\/\/mathriders.pl\/warszawa-bialoleka\/#website\"},\"primaryImageOfPage\":{\"@id\":\"https:\/\/mathriders.pl\/warszawa-bialoleka\/matematyka-w-domu\/#primaryimage\"},\"image\":{\"@id\":\"https:\/\/mathriders.pl\/warszawa-bialoleka\/matematyka-w-domu\/#primaryimage\"},\"thumbnailUrl\":\"https:\/\/mathriders.pl\/warszawa-bialoleka\/wp-content\/uploads\/sites\/25\/2024\/01\/gift.svg\",\"datePublished\":\"2024-07-31T22:51:55+00:00\",\"dateModified\":\"2024-07-31T22:55:49+00:00\",\"breadcrumb\":{\"@id\":\"https:\/\/mathriders.pl\/warszawa-bialoleka\/matematyka-w-domu\/#breadcrumb\"},\"inLanguage\":\"pl-PL\",\"potentialAction\":[{\"@type\":\"ReadAction\",\"target\":[\"https:\/\/mathriders.pl\/warszawa-bialoleka\/matematyka-w-domu\/\"]}]},{\"@type\":\"ImageObject\",\"inLanguage\":\"pl-PL\",\"@id\":\"https:\/\/mathriders.pl\/warszawa-bialoleka\/matematyka-w-domu\/#primaryimage\",\"url\":\"https:\/\/mathriders.pl\/warszawa-bialoleka\/wp-content\/uploads\/sites\/25\/2024\/01\/gift.svg\",\"contentUrl\":\"https:\/\/mathriders.pl\/warszawa-bialoleka\/wp-content\/uploads\/sites\/25\/2024\/01\/gift.svg\"},{\"@type\":\"BreadcrumbList\",\"@id\":\"https:\/\/mathriders.pl\/warszawa-bialoleka\/matematyka-w-domu\/#breadcrumb\",\"itemListElement\":[{\"@type\":\"ListItem\",\"position\":1,\"name\":\"Strona g\u0142\u00f3wna\",\"item\":\"https:\/\/mathriders.pl\/warszawa-bialoleka\/\"},{\"@type\":\"ListItem\",\"position\":2,\"name\":\"Matematyka w domu!\"}]},{\"@type\":\"WebSite\",\"@id\":\"https:\/\/mathriders.pl\/warszawa-bialoleka\/#website\",\"url\":\"https:\/\/mathriders.pl\/warszawa-bialoleka\/\",\"name\":\"Warszawa Bia\u0142o\u0142\u0119ka\",\"description\":\"\",\"publisher\":{\"@id\":\"https:\/\/mathriders.pl\/warszawa-bialoleka\/#organization\"},\"potentialAction\":[{\"@type\":\"SearchAction\",\"target\":{\"@type\":\"EntryPoint\",\"urlTemplate\":\"https:\/\/mathriders.pl\/warszawa-bialoleka\/?s={search_term_string}\"},\"query-input\":{\"@type\":\"PropertyValueSpecification\",\"valueRequired\":true,\"valueName\":\"search_term_string\"}}],\"inLanguage\":\"pl-PL\"},{\"@type\":\"Organization\",\"@id\":\"https:\/\/mathriders.pl\/warszawa-bialoleka\/#organization\",\"name\":\"Warszawa Bia\u0142o\u0142\u0119ka\",\"url\":\"https:\/\/mathriders.pl\/warszawa-bialoleka\/\",\"logo\":{\"@type\":\"ImageObject\",\"inLanguage\":\"pl-PL\",\"@id\":\"https:\/\/mathriders.pl\/warszawa-bialoleka\/#\/schema\/logo\/image\/\",\"url\":\"https:\/\/mathriders.pl\/warszawa-bialoleka\/wp-content\/uploads\/sites\/25\/2023\/11\/logo.webp\",\"contentUrl\":\"https:\/\/mathriders.pl\/warszawa-bialoleka\/wp-content\/uploads\/sites\/25\/2023\/11\/logo.webp\",\"width\":157,\"height\":82,\"caption\":\"Warszawa Bia\u0142o\u0142\u0119ka\"},\"image\":{\"@id\":\"https:\/\/mathriders.pl\/warszawa-bialoleka\/#\/schema\/logo\/image\/\"}}]}<\/script>\n<!-- \/ Yoast SEO plugin. -->","yoast_head_json":{"title":"Matematyka w domu! - Warszawa Bia\u0142o\u0142\u0119ka","robots":{"index":"index","follow":"follow","max-snippet":"max-snippet:-1","max-image-preview":"max-image-preview:large","max-video-preview":"max-video-preview:-1"},"canonical":"https:\/\/mathriders.pl\/warszawa-bialoleka\/matematyka-w-domu\/","og_locale":"pl_PL","og_type":"article","og_title":"Matematyka w domu! - Warszawa Bia\u0142o\u0142\u0119ka","og_description":"Gratulujemy, \u017ce\u00a0korzystasz z\u00a0naszych materia\u0142\u00f3w do\u00a0\u0107wiczenia matematycznych umiej\u0119tno\u015bci w\u00a0domu! Chcieliby\u015bmy zach\u0119ci\u0107 Ci\u0119 tak\u017ce do\u00a0pokazania, \u017ce\u00a0matematyka jest ciekawa, przyjemna i\u00a0mo\u017cna si\u0119 w\u00a0ni\u0105 \u015bwietnie bawi\u0107 z\u00a0dzieckiem.\u00a0By\u0142o by\u00a0\u015bwietnie, gdyby\u015b\u00a0m\u00f3g\u0142\/mog\u0142a wykona\u0107\u00a0zdj\u0119cia\u00a0wsp\u00f3lnych domowych\u00a0zabaw matematycznych\u00a0i\u00a0podzieli\u0107 si\u0119 nimi z\u00a0nami. To&nbsp;dla nas wielka rado\u015b\u0107 widzie\u0107, \u017ce&nbsp;nasze materia\u0142y s\u0105&nbsp;wykorzystywane. Jeszcze wi\u0119ksz\u0105 rado\u015bci\u0105 b\u0119dzie, je\u015bli Twoje&nbsp;zdj\u0119cie zach\u0119ci innych rodzic\u00f3w do&nbsp;wsp\u00f3lnych zabaw matematycznych z&nbsp;dzieckiem. Aby doceni\u0107 Twoje\u00a0zaanga\u017cowanie,...","og_url":"https:\/\/mathriders.pl\/warszawa-bialoleka\/matematyka-w-domu\/","og_site_name":"Warszawa Bia\u0142o\u0142\u0119ka","article_modified_time":"2024-07-31T22:55:49+00:00","og_image":[{"url":"https:\/\/mathriders.pl\/warszawa-bialoleka\/wp-content\/uploads\/sites\/25\/2024\/01\/gift.svg","type":"","width":"","height":""}],"twitter_card":"summary_large_image","twitter_misc":{"Szacowany czas czytania":"2 minuty"},"schema":{"@context":"https:\/\/schema.org","@graph":[{"@type":"WebPage","@id":"https:\/\/mathriders.pl\/warszawa-bialoleka\/matematyka-w-domu\/","url":"https:\/\/mathriders.pl\/warszawa-bialoleka\/matematyka-w-domu\/","name":"Matematyka w domu! - Warszawa Bia\u0142o\u0142\u0119ka","isPartOf":{"@id":"https:\/\/mathriders.pl\/warszawa-bialoleka\/#website"},"primaryImageOfPage":{"@id":"https:\/\/mathriders.pl\/warszawa-bialoleka\/matematyka-w-domu\/#primaryimage"},"image":{"@id":"https:\/\/mathriders.pl\/warszawa-bialoleka\/matematyka-w-domu\/#primaryimage"},"thumbnailUrl":"https:\/\/mathriders.pl\/warszawa-bialoleka\/wp-content\/uploads\/sites\/25\/2024\/01\/gift.svg","datePublished":"2024-07-31T22:51:55+00:00","dateModified":"2024-07-31T22:55:49+00:00","breadcrumb":{"@id":"https:\/\/mathriders.pl\/warszawa-bialoleka\/matematyka-w-domu\/#breadcrumb"},"inLanguage":"pl-PL","potentialAction":[{"@type":"ReadAction","target":["https:\/\/mathriders.pl\/warszawa-bialoleka\/matematyka-w-domu\/"]}]},{"@type":"ImageObject","inLanguage":"pl-PL","@id":"https:\/\/mathriders.pl\/warszawa-bialoleka\/matematyka-w-domu\/#primaryimage","url":"https:\/\/mathriders.pl\/warszawa-bialoleka\/wp-content\/uploads\/sites\/25\/2024\/01\/gift.svg","contentUrl":"https:\/\/mathriders.pl\/warszawa-bialoleka\/wp-content\/uploads\/sites\/25\/2024\/01\/gift.svg"},{"@type":"BreadcrumbList","@id":"https:\/\/mathriders.pl\/warszawa-bialoleka\/matematyka-w-domu\/#breadcrumb","itemListElement":[{"@type":"ListItem","position":1,"name":"Strona g\u0142\u00f3wna","item":"https:\/\/mathriders.pl\/warszawa-bialoleka\/"},{"@type":"ListItem","position":2,"name":"Matematyka w domu!"}]},{"@type":"WebSite","@id":"https:\/\/mathriders.pl\/warszawa-bialoleka\/#website","url":"https:\/\/mathriders.pl\/warszawa-bialoleka\/","name":"Warszawa Bia\u0142o\u0142\u0119ka","description":"","publisher":{"@id":"https:\/\/mathriders.pl\/warszawa-bialoleka\/#organization"},"potentialAction":[{"@type":"SearchAction","target":{"@type":"EntryPoint","urlTemplate":"https:\/\/mathriders.pl\/warszawa-bialoleka\/?s={search_term_string}"},"query-input":{"@type":"PropertyValueSpecification","valueRequired":true,"valueName":"search_term_string"}}],"inLanguage":"pl-PL"},{"@type":"Organization","@id":"https:\/\/mathriders.pl\/warszawa-bialoleka\/#organization","name":"Warszawa Bia\u0142o\u0142\u0119ka","url":"https:\/\/mathriders.pl\/warszawa-bialoleka\/","logo":{"@type":"ImageObject","inLanguage":"pl-PL","@id":"https:\/\/mathriders.pl\/warszawa-bialoleka\/#\/schema\/logo\/image\/","url":"https:\/\/mathriders.pl\/warszawa-bialoleka\/wp-content\/uploads\/sites\/25\/2023\/11\/logo.webp","contentUrl":"https:\/\/mathriders.pl\/warszawa-bialoleka\/wp-content\/uploads\/sites\/25\/2023\/11\/logo.webp","width":157,"height":82,"caption":"Warszawa Bia\u0142o\u0142\u0119ka"},"image":{"@id":"https:\/\/mathriders.pl\/warszawa-bialoleka\/#\/schema\/logo\/image\/"}}]}},"taxonomy_info":[],"featured_image_src_large":false,"author_info":{"display_name":"bialoleka","author_link":"https:\/\/mathriders.pl\/warszawa-bialoleka\/aktualnosci\/author\/bialoleka\/"},"comment_info":0,"_links":{"self":[{"href":"https:\/\/mathriders.pl\/warszawa-bialoleka\/wp-json\/wp\/v2\/pages\/1273","targetHints":{"allow":["GET"]}}],"collection":[{"href":"https:\/\/mathriders.pl\/warszawa-bialoleka\/wp-json\/wp\/v2\/pages"}],"about":[{"href":"https:\/\/mathriders.pl\/warszawa-bialoleka\/wp-json\/wp\/v2\/types\/page"}],"author":[{"embeddable":true,"href":"https:\/\/mathriders.pl\/warszawa-bialoleka\/wp-json\/wp\/v2\/users\/27"}],"replies":[{"embeddable":true,"href":"https:\/\/mathriders.pl\/warszawa-bialoleka\/wp-json\/wp\/v2\/comments?post=1273"}],"version-history":[{"count":5,"href":"https:\/\/mathriders.pl\/warszawa-bialoleka\/wp-json\/wp\/v2\/pages\/1273\/revisions"}],"predecessor-version":[{"id":1280,"href":"https:\/\/mathriders.pl\/warszawa-bialoleka\/wp-json\/wp\/v2\/pages\/1273\/revisions\/1280"}],"wp:attachment":[{"href":"https:\/\/mathriders.pl\/warszawa-bialoleka\/wp-json\/wp\/v2\/media?parent=1273"}],"curies":[{"name":"wp","href":"https:\/\/api.w.org\/{rel}","templated":true}]}}