{"id":474,"date":"2024-04-04T14:19:47","date_gmt":"2024-04-04T12:19:47","guid":{"rendered":"https:\/\/mathriders.pl\/poznan-piatkowo\/?page_id=474"},"modified":"2024-04-04T14:19:49","modified_gmt":"2024-04-04T12:19:49","slug":"dane-firmowe","status":"publish","type":"page","link":"https:\/\/mathriders.pl\/poznan-piatkowo\/dane-firmowe\/","title":{"rendered":"Dane firmowe"},"content":{"rendered":"<style>.kb-row-layout-id474_b7491f-56 > .kt-row-column-wrap{align-content:start;}:where(.kb-row-layout-id474_b7491f-56 > .kt-row-column-wrap) > .wp-block-kadence-column{justify-content:start;}.kb-row-layout-id474_b7491f-56 > .kt-row-column-wrap{column-gap:var(--global-kb-gap-md, 2rem);row-gap:var(--global-kb-gap-md, 2rem);max-width:var( --global-content-width, 1290px );padding-left:var(--global-content-edge-padding);padding-right:var(--global-content-edge-padding);padding-top:var(--global-kb-spacing-5xl, 10rem);padding-bottom:var(--global-kb-spacing-lg, 3rem);grid-template-columns:minmax(0, 1fr);}.kb-row-layout-id474_b7491f-56 > .kt-row-layout-overlay{opacity:0.30;}@media all and (max-width: 1024px){.kb-row-layout-id474_b7491f-56 > .kt-row-column-wrap{grid-template-columns:minmax(0, 1fr);}}@media all and (max-width: 767px){.kb-row-layout-id474_b7491f-56 > .kt-row-column-wrap{grid-template-columns:minmax(0, 1fr);}}<\/style><div class=\"kb-row-layout-wrap kb-row-layout-id474_b7491f-56 alignfull wp-block-kadence-rowlayout\"><div class=\"kt-row-column-wrap kt-has-1-columns kt-row-layout-equal kt-tab-layout-inherit kt-mobile-layout-row kt-row-valign-top kb-theme-content-width\">\n<style>.kadence-column474_5770ed-20 > .kt-inside-inner-col,.kadence-column474_5770ed-20 > .kt-inside-inner-col:before{border-top-left-radius:0px;border-top-right-radius:0px;border-bottom-right-radius:0px;border-bottom-left-radius:0px;}.kadence-column474_5770ed-20 > .kt-inside-inner-col{column-gap:var(--global-kb-gap-sm, 1rem);}.kadence-column474_5770ed-20 > .kt-inside-inner-col{flex-direction:column;}.kadence-column474_5770ed-20 > .kt-inside-inner-col > .aligncenter{width:100%;}.kadence-column474_5770ed-20 > .kt-inside-inner-col:before{opacity:0.3;}.kadence-column474_5770ed-20{position:relative;}@media all and (max-width: 1024px){.kadence-column474_5770ed-20 > .kt-inside-inner-col{flex-direction:column;justify-content:center;}}@media all and (max-width: 767px){.kadence-column474_5770ed-20 > .kt-inside-inner-col{flex-direction:column;justify-content:center;}}<\/style>\n<div class=\"wp-block-kadence-column kadence-column474_5770ed-20\"><div class=\"kt-inside-inner-col\"><style>.wp-block-kadence-advancedheading.kt-adv-heading474_254af3-99, .wp-block-kadence-advancedheading.kt-adv-heading474_254af3-99[data-kb-block=\"kb-adv-heading474_254af3-99\"]{text-align:center;font-weight:400;font-style:normal;font-family:Poppins;}.wp-block-kadence-advancedheading.kt-adv-heading474_254af3-99 mark.kt-highlight, .wp-block-kadence-advancedheading.kt-adv-heading474_254af3-99[data-kb-block=\"kb-adv-heading474_254af3-99\"] mark.kt-highlight{font-style:normal;color:#f76a0c;-webkit-box-decoration-break:clone;box-decoration-break:clone;padding-top:0px;padding-right:0px;padding-bottom:0px;padding-left:0px;}.wp-block-kadence-advancedheading.kt-adv-heading474_254af3-99 img.kb-inline-image, .wp-block-kadence-advancedheading.kt-adv-heading474_254af3-99[data-kb-block=\"kb-adv-heading474_254af3-99\"] img.kb-inline-image{width:150px;vertical-align:baseline;}<\/style>\n<h1 class=\"kt-adv-heading474_254af3-99 wp-block-kadence-advancedheading\" data-kb-block=\"kb-adv-heading474_254af3-99\"><strong>Dane firmowe <\/strong><\/h1>\n\n\n<style>.wp-block-kadence-advancedheading.kt-adv-heading474_c3f0dc-b6, .wp-block-kadence-advancedheading.kt-adv-heading474_c3f0dc-b6[data-kb-block=\"kb-adv-heading474_c3f0dc-b6\"]{text-align:center;font-size:30px;line-height:1.6em;font-weight:400;font-style:normal;font-family:Poppins;}.wp-block-kadence-advancedheading.kt-adv-heading474_c3f0dc-b6 mark.kt-highlight, .wp-block-kadence-advancedheading.kt-adv-heading474_c3f0dc-b6[data-kb-block=\"kb-adv-heading474_c3f0dc-b6\"] mark.kt-highlight{font-style:normal;color:#f76a0c;-webkit-box-decoration-break:clone;box-decoration-break:clone;padding-top:0px;padding-right:0px;padding-bottom:0px;padding-left:0px;}.wp-block-kadence-advancedheading.kt-adv-heading474_c3f0dc-b6 img.kb-inline-image, .wp-block-kadence-advancedheading.kt-adv-heading474_c3f0dc-b6[data-kb-block=\"kb-adv-heading474_c3f0dc-b6\"] img.kb-inline-image{width:150px;vertical-align:baseline;}@media all and (max-width: 1024px){.wp-block-kadence-advancedheading.kt-adv-heading474_c3f0dc-b6, .wp-block-kadence-advancedheading.kt-adv-heading474_c3f0dc-b6[data-kb-block=\"kb-adv-heading474_c3f0dc-b6\"]{font-size:24px;}}<\/style>\n<h2 class=\"kt-adv-heading474_c3f0dc-b6 wp-block-kadence-advancedheading\" data-kb-block=\"kb-adv-heading474_c3f0dc-b6\">Centrum Edukacyjne Wiedzobranie.pl Magdalena Ku\u015bnierek<\/h2>\n\n\n<style>.wp-block-kadence-advancedheading.kt-adv-heading474_3d1ba2-fa, .wp-block-kadence-advancedheading.kt-adv-heading474_3d1ba2-fa[data-kb-block=\"kb-adv-heading474_3d1ba2-fa\"]{text-align:center;font-size:30px;line-height:1.6em;font-weight:400;font-style:normal;font-family:Poppins;}.wp-block-kadence-advancedheading.kt-adv-heading474_3d1ba2-fa mark.kt-highlight, .wp-block-kadence-advancedheading.kt-adv-heading474_3d1ba2-fa[data-kb-block=\"kb-adv-heading474_3d1ba2-fa\"] mark.kt-highlight{font-style:normal;color:#f76a0c;-webkit-box-decoration-break:clone;box-decoration-break:clone;padding-top:0px;padding-right:0px;padding-bottom:0px;padding-left:0px;}.wp-block-kadence-advancedheading.kt-adv-heading474_3d1ba2-fa img.kb-inline-image, .wp-block-kadence-advancedheading.kt-adv-heading474_3d1ba2-fa[data-kb-block=\"kb-adv-heading474_3d1ba2-fa\"] img.kb-inline-image{width:150px;vertical-align:baseline;}@media all and (max-width: 1024px){.wp-block-kadence-advancedheading.kt-adv-heading474_3d1ba2-fa, .wp-block-kadence-advancedheading.kt-adv-heading474_3d1ba2-fa[data-kb-block=\"kb-adv-heading474_3d1ba2-fa\"]{font-size:24px;}}<\/style>\n<h2 class=\"kt-adv-heading474_3d1ba2-fa wp-block-kadence-advancedheading\" data-kb-block=\"kb-adv-heading474_3d1ba2-fa\">Os. B. \u015amia\u0142ego 16, 60-682 Pozna\u0144 <br>NIP 7771828752<\/h2>\n<\/div><\/div>\n\n<\/div><\/div>","protected":false},"excerpt":{"rendered":"<p>Dane firmowe Centrum Edukacyjne Wiedzobranie.pl Magdalena Ku\u015bnierek Os. B. \u015amia\u0142ego 16, 60-682 Pozna\u0144 NIP 7771828752<\/p>\n","protected":false},"author":6,"featured_media":0,"parent":0,"menu_order":0,"comment_status":"closed","ping_status":"closed","template":"","meta":{"_acf_changed":false,"_kad_blocks_custom_css":"","_kad_blocks_head_custom_js":"","_kad_blocks_body_custom_js":"","_kad_blocks_footer_custom_js":"","_kad_post_transparent":"","_kad_post_title":"","_kad_post_layout":"","_kad_post_sidebar_id":"","_kad_post_content_style":"","_kad_post_vertical_padding":"","_kad_post_feature":"","_kad_post_feature_position":"","_kad_post_header":false,"_kad_post_footer":false,"_kad_post_classname":"","footnotes":""},"class_list":["post-474","page","type-page","status-publish","hentry"],"acf":[],"yoast_head":"<!-- This site is optimized with the Yoast SEO plugin v27.0 - https:\/\/yoast.com\/product\/yoast-seo-wordpress\/ -->\n<title>Dane firmowe - Pozna\u0144 Pi\u0105tkowo<\/title>\n<meta name=\"robots\" content=\"index, follow, max-snippet:-1, max-image-preview:large, max-video-preview:-1\" \/>\n<link rel=\"canonical\" href=\"https:\/\/mathriders.pl\/poznan-piatkowo\/dane-firmowe\/\" \/>\n<meta property=\"og:locale\" content=\"pl_PL\" \/>\n<meta property=\"og:type\" content=\"article\" \/>\n<meta property=\"og:title\" content=\"Dane firmowe - Pozna\u0144 Pi\u0105tkowo\" \/>\n<meta property=\"og:description\" content=\"Dane firmowe Centrum Edukacyjne Wiedzobranie.pl Magdalena Ku\u015bnierek Os. B. \u015amia\u0142ego 16, 60-682 Pozna\u0144 NIP 7771828752\" \/>\n<meta property=\"og:url\" content=\"https:\/\/mathriders.pl\/poznan-piatkowo\/dane-firmowe\/\" \/>\n<meta property=\"og:site_name\" content=\"Pozna\u0144 Pi\u0105tkowo\" \/>\n<meta property=\"article:modified_time\" content=\"2024-04-04T12:19:49+00:00\" \/>\n<meta name=\"twitter:card\" content=\"summary_large_image\" \/>\n<meta name=\"twitter:label1\" content=\"Szacowany czas czytania\" \/>\n\t<meta name=\"twitter:data1\" content=\"1 minuta\" \/>\n<script type=\"application\/ld+json\" class=\"yoast-schema-graph\">{\"@context\":\"https:\/\/schema.org\",\"@graph\":[{\"@type\":\"WebPage\",\"@id\":\"https:\/\/mathriders.pl\/poznan-piatkowo\/dane-firmowe\/\",\"url\":\"https:\/\/mathriders.pl\/poznan-piatkowo\/dane-firmowe\/\",\"name\":\"Dane firmowe - Pozna\u0144 Pi\u0105tkowo\",\"isPartOf\":{\"@id\":\"https:\/\/mathriders.pl\/poznan-piatkowo\/#website\"},\"datePublished\":\"2024-04-04T12:19:47+00:00\",\"dateModified\":\"2024-04-04T12:19:49+00:00\",\"breadcrumb\":{\"@id\":\"https:\/\/mathriders.pl\/poznan-piatkowo\/dane-firmowe\/#breadcrumb\"},\"inLanguage\":\"pl-PL\",\"potentialAction\":[{\"@type\":\"ReadAction\",\"target\":[\"https:\/\/mathriders.pl\/poznan-piatkowo\/dane-firmowe\/\"]}]},{\"@type\":\"BreadcrumbList\",\"@id\":\"https:\/\/mathriders.pl\/poznan-piatkowo\/dane-firmowe\/#breadcrumb\",\"itemListElement\":[{\"@type\":\"ListItem\",\"position\":1,\"name\":\"Strona g\u0142\u00f3wna\",\"item\":\"https:\/\/mathriders.pl\/poznan-piatkowo\/\"},{\"@type\":\"ListItem\",\"position\":2,\"name\":\"Dane firmowe\"}]},{\"@type\":\"WebSite\",\"@id\":\"https:\/\/mathriders.pl\/poznan-piatkowo\/#website\",\"url\":\"https:\/\/mathriders.pl\/poznan-piatkowo\/\",\"name\":\"Pozna\u0144 Pi\u0105tkowo\",\"description\":\"\",\"publisher\":{\"@id\":\"https:\/\/mathriders.pl\/poznan-piatkowo\/#organization\"},\"potentialAction\":[{\"@type\":\"SearchAction\",\"target\":{\"@type\":\"EntryPoint\",\"urlTemplate\":\"https:\/\/mathriders.pl\/poznan-piatkowo\/?s={search_term_string}\"},\"query-input\":{\"@type\":\"PropertyValueSpecification\",\"valueRequired\":true,\"valueName\":\"search_term_string\"}}],\"inLanguage\":\"pl-PL\"},{\"@type\":\"Organization\",\"@id\":\"https:\/\/mathriders.pl\/poznan-piatkowo\/#organization\",\"name\":\"Pozna\u0144 Pi\u0105tkowo\",\"url\":\"https:\/\/mathriders.pl\/poznan-piatkowo\/\",\"logo\":{\"@type\":\"ImageObject\",\"inLanguage\":\"pl-PL\",\"@id\":\"https:\/\/mathriders.pl\/poznan-piatkowo\/#\/schema\/logo\/image\/\",\"url\":\"https:\/\/mathriders.pl\/poznan-piatkowo\/wp-content\/uploads\/sites\/49\/2023\/11\/logo.webp\",\"contentUrl\":\"https:\/\/mathriders.pl\/poznan-piatkowo\/wp-content\/uploads\/sites\/49\/2023\/11\/logo.webp\",\"width\":157,\"height\":82,\"caption\":\"Pozna\u0144 Pi\u0105tkowo\"},\"image\":{\"@id\":\"https:\/\/mathriders.pl\/poznan-piatkowo\/#\/schema\/logo\/image\/\"}}]}<\/script>\n<!-- \/ Yoast SEO plugin. -->","yoast_head_json":{"title":"Dane firmowe - Pozna\u0144 Pi\u0105tkowo","robots":{"index":"index","follow":"follow","max-snippet":"max-snippet:-1","max-image-preview":"max-image-preview:large","max-video-preview":"max-video-preview:-1"},"canonical":"https:\/\/mathriders.pl\/poznan-piatkowo\/dane-firmowe\/","og_locale":"pl_PL","og_type":"article","og_title":"Dane firmowe - Pozna\u0144 Pi\u0105tkowo","og_description":"Dane firmowe Centrum Edukacyjne Wiedzobranie.pl Magdalena Ku\u015bnierek Os. B. \u015amia\u0142ego 16, 60-682 Pozna\u0144 NIP 7771828752","og_url":"https:\/\/mathriders.pl\/poznan-piatkowo\/dane-firmowe\/","og_site_name":"Pozna\u0144 Pi\u0105tkowo","article_modified_time":"2024-04-04T12:19:49+00:00","twitter_card":"summary_large_image","twitter_misc":{"Szacowany czas czytania":"1 minuta"},"schema":{"@context":"https:\/\/schema.org","@graph":[{"@type":"WebPage","@id":"https:\/\/mathriders.pl\/poznan-piatkowo\/dane-firmowe\/","url":"https:\/\/mathriders.pl\/poznan-piatkowo\/dane-firmowe\/","name":"Dane firmowe - Pozna\u0144 Pi\u0105tkowo","isPartOf":{"@id":"https:\/\/mathriders.pl\/poznan-piatkowo\/#website"},"datePublished":"2024-04-04T12:19:47+00:00","dateModified":"2024-04-04T12:19:49+00:00","breadcrumb":{"@id":"https:\/\/mathriders.pl\/poznan-piatkowo\/dane-firmowe\/#breadcrumb"},"inLanguage":"pl-PL","potentialAction":[{"@type":"ReadAction","target":["https:\/\/mathriders.pl\/poznan-piatkowo\/dane-firmowe\/"]}]},{"@type":"BreadcrumbList","@id":"https:\/\/mathriders.pl\/poznan-piatkowo\/dane-firmowe\/#breadcrumb","itemListElement":[{"@type":"ListItem","position":1,"name":"Strona g\u0142\u00f3wna","item":"https:\/\/mathriders.pl\/poznan-piatkowo\/"},{"@type":"ListItem","position":2,"name":"Dane firmowe"}]},{"@type":"WebSite","@id":"https:\/\/mathriders.pl\/poznan-piatkowo\/#website","url":"https:\/\/mathriders.pl\/poznan-piatkowo\/","name":"Pozna\u0144 Pi\u0105tkowo","description":"","publisher":{"@id":"https:\/\/mathriders.pl\/poznan-piatkowo\/#organization"},"potentialAction":[{"@type":"SearchAction","target":{"@type":"EntryPoint","urlTemplate":"https:\/\/mathriders.pl\/poznan-piatkowo\/?s={search_term_string}"},"query-input":{"@type":"PropertyValueSpecification","valueRequired":true,"valueName":"search_term_string"}}],"inLanguage":"pl-PL"},{"@type":"Organization","@id":"https:\/\/mathriders.pl\/poznan-piatkowo\/#organization","name":"Pozna\u0144 Pi\u0105tkowo","url":"https:\/\/mathriders.pl\/poznan-piatkowo\/","logo":{"@type":"ImageObject","inLanguage":"pl-PL","@id":"https:\/\/mathriders.pl\/poznan-piatkowo\/#\/schema\/logo\/image\/","url":"https:\/\/mathriders.pl\/poznan-piatkowo\/wp-content\/uploads\/sites\/49\/2023\/11\/logo.webp","contentUrl":"https:\/\/mathriders.pl\/poznan-piatkowo\/wp-content\/uploads\/sites\/49\/2023\/11\/logo.webp","width":157,"height":82,"caption":"Pozna\u0144 Pi\u0105tkowo"},"image":{"@id":"https:\/\/mathriders.pl\/poznan-piatkowo\/#\/schema\/logo\/image\/"}}]}},"taxonomy_info":[],"featured_image_src_large":false,"author_info":{"display_name":"sylwia","author_link":"https:\/\/mathriders.pl\/poznan-piatkowo\/aktualnosci\/author\/sylwia\/"},"comment_info":0,"_links":{"self":[{"href":"https:\/\/mathriders.pl\/poznan-piatkowo\/wp-json\/wp\/v2\/pages\/474","targetHints":{"allow":["GET"]}}],"collection":[{"href":"https:\/\/mathriders.pl\/poznan-piatkowo\/wp-json\/wp\/v2\/pages"}],"about":[{"href":"https:\/\/mathriders.pl\/poznan-piatkowo\/wp-json\/wp\/v2\/types\/page"}],"author":[{"embeddable":true,"href":"https:\/\/mathriders.pl\/poznan-piatkowo\/wp-json\/wp\/v2\/users\/6"}],"replies":[{"embeddable":true,"href":"https:\/\/mathriders.pl\/poznan-piatkowo\/wp-json\/wp\/v2\/comments?post=474"}],"version-history":[{"count":1,"href":"https:\/\/mathriders.pl\/poznan-piatkowo\/wp-json\/wp\/v2\/pages\/474\/revisions"}],"predecessor-version":[{"id":475,"href":"https:\/\/mathriders.pl\/poznan-piatkowo\/wp-json\/wp\/v2\/pages\/474\/revisions\/475"}],"wp:attachment":[{"href":"https:\/\/mathriders.pl\/poznan-piatkowo\/wp-json\/wp\/v2\/media?parent=474"}],"curies":[{"name":"wp","href":"https:\/\/api.w.org\/{rel}","templated":true}]}}