{"id":154,"date":"2023-11-23T09:13:16","date_gmt":"2023-11-23T08:13:16","guid":{"rendered":"https:\/\/mathriders.pl\/poznan-grunwald\/?page_id=154"},"modified":"2025-11-12T21:50:04","modified_gmt":"2025-11-12T20:50:04","slug":"grafik-zajec","status":"publish","type":"page","link":"https:\/\/mathriders.pl\/poznan-grunwald\/grafik-zajec\/","title":{"rendered":"Grafik zaj\u0119\u0107"},"content":{"rendered":"<style>.kb-row-layout-id154_2db984-31 > .kt-row-column-wrap{align-content:start;}:where(.kb-row-layout-id154_2db984-31 > .kt-row-column-wrap) > .wp-block-kadence-column{justify-content:start;}.kb-row-layout-id154_2db984-31 > .kt-row-column-wrap{column-gap:var(--global-kb-gap-md, 2rem);row-gap:var(--global-kb-gap-md, 2rem);max-width:var( --global-content-width, 1290px );padding-left:var(--global-content-edge-padding);padding-right:var(--global-content-edge-padding);padding-top:var(--global-kb-spacing-5xl, 10rem);padding-bottom:var(--global-kb-spacing-sm, 1.5rem);grid-template-columns:minmax(0, 1fr);}.kb-row-layout-id154_2db984-31 > .kt-row-layout-overlay{opacity:0.30;}@media all and (max-width: 1024px){.kb-row-layout-id154_2db984-31 > .kt-row-column-wrap{grid-template-columns:minmax(0, 1fr);}}@media all and (max-width: 767px){.kb-row-layout-id154_2db984-31 > .kt-row-column-wrap{grid-template-columns:minmax(0, 1fr);}}<\/style><div class=\"kb-row-layout-wrap kb-row-layout-id154_2db984-31 alignfull wp-block-kadence-rowlayout\"><div class=\"kt-row-column-wrap kt-has-1-columns kt-row-layout-equal kt-tab-layout-inherit kt-mobile-layout-row kt-row-valign-top kb-theme-content-width\">\n<style>.kadence-column154_0cdfd1-cb > .kt-inside-inner-col,.kadence-column154_0cdfd1-cb > .kt-inside-inner-col:before{border-top-left-radius:0px;border-top-right-radius:0px;border-bottom-right-radius:0px;border-bottom-left-radius:0px;}.kadence-column154_0cdfd1-cb > .kt-inside-inner-col{column-gap:var(--global-kb-gap-sm, 1rem);}.kadence-column154_0cdfd1-cb > .kt-inside-inner-col{flex-direction:column;}.kadence-column154_0cdfd1-cb > .kt-inside-inner-col > .aligncenter{width:100%;}.kadence-column154_0cdfd1-cb > .kt-inside-inner-col:before{opacity:0.3;}.kadence-column154_0cdfd1-cb{position:relative;}@media all and (max-width: 1024px){.kadence-column154_0cdfd1-cb > .kt-inside-inner-col{flex-direction:column;justify-content:center;}}@media all and (max-width: 767px){.kadence-column154_0cdfd1-cb > .kt-inside-inner-col{flex-direction:column;justify-content:center;}}<\/style>\n<div class=\"wp-block-kadence-column kadence-column154_0cdfd1-cb\"><div class=\"kt-inside-inner-col\"><style>.wp-block-kadence-advancedheading.kt-adv-heading154_ffc402-c0, .wp-block-kadence-advancedheading.kt-adv-heading154_ffc402-c0[data-kb-block=\"kb-adv-heading154_ffc402-c0\"]{padding-bottom:0px;margin-bottom:0px;text-align:center;font-style:normal;}.wp-block-kadence-advancedheading.kt-adv-heading154_ffc402-c0 mark.kt-highlight, .wp-block-kadence-advancedheading.kt-adv-heading154_ffc402-c0[data-kb-block=\"kb-adv-heading154_ffc402-c0\"] mark.kt-highlight{font-style:normal;color:#f76a0c;-webkit-box-decoration-break:clone;box-decoration-break:clone;padding-top:0px;padding-right:0px;padding-bottom:0px;padding-left:0px;}.wp-block-kadence-advancedheading.kt-adv-heading154_ffc402-c0 img.kb-inline-image, .wp-block-kadence-advancedheading.kt-adv-heading154_ffc402-c0[data-kb-block=\"kb-adv-heading154_ffc402-c0\"] img.kb-inline-image{width:150px;vertical-align:baseline;}<\/style>\n<h1 class=\"kt-adv-heading154_ffc402-c0 wp-block-kadence-advancedheading\" data-kb-block=\"kb-adv-heading154_ffc402-c0\">Grafik zaj\u0119\u0107<\/h1>\n\n\n\n<p class=\"has-text-align-center\">Pozna\u0144 Grunwald<\/p>\n<\/div><\/div>\n\n<\/div><\/div>\n\n<style>.kb-row-layout-id154_c0598a-74 > .kt-row-column-wrap{align-content:start;}:where(.kb-row-layout-id154_c0598a-74 > .kt-row-column-wrap) > .wp-block-kadence-column{justify-content:start;}.kb-row-layout-id154_c0598a-74 > .kt-row-column-wrap{column-gap:var(--global-kb-gap-md, 2rem);row-gap:var(--global-kb-gap-sm, 1rem);max-width:var( --global-content-width, 1290px );padding-left:var(--global-content-edge-padding);padding-right:var(--global-content-edge-padding);padding-top:0px;padding-bottom:var(--global-kb-spacing-lg, 3rem);grid-template-columns:minmax(0, 1fr);}.kb-row-layout-id154_c0598a-74 > .kt-row-layout-overlay{opacity:0.30;}@media all and (max-width: 1024px){.kb-row-layout-id154_c0598a-74 > .kt-row-column-wrap{grid-template-columns:minmax(0, 1fr);}}@media all and (max-width: 767px){.kb-row-layout-id154_c0598a-74 > .kt-row-column-wrap{grid-template-columns:minmax(0, 1fr);}}<\/style><div class=\"kb-row-layout-wrap kb-row-layout-id154_c0598a-74 alignfull wp-block-kadence-rowlayout\"><div class=\"kt-row-column-wrap kt-has-1-columns kt-row-layout-equal kt-tab-layout-inherit kt-mobile-layout-row kt-row-valign-top kb-theme-content-width\">\n<style>.kadence-column154_83c33c-cf > .kt-inside-inner-col,.kadence-column154_83c33c-cf > .kt-inside-inner-col:before{border-top-left-radius:0px;border-top-right-radius:0px;border-bottom-right-radius:0px;border-bottom-left-radius:0px;}.kadence-column154_83c33c-cf > .kt-inside-inner-col{column-gap:var(--global-kb-gap-sm, 1rem);}.kadence-column154_83c33c-cf > .kt-inside-inner-col{flex-direction:column;}.kadence-column154_83c33c-cf > .kt-inside-inner-col > .aligncenter{width:100%;}.kadence-column154_83c33c-cf > .kt-inside-inner-col:before{opacity:0.3;}.kadence-column154_83c33c-cf{position:relative;}@media all and (max-width: 1024px){.kadence-column154_83c33c-cf > .kt-inside-inner-col{flex-direction:column;justify-content:center;}}@media all and (max-width: 767px){.kadence-column154_83c33c-cf > .kt-inside-inner-col{flex-direction:column;justify-content:center;}}<\/style>\n<div class=\"wp-block-kadence-column kadence-column154_83c33c-cf\"><div class=\"kt-inside-inner-col\">\n<p class=\"has-text-align-center\"><a href=\"https:\/\/drive.google.com\/file\/d\/1TOUepBp7Jq8KIXX6pW139yE2i2CcZEDx\/view?usp=sharing\">Grafik zaj\u0119\u0107 na rok szkolny 2025\/2026<\/a><\/p>\n\n\n\n<p class=\"has-text-align-center\"><a href=\"https:\/\/drive.google.com\/file\/d\/1xtNAx0sDGkhIkbVHm5GHiJWZhmvlVOug\/view?usp=drive_link\">Harmonogram roku szkolnego 2025\/2026<\/a><\/p>\n\n\n\n<p class=\"has-text-align-center\"><a href=\"https:\/\/forms.gle\/zHmBf3Z2QY9v1d7FA\">Link do zapisu<\/a><\/p>\n<\/div><\/div>\n\n<\/div><\/div>","protected":false},"excerpt":{"rendered":"<p>Grafik zaj\u0119\u0107 Pozna\u0144 Grunwald Grafik zaj\u0119\u0107 na rok szkolny 2025\/2026 Harmonogram roku szkolnego 2025\/2026 Link do zapisu<\/p>\n","protected":false},"author":1,"featured_media":0,"parent":0,"menu_order":0,"comment_status":"closed","ping_status":"closed","template":"","meta":{"_acf_changed":false,"_kad_blocks_custom_css":"","_kad_blocks_head_custom_js":"","_kad_blocks_body_custom_js":"","_kad_blocks_footer_custom_js":"","_kad_post_transparent":"","_kad_post_title":"","_kad_post_layout":"","_kad_post_sidebar_id":"","_kad_post_content_style":"","_kad_post_vertical_padding":"","_kad_post_feature":"","_kad_post_feature_position":"","_kad_post_header":false,"_kad_post_footer":false,"_kad_post_classname":"","footnotes":""},"class_list":["post-154","page","type-page","status-publish","hentry"],"acf":[],"yoast_head":"<!-- This site is optimized with the Yoast SEO plugin v27.0 - https:\/\/yoast.com\/product\/yoast-seo-wordpress\/ -->\n<title>Grafik zaj\u0119\u0107 - Pozna\u0144 Grunwald<\/title>\n<meta name=\"robots\" content=\"index, follow, max-snippet:-1, max-image-preview:large, max-video-preview:-1\" \/>\n<link rel=\"canonical\" href=\"https:\/\/mathriders.pl\/poznan-grunwald\/grafik-zajec\/\" \/>\n<meta property=\"og:locale\" content=\"pl_PL\" \/>\n<meta property=\"og:type\" content=\"article\" \/>\n<meta property=\"og:title\" content=\"Grafik zaj\u0119\u0107 - Pozna\u0144 Grunwald\" \/>\n<meta property=\"og:description\" content=\"Grafik zaj\u0119\u0107 Pozna\u0144 Grunwald Grafik zaj\u0119\u0107 na rok szkolny 2025\/2026 Harmonogram roku szkolnego 2025\/2026 Link do zapisu\" \/>\n<meta property=\"og:url\" content=\"https:\/\/mathriders.pl\/poznan-grunwald\/grafik-zajec\/\" \/>\n<meta property=\"og:site_name\" content=\"Pozna\u0144 Grunwald\" \/>\n<meta property=\"article:modified_time\" content=\"2025-11-12T20:50:04+00:00\" \/>\n<meta name=\"twitter:card\" content=\"summary_large_image\" \/>\n<meta name=\"twitter:label1\" content=\"Szacowany czas czytania\" \/>\n\t<meta name=\"twitter:data1\" content=\"1 minuta\" \/>\n<script type=\"application\/ld+json\" class=\"yoast-schema-graph\">{\"@context\":\"https:\/\/schema.org\",\"@graph\":[{\"@type\":\"WebPage\",\"@id\":\"https:\/\/mathriders.pl\/poznan-grunwald\/grafik-zajec\/\",\"url\":\"https:\/\/mathriders.pl\/poznan-grunwald\/grafik-zajec\/\",\"name\":\"Grafik zaj\u0119\u0107 - Pozna\u0144 Grunwald\",\"isPartOf\":{\"@id\":\"https:\/\/mathriders.pl\/poznan-grunwald\/#website\"},\"datePublished\":\"2023-11-23T08:13:16+00:00\",\"dateModified\":\"2025-11-12T20:50:04+00:00\",\"breadcrumb\":{\"@id\":\"https:\/\/mathriders.pl\/poznan-grunwald\/grafik-zajec\/#breadcrumb\"},\"inLanguage\":\"pl-PL\",\"potentialAction\":[{\"@type\":\"ReadAction\",\"target\":[\"https:\/\/mathriders.pl\/poznan-grunwald\/grafik-zajec\/\"]}]},{\"@type\":\"BreadcrumbList\",\"@id\":\"https:\/\/mathriders.pl\/poznan-grunwald\/grafik-zajec\/#breadcrumb\",\"itemListElement\":[{\"@type\":\"ListItem\",\"position\":1,\"name\":\"Strona g\u0142\u00f3wna\",\"item\":\"https:\/\/mathriders.pl\/poznan-grunwald\/\"},{\"@type\":\"ListItem\",\"position\":2,\"name\":\"Grafik zaj\u0119\u0107\"}]},{\"@type\":\"WebSite\",\"@id\":\"https:\/\/mathriders.pl\/poznan-grunwald\/#website\",\"url\":\"https:\/\/mathriders.pl\/poznan-grunwald\/\",\"name\":\"Pozna\u0144 Grunwald\",\"description\":\"\",\"publisher\":{\"@id\":\"https:\/\/mathriders.pl\/poznan-grunwald\/#organization\"},\"potentialAction\":[{\"@type\":\"SearchAction\",\"target\":{\"@type\":\"EntryPoint\",\"urlTemplate\":\"https:\/\/mathriders.pl\/poznan-grunwald\/?s={search_term_string}\"},\"query-input\":{\"@type\":\"PropertyValueSpecification\",\"valueRequired\":true,\"valueName\":\"search_term_string\"}}],\"inLanguage\":\"pl-PL\"},{\"@type\":\"Organization\",\"@id\":\"https:\/\/mathriders.pl\/poznan-grunwald\/#organization\",\"name\":\"Pozna\u0144 Grunwald\",\"url\":\"https:\/\/mathriders.pl\/poznan-grunwald\/\",\"logo\":{\"@type\":\"ImageObject\",\"inLanguage\":\"pl-PL\",\"@id\":\"https:\/\/mathriders.pl\/poznan-grunwald\/#\/schema\/logo\/image\/\",\"url\":\"https:\/\/mathriders.pl\/poznan-grunwald\/wp-content\/uploads\/sites\/48\/2023\/11\/logo.webp\",\"contentUrl\":\"https:\/\/mathriders.pl\/poznan-grunwald\/wp-content\/uploads\/sites\/48\/2023\/11\/logo.webp\",\"width\":157,\"height\":82,\"caption\":\"Pozna\u0144 Grunwald\"},\"image\":{\"@id\":\"https:\/\/mathriders.pl\/poznan-grunwald\/#\/schema\/logo\/image\/\"}}]}<\/script>\n<!-- \/ Yoast SEO plugin. -->","yoast_head_json":{"title":"Grafik zaj\u0119\u0107 - Pozna\u0144 Grunwald","robots":{"index":"index","follow":"follow","max-snippet":"max-snippet:-1","max-image-preview":"max-image-preview:large","max-video-preview":"max-video-preview:-1"},"canonical":"https:\/\/mathriders.pl\/poznan-grunwald\/grafik-zajec\/","og_locale":"pl_PL","og_type":"article","og_title":"Grafik zaj\u0119\u0107 - Pozna\u0144 Grunwald","og_description":"Grafik zaj\u0119\u0107 Pozna\u0144 Grunwald Grafik zaj\u0119\u0107 na rok szkolny 2025\/2026 Harmonogram roku szkolnego 2025\/2026 Link do zapisu","og_url":"https:\/\/mathriders.pl\/poznan-grunwald\/grafik-zajec\/","og_site_name":"Pozna\u0144 Grunwald","article_modified_time":"2025-11-12T20:50:04+00:00","twitter_card":"summary_large_image","twitter_misc":{"Szacowany czas czytania":"1 minuta"},"schema":{"@context":"https:\/\/schema.org","@graph":[{"@type":"WebPage","@id":"https:\/\/mathriders.pl\/poznan-grunwald\/grafik-zajec\/","url":"https:\/\/mathriders.pl\/poznan-grunwald\/grafik-zajec\/","name":"Grafik zaj\u0119\u0107 - Pozna\u0144 Grunwald","isPartOf":{"@id":"https:\/\/mathriders.pl\/poznan-grunwald\/#website"},"datePublished":"2023-11-23T08:13:16+00:00","dateModified":"2025-11-12T20:50:04+00:00","breadcrumb":{"@id":"https:\/\/mathriders.pl\/poznan-grunwald\/grafik-zajec\/#breadcrumb"},"inLanguage":"pl-PL","potentialAction":[{"@type":"ReadAction","target":["https:\/\/mathriders.pl\/poznan-grunwald\/grafik-zajec\/"]}]},{"@type":"BreadcrumbList","@id":"https:\/\/mathriders.pl\/poznan-grunwald\/grafik-zajec\/#breadcrumb","itemListElement":[{"@type":"ListItem","position":1,"name":"Strona g\u0142\u00f3wna","item":"https:\/\/mathriders.pl\/poznan-grunwald\/"},{"@type":"ListItem","position":2,"name":"Grafik zaj\u0119\u0107"}]},{"@type":"WebSite","@id":"https:\/\/mathriders.pl\/poznan-grunwald\/#website","url":"https:\/\/mathriders.pl\/poznan-grunwald\/","name":"Pozna\u0144 Grunwald","description":"","publisher":{"@id":"https:\/\/mathriders.pl\/poznan-grunwald\/#organization"},"potentialAction":[{"@type":"SearchAction","target":{"@type":"EntryPoint","urlTemplate":"https:\/\/mathriders.pl\/poznan-grunwald\/?s={search_term_string}"},"query-input":{"@type":"PropertyValueSpecification","valueRequired":true,"valueName":"search_term_string"}}],"inLanguage":"pl-PL"},{"@type":"Organization","@id":"https:\/\/mathriders.pl\/poznan-grunwald\/#organization","name":"Pozna\u0144 Grunwald","url":"https:\/\/mathriders.pl\/poznan-grunwald\/","logo":{"@type":"ImageObject","inLanguage":"pl-PL","@id":"https:\/\/mathriders.pl\/poznan-grunwald\/#\/schema\/logo\/image\/","url":"https:\/\/mathriders.pl\/poznan-grunwald\/wp-content\/uploads\/sites\/48\/2023\/11\/logo.webp","contentUrl":"https:\/\/mathriders.pl\/poznan-grunwald\/wp-content\/uploads\/sites\/48\/2023\/11\/logo.webp","width":157,"height":82,"caption":"Pozna\u0144 Grunwald"},"image":{"@id":"https:\/\/mathriders.pl\/poznan-grunwald\/#\/schema\/logo\/image\/"}}]}},"taxonomy_info":[],"featured_image_src_large":false,"author_info":{"display_name":"gootek","author_link":"https:\/\/mathriders.pl\/poznan-grunwald\/aktualnosci\/author\/gootek\/"},"comment_info":0,"_links":{"self":[{"href":"https:\/\/mathriders.pl\/poznan-grunwald\/wp-json\/wp\/v2\/pages\/154","targetHints":{"allow":["GET"]}}],"collection":[{"href":"https:\/\/mathriders.pl\/poznan-grunwald\/wp-json\/wp\/v2\/pages"}],"about":[{"href":"https:\/\/mathriders.pl\/poznan-grunwald\/wp-json\/wp\/v2\/types\/page"}],"author":[{"embeddable":true,"href":"https:\/\/mathriders.pl\/poznan-grunwald\/wp-json\/wp\/v2\/users\/1"}],"replies":[{"embeddable":true,"href":"https:\/\/mathriders.pl\/poznan-grunwald\/wp-json\/wp\/v2\/comments?post=154"}],"version-history":[{"count":56,"href":"https:\/\/mathriders.pl\/poznan-grunwald\/wp-json\/wp\/v2\/pages\/154\/revisions"}],"predecessor-version":[{"id":880,"href":"https:\/\/mathriders.pl\/poznan-grunwald\/wp-json\/wp\/v2\/pages\/154\/revisions\/880"}],"wp:attachment":[{"href":"https:\/\/mathriders.pl\/poznan-grunwald\/wp-json\/wp\/v2\/media?parent=154"}],"curies":[{"name":"wp","href":"https:\/\/api.w.org\/{rel}","templated":true}]}}