{"id":135,"date":"2023-11-23T08:54:44","date_gmt":"2023-11-23T07:54:44","guid":{"rendered":"https:\/\/mathriders.pl\/zabrze\/?page_id=135"},"modified":"2023-11-23T08:57:59","modified_gmt":"2023-11-23T07:57:59","slug":"formularz-zgloszeniowy","status":"publish","type":"page","link":"https:\/\/mathriders.pl\/miasto-zabrze\/formularz-zgloszeniowy\/","title":{"rendered":"Formularz zg\u0142oszeniowy"},"content":{"rendered":"<style>.kb-row-layout-id135_3c0f28-8a > .kt-row-column-wrap{align-content:center;}:where(.kb-row-layout-id135_3c0f28-8a > .kt-row-column-wrap) > .wp-block-kadence-column{justify-content:center;}.kb-row-layout-id135_3c0f28-8a > .kt-row-column-wrap{column-gap:var(--global-kb-gap-md, 2rem);row-gap:var(--global-kb-gap-md, 2rem);max-width:1100px;margin-left:auto;margin-right:auto;padding-top:var(--global-kb-spacing-5xl, 10rem);padding-bottom:var(--global-kb-spacing-lg, 3rem);grid-template-columns:minmax(0, 1fr);}.kb-row-layout-id135_3c0f28-8a > .kt-row-layout-overlay{opacity:1;}@media all and (max-width: 1024px){.kb-row-layout-id135_3c0f28-8a > .kt-row-column-wrap{grid-template-columns:minmax(0, 1fr);}}@media all and (max-width: 767px){.kb-row-layout-id135_3c0f28-8a > .kt-row-column-wrap{grid-template-columns:minmax(0, 1fr);}.kb-row-layout-id135_3c0f28-8a > .kt-row-column-wrap > .wp-block-kadence-column:nth-child(1 of *:not(style)){order:1;}.kb-row-layout-id135_3c0f28-8a > .kt-row-column-wrap > .wp-block-kadence-column:nth-child(2 of *:not(style)){order:11;}.kb-row-layout-id135_3c0f28-8a > .kt-row-column-wrap > .wp-block-kadence-column:nth-child(3 of *:not(style)){order:21;}.kb-row-layout-id135_3c0f28-8a > .kt-row-column-wrap > .wp-block-kadence-column:nth-child(4 of *:not(style)){order:31;}}<\/style><div class=\"kb-row-layout-wrap kb-row-layout-id135_3c0f28-8a alignfull wp-block-kadence-rowlayout\"><div class=\"kt-row-column-wrap kt-has-1-columns kt-row-layout-equal kt-tab-layout-inherit kt-mobile-layout-row kt-row-valign-middle\">\n<style>.kadence-column135_a78dd1-5f > .kt-inside-inner-col,.kadence-column135_a78dd1-5f > .kt-inside-inner-col:before{border-top-left-radius:0px;border-top-right-radius:0px;border-bottom-right-radius:0px;border-bottom-left-radius:0px;}.kadence-column135_a78dd1-5f > .kt-inside-inner-col{column-gap:var(--global-kb-gap-sm, 1rem);}.kadence-column135_a78dd1-5f > .kt-inside-inner-col{flex-direction:column;}.kadence-column135_a78dd1-5f > .kt-inside-inner-col > .aligncenter{width:100%;}.kadence-column135_a78dd1-5f > .kt-inside-inner-col:before{opacity:0.3;}.kadence-column135_a78dd1-5f{position:relative;}@media all and (max-width: 1024px){.kadence-column135_a78dd1-5f > .kt-inside-inner-col{flex-direction:column;justify-content:center;}}@media all and (max-width: 767px){.kadence-column135_a78dd1-5f > .kt-inside-inner-col{flex-direction:column;justify-content:center;}}<\/style>\n<div class=\"wp-block-kadence-column kadence-column135_a78dd1-5f\"><div class=\"kt-inside-inner-col\">\n<h1 class=\"wp-block-heading has-text-align-center\">Bezp\u0142atna lekcja pokazowa<br>Formularz zg\u0142oszeniowy<\/h1>\n\n\n\n<p class=\"has-text-align-center\">Zapisz dziecko na lekcje lub wy\u015blij nam wiadomo\u015b\u0107. <br>Zg\u0142o\u015b si\u0119 a my skontaktujemy si\u0119 z Tob\u0105 w celu ustalenia terminu lekcji pokazowej.<\/p>\n\n\n\n<div class=\"wp-block-contact-form-7-contact-form-selector\">\n<div class=\"wpcf7 no-js\" id=\"wpcf7-f140-o1\" lang=\"pl-PL\" dir=\"ltr\" data-wpcf7-id=\"140\">\n<div class=\"screen-reader-response\"><p role=\"status\" aria-live=\"polite\" aria-atomic=\"true\"><\/p> <ul><\/ul><\/div>\n<form action=\"\/miasto-zabrze\/wp-json\/wp\/v2\/pages\/135#wpcf7-f140-o1\" method=\"post\" class=\"wpcf7-form init\" aria-label=\"Formularz kontaktowy\" novalidate=\"novalidate\" data-status=\"init\">\n<fieldset class=\"hidden-fields-container\"><input type=\"hidden\" name=\"_wpcf7\" value=\"140\" \/><input type=\"hidden\" name=\"_wpcf7_version\" value=\"6.1.5\" \/><input type=\"hidden\" name=\"_wpcf7_locale\" value=\"pl_PL\" \/><input type=\"hidden\" name=\"_wpcf7_unit_tag\" value=\"wpcf7-f140-o1\" \/><input type=\"hidden\" name=\"_wpcf7_container_post\" value=\"0\" \/><input type=\"hidden\" name=\"_wpcf7_posted_data_hash\" value=\"\" \/>\n<\/fieldset>\n<div class=\"cf7-flex\">\n\t<div class=\"cf7-flex-column\">\n\t\t<p><label for=\"imie-i-nazwisko\" class=\"screen-reader-text\">Imi\u0119 i nazwisko<\/label><span class=\"wpcf7-form-control-wrap\" data-name=\"your-name\"><input size=\"40\" maxlength=\"400\" class=\"wpcf7-form-control wpcf7-text wpcf7-validates-as-required short\" id=\"imie-i-nazwisko\" autocomplete=\"name\" aria-required=\"true\" aria-invalid=\"false\" placeholder=\"Imi\u0119 i nazwisko*\" value=\"\" type=\"text\" name=\"your-name\" \/><\/span>\n\t\t<\/p>\n\t<\/div>\n\t<div class=\"cf7-flex-column\">\n\t\t<p><label for=\"telefon\" class=\"screen-reader-text\">Telefon<\/label><span class=\"wpcf7-form-control-wrap\" data-name=\"tel-622\"><input size=\"40\" maxlength=\"400\" class=\"wpcf7-form-control wpcf7-tel wpcf7-validates-as-required wpcf7-text wpcf7-validates-as-tel\" id=\"telefon\" aria-required=\"true\" aria-invalid=\"false\" placeholder=\"Telefon*\" value=\"\" type=\"tel\" name=\"tel-622\" \/><\/span>\n\t\t<\/p>\n\t<\/div>\n<\/div>\n<div class=\"cf7-flex\">\n\t<div class=\"cf7-flex-column\">\n\t\t<p><label for=\"email\" class=\"screen-reader-text\">Adres email<\/label><span class=\"wpcf7-form-control-wrap\" data-name=\"your-email\"><input size=\"40\" maxlength=\"400\" class=\"wpcf7-form-control wpcf7-email wpcf7-validates-as-required wpcf7-text wpcf7-validates-as-email short\" id=\"email\" autocomplete=\"email\" aria-required=\"true\" aria-invalid=\"false\" placeholder=\"Adres email*\" value=\"\" type=\"email\" name=\"your-email\" \/><\/span>\n\t\t<\/p>\n\t<\/div>\n\t<div class=\"cf7-flex-column\">\n\t\t<p><label for=\"wiek\" class=\"screen-reader-text\">Wiek\/klasa<\/label><span class=\"wpcf7-form-control-wrap\" data-name=\"wiek-klasa\"><select class=\"wpcf7-form-control wpcf7-select wpcf7-validates-as-required\" id=\"wiek\" aria-required=\"true\" aria-invalid=\"false\" name=\"wiek-klasa\"><option value=\"\">Wiek\/klasa*<\/option><option value=\"2-latek\">2-latek<\/option><option value=\"3-latek\">3-latek<\/option><option value=\"4-latek\">4-latek<\/option><option value=\"5-latek\">5-latek<\/option><option value=\"6-latek\">6-latek<\/option><option value=\"1 klasa sp\">1 klasa sp<\/option><option value=\"2 klasa sp\">2 klasa sp<\/option><option value=\"3 klasa sp\">3 klasa sp<\/option><option value=\"4 klasa sp\">4 klasa sp<\/option><option value=\"5 klasa sp\">5 klasa sp<\/option><option value=\"6 klasa sp\">6 klasa sp<\/option><option value=\"7 klasa sp\">7 klasa sp<\/option><option value=\"8 klasa sp\">8 klasa sp<\/option><option value=\"Szko\u0142a \u015brednia\">Szko\u0142a \u015brednia<\/option><option value=\"Szko\u0142a \u015brednia podstawa\">Szko\u0142a \u015brednia podstawa<\/option><option value=\"Szko\u0142a \u015brednia rozszerzenie\">Szko\u0142a \u015brednia rozszerzenie<\/option><option value=\"Matura podstawa\">Matura podstawa<\/option><option value=\"Matura rozszerzenie\">Matura rozszerzenie<\/option><\/select><\/span>\n\t\t<\/p>\n\t<\/div>\n<\/div>\n<p><label for=\"wiadomosc\" class=\"screen-reader-text\">Wiadomo\u015b\u0107<\/label><span class=\"wpcf7-form-control-wrap\" data-name=\"your-message\"><textarea cols=\"35\" rows=\"4\" maxlength=\"2000\" class=\"wpcf7-form-control wpcf7-textarea wpcf7-validates-as-required\" id=\"wiadomosc\" aria-required=\"true\" aria-invalid=\"false\" placeholder=\"Wiadomo\u015b\u0107*\" name=\"your-message\"><\/textarea><\/span><br \/>\n<span class=\"wpcf7-form-control-wrap\" data-name=\"acceptance-4\"><span class=\"wpcf7-form-control wpcf7-acceptance\"><span class=\"wpcf7-list-item\"><label><input type=\"checkbox\" name=\"acceptance-4\" value=\"1\" aria-invalid=\"false\" \/><span class=\"wpcf7-list-item-label\">O\u015bwiadczam, i\u017c zapozna\u0142em si\u0119 i akceptuj\u0119 og\u00f3lne warunki, w tym <strong><a href=\"https:\/\/mathriders.pl\/regulamin\/\" target=\"_blank\">regulamin<\/a><\/strong> i <strong><a href=\"https:\/\/mathriders.pl\/polityka-prywatnosci\/\" target=\"_blank\">polityke prywatno\u015bci<\/a><\/strong>.*<\/span><\/label><\/span><\/span><\/span><br \/>\n<span class=\"wpcf7-form-control-wrap\" data-name=\"acceptance-5\"><span class=\"wpcf7-form-control wpcf7-acceptance optional\"><span class=\"wpcf7-list-item\"><label><input type=\"checkbox\" name=\"acceptance-5\" value=\"1\" aria-invalid=\"false\" \/><span class=\"wpcf7-list-item-label\">Zgodnie z ustaw\u0105 z dnia 18.07.2002 r. o \u015bwiadczeniu us\u0142ug drog\u0105 elektroniczn\u0105 (Dz.U. Nr 144, poz.1204 z p\u00f3\u017an. zm.) wyra\u017cam zgod\u0119 na przesy\u0142anie informacji handlowych drog\u0105 elektroniczn\u0105 przez MathRiders.<\/span><\/label><\/span><\/span><\/span><br \/>\n<span class=\"wpcf7-form-control-wrap\" data-name=\"acceptance-6\"><span class=\"wpcf7-form-control wpcf7-acceptance optional\"><span class=\"wpcf7-list-item\"><label><input type=\"checkbox\" name=\"acceptance-6\" value=\"1\" aria-invalid=\"false\" \/><span class=\"wpcf7-list-item-label\">Zgodnie z art.6 ust.1 lit. a og\u00f3lnego rozporz\u0105dzenia o ochronie danych osobowych z dnia 27 kwietnia 2016 r. (Dz. Urz. UE L 119 z 04.05.2016) wyra\u017cam zgod\u0119 na przetwarzanie moich danych osobowych w celach marketingowych.<\/span><\/label><\/span><\/span><\/span>\n<\/p>\n<p style=\"display: flex; justify-content: center;\"><input class=\"wpcf7-form-control wpcf7-submit has-spinner\" type=\"submit\" value=\"WY\u015aLIJ\" \/>\n<\/p><div class=\"wpcf7-response-output\" aria-hidden=\"true\"><\/div>\n<\/form>\n<\/div>\n<\/div>\n<\/div><\/div>\n\n<\/div><\/div>","protected":false},"excerpt":{"rendered":"<p>Bezp\u0142atna lekcja pokazowaFormularz zg\u0142oszeniowy Zapisz dziecko na lekcje lub wy\u015blij nam wiadomo\u015b\u0107. Zg\u0142o\u015b si\u0119 a my skontaktujemy si\u0119 z Tob\u0105 w celu ustalenia terminu lekcji pokazowej.<\/p>\n","protected":false},"author":1,"featured_media":0,"parent":0,"menu_order":0,"comment_status":"closed","ping_status":"closed","template":"","meta":{"_acf_changed":false,"_kad_blocks_custom_css":"","_kad_blocks_head_custom_js":"","_kad_blocks_body_custom_js":"","_kad_blocks_footer_custom_js":"","_kad_post_transparent":"","_kad_post_title":"","_kad_post_layout":"","_kad_post_sidebar_id":"","_kad_post_content_style":"","_kad_post_vertical_padding":"","_kad_post_feature":"","_kad_post_feature_position":"","_kad_post_header":false,"_kad_post_footer":false,"_kad_post_classname":"","footnotes":""},"class_list":["post-135","page","type-page","status-publish","hentry"],"acf":[],"yoast_head":"<!-- This site is optimized with the Yoast SEO plugin v27.0 - https:\/\/yoast.com\/product\/yoast-seo-wordpress\/ -->\n<title>Formularz zg\u0142oszeniowy - Zabrze<\/title>\n<meta name=\"robots\" content=\"index, follow, max-snippet:-1, max-image-preview:large, max-video-preview:-1\" \/>\n<link rel=\"canonical\" href=\"https:\/\/mathriders.pl\/miasto-zabrze\/formularz-zgloszeniowy\/\" \/>\n<meta property=\"og:locale\" content=\"pl_PL\" \/>\n<meta property=\"og:type\" content=\"article\" \/>\n<meta property=\"og:title\" content=\"Formularz zg\u0142oszeniowy - Zabrze\" \/>\n<meta property=\"og:description\" content=\"Bezp\u0142atna lekcja pokazowaFormularz zg\u0142oszeniowy Zapisz dziecko na lekcje lub wy\u015blij nam wiadomo\u015b\u0107. Zg\u0142o\u015b si\u0119 a my skontaktujemy si\u0119 z Tob\u0105 w celu ustalenia terminu lekcji pokazowej.\" \/>\n<meta property=\"og:url\" content=\"https:\/\/mathriders.pl\/miasto-zabrze\/formularz-zgloszeniowy\/\" \/>\n<meta property=\"og:site_name\" content=\"Zabrze\" \/>\n<meta property=\"article:modified_time\" content=\"2023-11-23T07:57:59+00:00\" \/>\n<meta name=\"twitter:card\" content=\"summary_large_image\" \/>\n<script type=\"application\/ld+json\" class=\"yoast-schema-graph\">{\"@context\":\"https:\/\/schema.org\",\"@graph\":[{\"@type\":\"WebPage\",\"@id\":\"https:\/\/mathriders.pl\/miasto-zabrze\/formularz-zgloszeniowy\/\",\"url\":\"https:\/\/mathriders.pl\/miasto-zabrze\/formularz-zgloszeniowy\/\",\"name\":\"Formularz zg\u0142oszeniowy - Zabrze\",\"isPartOf\":{\"@id\":\"https:\/\/mathriders.pl\/miasto-zabrze\/#website\"},\"datePublished\":\"2023-11-23T07:54:44+00:00\",\"dateModified\":\"2023-11-23T07:57:59+00:00\",\"breadcrumb\":{\"@id\":\"https:\/\/mathriders.pl\/miasto-zabrze\/formularz-zgloszeniowy\/#breadcrumb\"},\"inLanguage\":\"pl-PL\",\"potentialAction\":[{\"@type\":\"ReadAction\",\"target\":[\"https:\/\/mathriders.pl\/miasto-zabrze\/formularz-zgloszeniowy\/\"]}]},{\"@type\":\"BreadcrumbList\",\"@id\":\"https:\/\/mathriders.pl\/miasto-zabrze\/formularz-zgloszeniowy\/#breadcrumb\",\"itemListElement\":[{\"@type\":\"ListItem\",\"position\":1,\"name\":\"Strona g\u0142\u00f3wna\",\"item\":\"https:\/\/mathriders.pl\/miasto-zabrze\/\"},{\"@type\":\"ListItem\",\"position\":2,\"name\":\"Formularz zg\u0142oszeniowy\"}]},{\"@type\":\"WebSite\",\"@id\":\"https:\/\/mathriders.pl\/miasto-zabrze\/#website\",\"url\":\"https:\/\/mathriders.pl\/miasto-zabrze\/\",\"name\":\"Zabrze\",\"description\":\"\",\"publisher\":{\"@id\":\"https:\/\/mathriders.pl\/miasto-zabrze\/#organization\"},\"potentialAction\":[{\"@type\":\"SearchAction\",\"target\":{\"@type\":\"EntryPoint\",\"urlTemplate\":\"https:\/\/mathriders.pl\/miasto-zabrze\/?s={search_term_string}\"},\"query-input\":{\"@type\":\"PropertyValueSpecification\",\"valueRequired\":true,\"valueName\":\"search_term_string\"}}],\"inLanguage\":\"pl-PL\"},{\"@type\":\"Organization\",\"@id\":\"https:\/\/mathriders.pl\/miasto-zabrze\/#organization\",\"name\":\"Zabrze\",\"url\":\"https:\/\/mathriders.pl\/miasto-zabrze\/\",\"logo\":{\"@type\":\"ImageObject\",\"inLanguage\":\"pl-PL\",\"@id\":\"https:\/\/mathriders.pl\/miasto-zabrze\/#\/schema\/logo\/image\/\",\"url\":\"https:\/\/mathriders.pl\/miasto-zabrze\/wp-content\/uploads\/sites\/45\/2023\/11\/logo.webp\",\"contentUrl\":\"https:\/\/mathriders.pl\/miasto-zabrze\/wp-content\/uploads\/sites\/45\/2023\/11\/logo.webp\",\"width\":157,\"height\":82,\"caption\":\"Zabrze\"},\"image\":{\"@id\":\"https:\/\/mathriders.pl\/miasto-zabrze\/#\/schema\/logo\/image\/\"}}]}<\/script>\n<!-- \/ Yoast SEO plugin. -->","yoast_head_json":{"title":"Formularz zg\u0142oszeniowy - Zabrze","robots":{"index":"index","follow":"follow","max-snippet":"max-snippet:-1","max-image-preview":"max-image-preview:large","max-video-preview":"max-video-preview:-1"},"canonical":"https:\/\/mathriders.pl\/miasto-zabrze\/formularz-zgloszeniowy\/","og_locale":"pl_PL","og_type":"article","og_title":"Formularz zg\u0142oszeniowy - Zabrze","og_description":"Bezp\u0142atna lekcja pokazowaFormularz zg\u0142oszeniowy Zapisz dziecko na lekcje lub wy\u015blij nam wiadomo\u015b\u0107. Zg\u0142o\u015b si\u0119 a my skontaktujemy si\u0119 z Tob\u0105 w celu ustalenia terminu lekcji pokazowej.","og_url":"https:\/\/mathriders.pl\/miasto-zabrze\/formularz-zgloszeniowy\/","og_site_name":"Zabrze","article_modified_time":"2023-11-23T07:57:59+00:00","twitter_card":"summary_large_image","schema":{"@context":"https:\/\/schema.org","@graph":[{"@type":"WebPage","@id":"https:\/\/mathriders.pl\/miasto-zabrze\/formularz-zgloszeniowy\/","url":"https:\/\/mathriders.pl\/miasto-zabrze\/formularz-zgloszeniowy\/","name":"Formularz zg\u0142oszeniowy - Zabrze","isPartOf":{"@id":"https:\/\/mathriders.pl\/miasto-zabrze\/#website"},"datePublished":"2023-11-23T07:54:44+00:00","dateModified":"2023-11-23T07:57:59+00:00","breadcrumb":{"@id":"https:\/\/mathriders.pl\/miasto-zabrze\/formularz-zgloszeniowy\/#breadcrumb"},"inLanguage":"pl-PL","potentialAction":[{"@type":"ReadAction","target":["https:\/\/mathriders.pl\/miasto-zabrze\/formularz-zgloszeniowy\/"]}]},{"@type":"BreadcrumbList","@id":"https:\/\/mathriders.pl\/miasto-zabrze\/formularz-zgloszeniowy\/#breadcrumb","itemListElement":[{"@type":"ListItem","position":1,"name":"Strona g\u0142\u00f3wna","item":"https:\/\/mathriders.pl\/miasto-zabrze\/"},{"@type":"ListItem","position":2,"name":"Formularz zg\u0142oszeniowy"}]},{"@type":"WebSite","@id":"https:\/\/mathriders.pl\/miasto-zabrze\/#website","url":"https:\/\/mathriders.pl\/miasto-zabrze\/","name":"Zabrze","description":"","publisher":{"@id":"https:\/\/mathriders.pl\/miasto-zabrze\/#organization"},"potentialAction":[{"@type":"SearchAction","target":{"@type":"EntryPoint","urlTemplate":"https:\/\/mathriders.pl\/miasto-zabrze\/?s={search_term_string}"},"query-input":{"@type":"PropertyValueSpecification","valueRequired":true,"valueName":"search_term_string"}}],"inLanguage":"pl-PL"},{"@type":"Organization","@id":"https:\/\/mathriders.pl\/miasto-zabrze\/#organization","name":"Zabrze","url":"https:\/\/mathriders.pl\/miasto-zabrze\/","logo":{"@type":"ImageObject","inLanguage":"pl-PL","@id":"https:\/\/mathriders.pl\/miasto-zabrze\/#\/schema\/logo\/image\/","url":"https:\/\/mathriders.pl\/miasto-zabrze\/wp-content\/uploads\/sites\/45\/2023\/11\/logo.webp","contentUrl":"https:\/\/mathriders.pl\/miasto-zabrze\/wp-content\/uploads\/sites\/45\/2023\/11\/logo.webp","width":157,"height":82,"caption":"Zabrze"},"image":{"@id":"https:\/\/mathriders.pl\/miasto-zabrze\/#\/schema\/logo\/image\/"}}]}},"taxonomy_info":[],"featured_image_src_large":false,"author_info":{"display_name":"gootek","author_link":"https:\/\/mathriders.pl\/miasto-zabrze\/aktualnosci\/author\/gootek\/"},"comment_info":0,"_links":{"self":[{"href":"https:\/\/mathriders.pl\/miasto-zabrze\/wp-json\/wp\/v2\/pages\/135","targetHints":{"allow":["GET"]}}],"collection":[{"href":"https:\/\/mathriders.pl\/miasto-zabrze\/wp-json\/wp\/v2\/pages"}],"about":[{"href":"https:\/\/mathriders.pl\/miasto-zabrze\/wp-json\/wp\/v2\/types\/page"}],"author":[{"embeddable":true,"href":"https:\/\/mathriders.pl\/miasto-zabrze\/wp-json\/wp\/v2\/users\/1"}],"replies":[{"embeddable":true,"href":"https:\/\/mathriders.pl\/miasto-zabrze\/wp-json\/wp\/v2\/comments?post=135"}],"version-history":[{"count":3,"href":"https:\/\/mathriders.pl\/miasto-zabrze\/wp-json\/wp\/v2\/pages\/135\/revisions"}],"predecessor-version":[{"id":141,"href":"https:\/\/mathriders.pl\/miasto-zabrze\/wp-json\/wp\/v2\/pages\/135\/revisions\/141"}],"wp:attachment":[{"href":"https:\/\/mathriders.pl\/miasto-zabrze\/wp-json\/wp\/v2\/media?parent=135"}],"curies":[{"name":"wp","href":"https:\/\/api.w.org\/{rel}","templated":true}]}}