{"id":636,"date":"2024-11-28T12:15:17","date_gmt":"2024-11-28T11:15:17","guid":{"rendered":"https:\/\/mathriders.pl\/lodz-baluty\/?page_id=636"},"modified":"2024-11-28T12:15:17","modified_gmt":"2024-11-28T11:15:17","slug":"tydzien-pluszowego-misia-w-mathriders-lodz-tamka-16","status":"publish","type":"page","link":"https:\/\/mathriders.pl\/lodz-baluty\/tydzien-pluszowego-misia-w-mathriders-lodz-tamka-16\/","title":{"rendered":"Tydzie\u0144 Pluszowego Misia w Mathriders \u0141\u00f3d\u017a Tamka 16"},"content":{"rendered":"\n<p>Misie, misie, misie wsz\u0119dzie&#8230; I dobrze!<\/p>\n\n\n\n<p>Czasem zdarzaj\u0105 si\u0119 i inne pluszaki &#8211; ka\u017cdy, rzecz jasna, mile widziany i sfotografowany!<\/p>\n\n\n\n<p>W naszej szkole Mathriders ten tydzie\u0144 jest wyj\u0105tkowy &#8211; to Tydzie\u0144 Pluszowego Misia! Uczniowie nie tylko rozwijaj\u0105 swoje umiej\u0119tno\u015bci matematyczne, ale tak\u017ce piel\u0119gnuj\u0105 przyja\u017a\u0144 z najukocha\u0144szymi przytulankami!<\/p>\n","protected":false},"excerpt":{"rendered":"<p>Misie, misie, misie wsz\u0119dzie&#8230; I dobrze! Czasem zdarzaj\u0105 si\u0119 i inne pluszaki &#8211; ka\u017cdy, rzecz jasna, mile widziany i sfotografowany! W naszej szkole Mathriders ten tydzie\u0144 jest wyj\u0105tkowy &#8211; to Tydzie\u0144 Pluszowego Misia! Uczniowie nie tylko rozwijaj\u0105 swoje umiej\u0119tno\u015bci matematyczne, ale tak\u017ce piel\u0119gnuj\u0105 przyja\u017a\u0144 z najukocha\u0144szymi przytulankami!<\/p>\n","protected":false},"author":68,"featured_media":637,"parent":0,"menu_order":0,"comment_status":"closed","ping_status":"closed","template":"","meta":{"_acf_changed":false,"_kad_blocks_custom_css":"","_kad_blocks_head_custom_js":"","_kad_blocks_body_custom_js":"","_kad_blocks_footer_custom_js":"","_kad_post_transparent":"","_kad_post_title":"","_kad_post_layout":"","_kad_post_sidebar_id":"","_kad_post_content_style":"","_kad_post_vertical_padding":"","_kad_post_feature":"","_kad_post_feature_position":"","_kad_post_header":false,"_kad_post_footer":false,"_kad_post_classname":"","footnotes":""},"class_list":["post-636","page","type-page","status-publish","has-post-thumbnail","hentry"],"acf":[],"yoast_head":"<!-- This site is optimized with the Yoast SEO plugin v27.0 - https:\/\/yoast.com\/product\/yoast-seo-wordpress\/ -->\n<title>Tydzie\u0144 Pluszowego Misia w Mathriders \u0141\u00f3d\u017a Tamka 16 - \u0141\u00f3d\u017a Ba\u0142uty<\/title>\n<meta name=\"robots\" content=\"index, follow, max-snippet:-1, max-image-preview:large, max-video-preview:-1\" \/>\n<link rel=\"canonical\" href=\"https:\/\/mathriders.pl\/lodz-baluty\/tydzien-pluszowego-misia-w-mathriders-lodz-tamka-16\/\" \/>\n<meta property=\"og:locale\" content=\"pl_PL\" \/>\n<meta property=\"og:type\" content=\"article\" \/>\n<meta property=\"og:title\" content=\"Tydzie\u0144 Pluszowego Misia w Mathriders \u0141\u00f3d\u017a Tamka 16 - \u0141\u00f3d\u017a Ba\u0142uty\" \/>\n<meta property=\"og:description\" content=\"Misie, misie, misie wsz\u0119dzie&#8230; I dobrze! Czasem zdarzaj\u0105 si\u0119 i inne pluszaki &#8211; ka\u017cdy, rzecz jasna, mile widziany i sfotografowany! W naszej szkole Mathriders ten tydzie\u0144 jest wyj\u0105tkowy &#8211; to Tydzie\u0144 Pluszowego Misia! Uczniowie nie tylko rozwijaj\u0105 swoje umiej\u0119tno\u015bci matematyczne, ale tak\u017ce piel\u0119gnuj\u0105 przyja\u017a\u0144 z najukocha\u0144szymi przytulankami!\" \/>\n<meta property=\"og:url\" content=\"https:\/\/mathriders.pl\/lodz-baluty\/tydzien-pluszowego-misia-w-mathriders-lodz-tamka-16\/\" \/>\n<meta property=\"og:site_name\" content=\"\u0141\u00f3d\u017a Ba\u0142uty\" \/>\n<meta property=\"og:image\" content=\"https:\/\/mathriders.pl\/lodz-baluty\/wp-content\/uploads\/sites\/61\/2024\/11\/lets-celebrate-bears-both-big-and-small-on-this-special-day-we-cherish-them-all-2.png\" \/>\n\t<meta property=\"og:image:width\" content=\"940\" \/>\n\t<meta property=\"og:image:height\" content=\"788\" \/>\n\t<meta property=\"og:image:type\" content=\"image\/png\" \/>\n<meta name=\"twitter:card\" content=\"summary_large_image\" \/>\n<meta name=\"twitter:label1\" content=\"Szacowany czas czytania\" \/>\n\t<meta name=\"twitter:data1\" content=\"1 minuta\" \/>\n<script type=\"application\/ld+json\" class=\"yoast-schema-graph\">{\"@context\":\"https:\/\/schema.org\",\"@graph\":[{\"@type\":\"WebPage\",\"@id\":\"https:\/\/mathriders.pl\/lodz-baluty\/tydzien-pluszowego-misia-w-mathriders-lodz-tamka-16\/\",\"url\":\"https:\/\/mathriders.pl\/lodz-baluty\/tydzien-pluszowego-misia-w-mathriders-lodz-tamka-16\/\",\"name\":\"Tydzie\u0144 Pluszowego Misia w Mathriders \u0141\u00f3d\u017a Tamka 16 - \u0141\u00f3d\u017a Ba\u0142uty\",\"isPartOf\":{\"@id\":\"https:\/\/mathriders.pl\/lodz-baluty\/#website\"},\"primaryImageOfPage\":{\"@id\":\"https:\/\/mathriders.pl\/lodz-baluty\/tydzien-pluszowego-misia-w-mathriders-lodz-tamka-16\/#primaryimage\"},\"image\":{\"@id\":\"https:\/\/mathriders.pl\/lodz-baluty\/tydzien-pluszowego-misia-w-mathriders-lodz-tamka-16\/#primaryimage\"},\"thumbnailUrl\":\"https:\/\/mathriders.pl\/lodz-baluty\/wp-content\/uploads\/sites\/61\/2024\/11\/lets-celebrate-bears-both-big-and-small-on-this-special-day-we-cherish-them-all-2.png\",\"datePublished\":\"2024-11-28T11:15:17+00:00\",\"breadcrumb\":{\"@id\":\"https:\/\/mathriders.pl\/lodz-baluty\/tydzien-pluszowego-misia-w-mathriders-lodz-tamka-16\/#breadcrumb\"},\"inLanguage\":\"pl-PL\",\"potentialAction\":[{\"@type\":\"ReadAction\",\"target\":[\"https:\/\/mathriders.pl\/lodz-baluty\/tydzien-pluszowego-misia-w-mathriders-lodz-tamka-16\/\"]}]},{\"@type\":\"ImageObject\",\"inLanguage\":\"pl-PL\",\"@id\":\"https:\/\/mathriders.pl\/lodz-baluty\/tydzien-pluszowego-misia-w-mathriders-lodz-tamka-16\/#primaryimage\",\"url\":\"https:\/\/mathriders.pl\/lodz-baluty\/wp-content\/uploads\/sites\/61\/2024\/11\/lets-celebrate-bears-both-big-and-small-on-this-special-day-we-cherish-them-all-2.png\",\"contentUrl\":\"https:\/\/mathriders.pl\/lodz-baluty\/wp-content\/uploads\/sites\/61\/2024\/11\/lets-celebrate-bears-both-big-and-small-on-this-special-day-we-cherish-them-all-2.png\",\"width\":940,\"height\":788},{\"@type\":\"BreadcrumbList\",\"@id\":\"https:\/\/mathriders.pl\/lodz-baluty\/tydzien-pluszowego-misia-w-mathriders-lodz-tamka-16\/#breadcrumb\",\"itemListElement\":[{\"@type\":\"ListItem\",\"position\":1,\"name\":\"Strona g\u0142\u00f3wna\",\"item\":\"https:\/\/mathriders.pl\/lodz-baluty\/\"},{\"@type\":\"ListItem\",\"position\":2,\"name\":\"Tydzie\u0144 Pluszowego Misia w Mathriders \u0141\u00f3d\u017a Tamka 16\"}]},{\"@type\":\"WebSite\",\"@id\":\"https:\/\/mathriders.pl\/lodz-baluty\/#website\",\"url\":\"https:\/\/mathriders.pl\/lodz-baluty\/\",\"name\":\"\u0141\u00f3d\u017a Ba\u0142uty\",\"description\":\"\",\"publisher\":{\"@id\":\"https:\/\/mathriders.pl\/lodz-baluty\/#organization\"},\"potentialAction\":[{\"@type\":\"SearchAction\",\"target\":{\"@type\":\"EntryPoint\",\"urlTemplate\":\"https:\/\/mathriders.pl\/lodz-baluty\/?s={search_term_string}\"},\"query-input\":{\"@type\":\"PropertyValueSpecification\",\"valueRequired\":true,\"valueName\":\"search_term_string\"}}],\"inLanguage\":\"pl-PL\"},{\"@type\":\"Organization\",\"@id\":\"https:\/\/mathriders.pl\/lodz-baluty\/#organization\",\"name\":\"\u0141\u00f3d\u017a Ba\u0142uty\",\"url\":\"https:\/\/mathriders.pl\/lodz-baluty\/\",\"logo\":{\"@type\":\"ImageObject\",\"inLanguage\":\"pl-PL\",\"@id\":\"https:\/\/mathriders.pl\/lodz-baluty\/#\/schema\/logo\/image\/\",\"url\":\"https:\/\/mathriders.pl\/lodz-baluty\/wp-content\/uploads\/sites\/61\/2023\/11\/logo.webp\",\"contentUrl\":\"https:\/\/mathriders.pl\/lodz-baluty\/wp-content\/uploads\/sites\/61\/2023\/11\/logo.webp\",\"width\":157,\"height\":82,\"caption\":\"\u0141\u00f3d\u017a Ba\u0142uty\"},\"image\":{\"@id\":\"https:\/\/mathriders.pl\/lodz-baluty\/#\/schema\/logo\/image\/\"}}]}<\/script>\n<!-- \/ Yoast SEO plugin. -->","yoast_head_json":{"title":"Tydzie\u0144 Pluszowego Misia w Mathriders \u0141\u00f3d\u017a Tamka 16 - \u0141\u00f3d\u017a Ba\u0142uty","robots":{"index":"index","follow":"follow","max-snippet":"max-snippet:-1","max-image-preview":"max-image-preview:large","max-video-preview":"max-video-preview:-1"},"canonical":"https:\/\/mathriders.pl\/lodz-baluty\/tydzien-pluszowego-misia-w-mathriders-lodz-tamka-16\/","og_locale":"pl_PL","og_type":"article","og_title":"Tydzie\u0144 Pluszowego Misia w Mathriders \u0141\u00f3d\u017a Tamka 16 - \u0141\u00f3d\u017a Ba\u0142uty","og_description":"Misie, misie, misie wsz\u0119dzie&#8230; I dobrze! Czasem zdarzaj\u0105 si\u0119 i inne pluszaki &#8211; ka\u017cdy, rzecz jasna, mile widziany i sfotografowany! W naszej szkole Mathriders ten tydzie\u0144 jest wyj\u0105tkowy &#8211; to Tydzie\u0144 Pluszowego Misia! Uczniowie nie tylko rozwijaj\u0105 swoje umiej\u0119tno\u015bci matematyczne, ale tak\u017ce piel\u0119gnuj\u0105 przyja\u017a\u0144 z najukocha\u0144szymi przytulankami!","og_url":"https:\/\/mathriders.pl\/lodz-baluty\/tydzien-pluszowego-misia-w-mathriders-lodz-tamka-16\/","og_site_name":"\u0141\u00f3d\u017a Ba\u0142uty","og_image":[{"width":940,"height":788,"url":"https:\/\/mathriders.pl\/lodz-baluty\/wp-content\/uploads\/sites\/61\/2024\/11\/lets-celebrate-bears-both-big-and-small-on-this-special-day-we-cherish-them-all-2.png","type":"image\/png"}],"twitter_card":"summary_large_image","twitter_misc":{"Szacowany czas czytania":"1 minuta"},"schema":{"@context":"https:\/\/schema.org","@graph":[{"@type":"WebPage","@id":"https:\/\/mathriders.pl\/lodz-baluty\/tydzien-pluszowego-misia-w-mathriders-lodz-tamka-16\/","url":"https:\/\/mathriders.pl\/lodz-baluty\/tydzien-pluszowego-misia-w-mathriders-lodz-tamka-16\/","name":"Tydzie\u0144 Pluszowego Misia w Mathriders \u0141\u00f3d\u017a Tamka 16 - \u0141\u00f3d\u017a Ba\u0142uty","isPartOf":{"@id":"https:\/\/mathriders.pl\/lodz-baluty\/#website"},"primaryImageOfPage":{"@id":"https:\/\/mathriders.pl\/lodz-baluty\/tydzien-pluszowego-misia-w-mathriders-lodz-tamka-16\/#primaryimage"},"image":{"@id":"https:\/\/mathriders.pl\/lodz-baluty\/tydzien-pluszowego-misia-w-mathriders-lodz-tamka-16\/#primaryimage"},"thumbnailUrl":"https:\/\/mathriders.pl\/lodz-baluty\/wp-content\/uploads\/sites\/61\/2024\/11\/lets-celebrate-bears-both-big-and-small-on-this-special-day-we-cherish-them-all-2.png","datePublished":"2024-11-28T11:15:17+00:00","breadcrumb":{"@id":"https:\/\/mathriders.pl\/lodz-baluty\/tydzien-pluszowego-misia-w-mathriders-lodz-tamka-16\/#breadcrumb"},"inLanguage":"pl-PL","potentialAction":[{"@type":"ReadAction","target":["https:\/\/mathriders.pl\/lodz-baluty\/tydzien-pluszowego-misia-w-mathriders-lodz-tamka-16\/"]}]},{"@type":"ImageObject","inLanguage":"pl-PL","@id":"https:\/\/mathriders.pl\/lodz-baluty\/tydzien-pluszowego-misia-w-mathriders-lodz-tamka-16\/#primaryimage","url":"https:\/\/mathriders.pl\/lodz-baluty\/wp-content\/uploads\/sites\/61\/2024\/11\/lets-celebrate-bears-both-big-and-small-on-this-special-day-we-cherish-them-all-2.png","contentUrl":"https:\/\/mathriders.pl\/lodz-baluty\/wp-content\/uploads\/sites\/61\/2024\/11\/lets-celebrate-bears-both-big-and-small-on-this-special-day-we-cherish-them-all-2.png","width":940,"height":788},{"@type":"BreadcrumbList","@id":"https:\/\/mathriders.pl\/lodz-baluty\/tydzien-pluszowego-misia-w-mathriders-lodz-tamka-16\/#breadcrumb","itemListElement":[{"@type":"ListItem","position":1,"name":"Strona g\u0142\u00f3wna","item":"https:\/\/mathriders.pl\/lodz-baluty\/"},{"@type":"ListItem","position":2,"name":"Tydzie\u0144 Pluszowego Misia w Mathriders \u0141\u00f3d\u017a Tamka 16"}]},{"@type":"WebSite","@id":"https:\/\/mathriders.pl\/lodz-baluty\/#website","url":"https:\/\/mathriders.pl\/lodz-baluty\/","name":"\u0141\u00f3d\u017a Ba\u0142uty","description":"","publisher":{"@id":"https:\/\/mathriders.pl\/lodz-baluty\/#organization"},"potentialAction":[{"@type":"SearchAction","target":{"@type":"EntryPoint","urlTemplate":"https:\/\/mathriders.pl\/lodz-baluty\/?s={search_term_string}"},"query-input":{"@type":"PropertyValueSpecification","valueRequired":true,"valueName":"search_term_string"}}],"inLanguage":"pl-PL"},{"@type":"Organization","@id":"https:\/\/mathriders.pl\/lodz-baluty\/#organization","name":"\u0141\u00f3d\u017a Ba\u0142uty","url":"https:\/\/mathriders.pl\/lodz-baluty\/","logo":{"@type":"ImageObject","inLanguage":"pl-PL","@id":"https:\/\/mathriders.pl\/lodz-baluty\/#\/schema\/logo\/image\/","url":"https:\/\/mathriders.pl\/lodz-baluty\/wp-content\/uploads\/sites\/61\/2023\/11\/logo.webp","contentUrl":"https:\/\/mathriders.pl\/lodz-baluty\/wp-content\/uploads\/sites\/61\/2023\/11\/logo.webp","width":157,"height":82,"caption":"\u0141\u00f3d\u017a Ba\u0142uty"},"image":{"@id":"https:\/\/mathriders.pl\/lodz-baluty\/#\/schema\/logo\/image\/"}}]}},"taxonomy_info":[],"featured_image_src_large":["https:\/\/mathriders.pl\/lodz-baluty\/wp-content\/uploads\/sites\/61\/2024\/11\/lets-celebrate-bears-both-big-and-small-on-this-special-day-we-cherish-them-all-2.png",940,788,false],"author_info":{"display_name":"lodzdoly","author_link":"https:\/\/mathriders.pl\/lodz-baluty\/aktualnosci\/author\/lodzdoly\/"},"comment_info":0,"_links":{"self":[{"href":"https:\/\/mathriders.pl\/lodz-baluty\/wp-json\/wp\/v2\/pages\/636","targetHints":{"allow":["GET"]}}],"collection":[{"href":"https:\/\/mathriders.pl\/lodz-baluty\/wp-json\/wp\/v2\/pages"}],"about":[{"href":"https:\/\/mathriders.pl\/lodz-baluty\/wp-json\/wp\/v2\/types\/page"}],"author":[{"embeddable":true,"href":"https:\/\/mathriders.pl\/lodz-baluty\/wp-json\/wp\/v2\/users\/68"}],"replies":[{"embeddable":true,"href":"https:\/\/mathriders.pl\/lodz-baluty\/wp-json\/wp\/v2\/comments?post=636"}],"version-history":[{"count":1,"href":"https:\/\/mathriders.pl\/lodz-baluty\/wp-json\/wp\/v2\/pages\/636\/revisions"}],"predecessor-version":[{"id":638,"href":"https:\/\/mathriders.pl\/lodz-baluty\/wp-json\/wp\/v2\/pages\/636\/revisions\/638"}],"wp:featuredmedia":[{"embeddable":true,"href":"https:\/\/mathriders.pl\/lodz-baluty\/wp-json\/wp\/v2\/media\/637"}],"wp:attachment":[{"href":"https:\/\/mathriders.pl\/lodz-baluty\/wp-json\/wp\/v2\/media?parent=636"}],"curies":[{"name":"wp","href":"https:\/\/api.w.org\/{rel}","templated":true}]}}