{"id":521,"date":"2024-06-17T11:45:53","date_gmt":"2024-06-17T09:45:53","guid":{"rendered":"https:\/\/mathriders.pl\/katowice-polnoc\/?page_id=521"},"modified":"2024-06-17T11:45:55","modified_gmt":"2024-06-17T09:45:55","slug":"landing-2","status":"publish","type":"page","link":"https:\/\/mathriders.pl\/katowice-polnoc\/landing-2\/","title":{"rendered":"Landing"},"content":{"rendered":"<style>.kb-row-layout-id521_fedff9-45 > .kt-row-column-wrap{align-content:center;}:where(.kb-row-layout-id521_fedff9-45 > .kt-row-column-wrap) > .wp-block-kadence-column{justify-content:center;}.kb-row-layout-id521_fedff9-45 > .kt-row-column-wrap{column-gap:var(--global-kb-gap-md, 2rem);row-gap:var(--global-kb-gap-md, 2rem);padding-bottom:var(--global-kb-spacing-5xl, 10rem);min-height:650px;grid-template-columns:minmax(0, 1fr);}.kb-row-layout-id521_fedff9-45{border-top-left-radius:0px;border-top-right-radius:0px;border-bottom-right-radius:50px;border-bottom-left-radius:50px;overflow:clip;isolation:isolate;}.kb-row-layout-id521_fedff9-45 > .kt-row-layout-overlay{border-top-left-radius:0px;border-top-right-radius:0px;border-bottom-right-radius:50px;border-bottom-left-radius:50px;}.kb-row-layout-id521_fedff9-45{background-image:url('https:\/\/mathriders.pl\/warszawa-bialoleka\/wp-content\/uploads\/sites\/25\/2023\/11\/a7b46b0a79cff1a9de60f3a67f0beca8.webp');background-size:cover;background-position:50% 20%;background-attachment:scroll;background-repeat:no-repeat;}.kb-row-layout-id521_fedff9-45 > .kt-row-layout-overlay{opacity:0.30;}@media all and (max-width: 1024px){.kb-row-layout-id521_fedff9-45 > .kt-row-column-wrap{grid-template-columns:minmax(0, 1fr);}}@media all and (max-width: 767px){.kb-row-layout-id521_fedff9-45 > .kt-row-column-wrap{grid-template-columns:minmax(0, 1fr);}}<\/style><div class=\"kb-row-layout-wrap kb-row-layout-id521_fedff9-45 alignfull kt-row-has-bg wp-block-kadence-rowlayout\"><div class=\"kt-row-column-wrap kt-has-1-columns kt-row-layout-equal kt-tab-layout-inherit kt-mobile-layout-row kt-row-valign-middle\">\n<style>.kadence-column521_b03e23-2a > .kt-inside-inner-col{padding-right:0px;padding-bottom:0px;padding-left:0px;}.kadence-column521_b03e23-2a > .kt-inside-inner-col,.kadence-column521_b03e23-2a > .kt-inside-inner-col:before{border-top-left-radius:15px;border-top-right-radius:15px;border-bottom-right-radius:0px;border-bottom-left-radius:0px;}.kadence-column521_b03e23-2a > .kt-inside-inner-col{column-gap:var(--global-kb-gap-sm, 1rem);}.kadence-column521_b03e23-2a > .kt-inside-inner-col{flex-direction:column;}.kadence-column521_b03e23-2a > .kt-inside-inner-col > .aligncenter{width:100%;}.kadence-column521_b03e23-2a > .kt-inside-inner-col:before{opacity:0.3;}.kadence-column521_b03e23-2a{position:relative;}@media all and (max-width: 1024px){.kadence-column521_b03e23-2a > .kt-inside-inner-col{flex-direction:column;justify-content:center;}}@media all and (max-width: 767px){.kadence-column521_b03e23-2a > .kt-inside-inner-col{flex-direction:column;justify-content:center;}}<\/style>\n<div class=\"wp-block-kadence-column kadence-column521_b03e23-2a\"><div class=\"kt-inside-inner-col\"><\/div><\/div>\n\n<\/div><\/div>\n\n<style>.kadence-column521_8c1239-f3 > .kt-inside-inner-col{padding-top:var(--global-kb-spacing-sm, 1.5rem);padding-right:var(--global-kb-spacing-3xl, 6.5rem);padding-bottom:var(--global-kb-spacing-sm, 1.5rem);padding-left:var(--global-kb-spacing-3xl, 6.5rem);}.kadence-column521_8c1239-f3 > .kt-inside-inner-col,.kadence-column521_8c1239-f3 > .kt-inside-inner-col:before{border-top-left-radius:15px;border-top-right-radius:15px;border-bottom-right-radius:0px;border-bottom-left-radius:0px;}.kadence-column521_8c1239-f3 > .kt-inside-inner-col{column-gap:var(--global-kb-gap-sm, 1rem);}.kadence-column521_8c1239-f3 > .kt-inside-inner-col{flex-direction:column;}.kadence-column521_8c1239-f3 > .kt-inside-inner-col > .aligncenter{width:100%;}.kadence-column521_8c1239-f3 > .kt-inside-inner-col{background-color:var(--global-palette9, #ffffff);}.kadence-column521_8c1239-f3 > .kt-inside-inner-col:before{opacity:0.3;}.kadence-column521_8c1239-f3{position:relative;}@media all and (max-width: 1024px){.kadence-column521_8c1239-f3 > .kt-inside-inner-col{padding-right:var(--global-kb-spacing-xs, 1rem);padding-left:var(--global-kb-spacing-xs, 1rem);flex-direction:column;justify-content:center;}}@media all and (max-width: 767px){.kadence-column521_8c1239-f3 > .kt-inside-inner-col{flex-direction:column;justify-content:center;}}<\/style>\n<div class=\"wp-block-kadence-column kadence-column521_8c1239-f3\"><div class=\"kt-inside-inner-col\"><style>.wp-block-kadence-advancedheading.kt-adv-heading521_42c78c-7b, .wp-block-kadence-advancedheading.kt-adv-heading521_42c78c-7b[data-kb-block=\"kb-adv-heading521_42c78c-7b\"]{margin-bottom:var(--global-kb-spacing-xxs, 0.5rem);text-align:center;font-style:normal;}.wp-block-kadence-advancedheading.kt-adv-heading521_42c78c-7b mark.kt-highlight, .wp-block-kadence-advancedheading.kt-adv-heading521_42c78c-7b[data-kb-block=\"kb-adv-heading521_42c78c-7b\"] mark.kt-highlight{font-style:normal;color:#f76a0c;-webkit-box-decoration-break:clone;box-decoration-break:clone;padding-top:0px;padding-right:0px;padding-bottom:0px;padding-left:0px;}.wp-block-kadence-advancedheading.kt-adv-heading521_42c78c-7b img.kb-inline-image, .wp-block-kadence-advancedheading.kt-adv-heading521_42c78c-7b[data-kb-block=\"kb-adv-heading521_42c78c-7b\"] img.kb-inline-image{width:150px;vertical-align:baseline;}<\/style>\n<h1 class=\"kt-adv-heading521_42c78c-7b wp-block-kadence-advancedheading\" data-kb-block=\"kb-adv-heading521_42c78c-7b\">Tytu\u0142<\/h1>\n\n\n\n<p class=\"has-text-align-center\">podtytu\u0142<\/p>\n\n\n<style>.wp-block-kadence-advancedheading.kt-adv-heading521_28e0a4-ba, .wp-block-kadence-advancedheading.kt-adv-heading521_28e0a4-ba[data-kb-block=\"kb-adv-heading521_28e0a4-ba\"]{text-align:center;font-style:normal;}.wp-block-kadence-advancedheading.kt-adv-heading521_28e0a4-ba mark.kt-highlight, .wp-block-kadence-advancedheading.kt-adv-heading521_28e0a4-ba[data-kb-block=\"kb-adv-heading521_28e0a4-ba\"] mark.kt-highlight{font-style:normal;color:#f76a0c;-webkit-box-decoration-break:clone;box-decoration-break:clone;padding-top:0px;padding-right:0px;padding-bottom:0px;padding-left:0px;}.wp-block-kadence-advancedheading.kt-adv-heading521_28e0a4-ba img.kb-inline-image, .wp-block-kadence-advancedheading.kt-adv-heading521_28e0a4-ba[data-kb-block=\"kb-adv-heading521_28e0a4-ba\"] img.kb-inline-image{width:150px;vertical-align:baseline;}<\/style>\n<h2 class=\"kt-adv-heading521_28e0a4-ba wp-block-kadence-advancedheading\" data-kb-block=\"kb-adv-heading521_28e0a4-ba\"><strong><strong>Tytu\u0142 tre\u015bci<\/strong><\/strong><\/h2>\n\n\n\n<p>Lorem ipsum dolor sit amet, consectetur adipiscing elit, sed do eiusmod tempor incididunt ut labore et dolore magna aliqua. Ut enim ad minim veniam, quis nostrud exercitation ullamco laboris nisi ut aliquip ex ea commodo consequat. Duis aute irure dolor in reprehenderit in voluptate velit esse cillum dolore eu fugiat nulla pariatur. Excepteur sint occaecat cupidatat non proident, sunt in culpa qui officia deserunt mollit anim id est laborum.<\/p>\n<\/div><\/div>\n\n\n<style>.kb-row-layout-id521_a3683e-df > .kt-row-column-wrap{align-content:start;}:where(.kb-row-layout-id521_a3683e-df > .kt-row-column-wrap) > .wp-block-kadence-column{justify-content:start;}.kb-row-layout-id521_a3683e-df > .kt-row-column-wrap{column-gap:var(--global-kb-gap-md, 2rem);row-gap:var(--global-kb-gap-md, 2rem);max-width:var( --global-content-width, 1290px );padding-left:var(--global-content-edge-padding);padding-right:var(--global-content-edge-padding);padding-top:var(--global-kb-spacing-4xl, 8rem);padding-bottom:var(--global-kb-spacing-4xl, 8rem);grid-template-columns:minmax(0, 1fr);}.kb-row-layout-id521_a3683e-df{background-image:url('https:\/\/mathriders.pl\/warszawa-bialoleka\/wp-content\/uploads\/sites\/25\/2023\/11\/bezplatna-lekcja-pokazowa.jpg');background-size:cover;background-position:center center;background-attachment:scroll;background-repeat:no-repeat;}.kb-row-layout-id521_a3683e-df > .kt-row-layout-overlay{opacity:0.30;}@media all and (max-width: 1024px){.kb-row-layout-id521_a3683e-df > .kt-row-column-wrap{grid-template-columns:minmax(0, 1fr);}}@media all and (max-width: 767px){.kb-row-layout-id521_a3683e-df > .kt-row-column-wrap{grid-template-columns:minmax(0, 1fr);}}<\/style><div class=\"kb-row-layout-wrap kb-row-layout-id521_a3683e-df alignfull kt-row-has-bg wp-block-kadence-rowlayout\"><div class=\"kt-row-column-wrap kt-has-1-columns kt-row-layout-equal kt-tab-layout-inherit kt-mobile-layout-row kt-row-valign-top kb-theme-content-width\">\n<style>.kadence-column521_311d90-6b > .kt-inside-inner-col,.kadence-column521_311d90-6b > .kt-inside-inner-col:before{border-top-left-radius:0px;border-top-right-radius:0px;border-bottom-right-radius:0px;border-bottom-left-radius:0px;}.kadence-column521_311d90-6b > .kt-inside-inner-col{column-gap:var(--global-kb-gap-sm, 1rem);}.kadence-column521_311d90-6b > .kt-inside-inner-col{flex-direction:column;}.kadence-column521_311d90-6b > .kt-inside-inner-col > .aligncenter{width:100%;}.kadence-column521_311d90-6b > .kt-inside-inner-col:before{opacity:0.3;}.kadence-column521_311d90-6b{position:relative;}@media all and (max-width: 1024px){.kadence-column521_311d90-6b > .kt-inside-inner-col{flex-direction:column;justify-content:center;}}@media all and (max-width: 767px){.kadence-column521_311d90-6b > .kt-inside-inner-col{flex-direction:column;justify-content:center;}}<\/style>\n<div class=\"wp-block-kadence-column kadence-column521_311d90-6b\"><div class=\"kt-inside-inner-col\"><style>.wp-block-kadence-advancedheading.kt-adv-heading521_3a0baa-e1, .wp-block-kadence-advancedheading.kt-adv-heading521_3a0baa-e1[data-kb-block=\"kb-adv-heading521_3a0baa-e1\"]{text-align:center;font-style:normal;}.wp-block-kadence-advancedheading.kt-adv-heading521_3a0baa-e1 mark.kt-highlight, .wp-block-kadence-advancedheading.kt-adv-heading521_3a0baa-e1[data-kb-block=\"kb-adv-heading521_3a0baa-e1\"] mark.kt-highlight{font-style:normal;color:#f76a0c;-webkit-box-decoration-break:clone;box-decoration-break:clone;padding-top:0px;padding-right:0px;padding-bottom:0px;padding-left:0px;}.wp-block-kadence-advancedheading.kt-adv-heading521_3a0baa-e1 img.kb-inline-image, .wp-block-kadence-advancedheading.kt-adv-heading521_3a0baa-e1[data-kb-block=\"kb-adv-heading521_3a0baa-e1\"] img.kb-inline-image{width:150px;vertical-align:baseline;}<\/style>\n<h2 class=\"kt-adv-heading521_3a0baa-e1 wp-block-kadence-advancedheading\" data-kb-block=\"kb-adv-heading521_3a0baa-e1\">Tytu\u0142 do formularza<\/h2>\n\n\n<style>.kb-row-layout-id521_359749-cd > .kt-row-column-wrap{align-content:start;}:where(.kb-row-layout-id521_359749-cd > .kt-row-column-wrap) > .wp-block-kadence-column{justify-content:start;}.kb-row-layout-id521_359749-cd > .kt-row-column-wrap{column-gap:var(--global-kb-gap-sm, 1rem);row-gap:var(--global-kb-gap-md, 2rem);padding-top:var(--global-kb-spacing-sm, 1.5rem);padding-bottom:var(--global-kb-spacing-sm, 1.5rem);grid-template-columns:repeat(2, minmax(0, 1fr));}.kb-row-layout-id521_359749-cd > .kt-row-layout-overlay{opacity:0.30;}@media all and (max-width: 1024px){.kb-row-layout-id521_359749-cd > .kt-row-column-wrap{grid-template-columns:repeat(2, minmax(0, 1fr));}}@media all and (max-width: 767px){.kb-row-layout-id521_359749-cd > .kt-row-column-wrap{grid-template-columns:minmax(0, 1fr);}}<\/style><div class=\"kb-row-layout-wrap kb-row-layout-id521_359749-cd alignnone wp-block-kadence-rowlayout\"><div class=\"kt-row-column-wrap kt-has-2-columns kt-row-layout-equal kt-tab-layout-inherit kt-mobile-layout-row kt-row-valign-top\">\n<style>.kadence-column521_5d3c31-23 > .kt-inside-inner-col,.kadence-column521_5d3c31-23 > .kt-inside-inner-col:before{border-top-left-radius:0px;border-top-right-radius:0px;border-bottom-right-radius:0px;border-bottom-left-radius:0px;}.kadence-column521_5d3c31-23 > .kt-inside-inner-col{column-gap:var(--global-kb-gap-sm, 1rem);}.kadence-column521_5d3c31-23 > .kt-inside-inner-col{flex-direction:column;}.kadence-column521_5d3c31-23 > .kt-inside-inner-col > .aligncenter{width:100%;}.kadence-column521_5d3c31-23 > .kt-inside-inner-col:before{opacity:0.3;}.kadence-column521_5d3c31-23{position:relative;}@media all and (max-width: 1024px){.kadence-column521_5d3c31-23 > .kt-inside-inner-col{flex-direction:column;justify-content:center;}}@media all and (max-width: 767px){.kadence-column521_5d3c31-23 > .kt-inside-inner-col{flex-direction:column;justify-content:center;}}<\/style>\n<div class=\"wp-block-kadence-column kadence-column521_5d3c31-23\"><div class=\"kt-inside-inner-col\"><style>.kb-image521_e0c739-44 .kb-image-has-overlay:after{opacity:0.3;}<\/style>\n<div class=\"wp-block-kadence-image kb-image521_e0c739-44\"><figure class=\"aligncenter size-full\"><img loading=\"lazy\" decoding=\"async\" width=\"251\" height=\"184\" src=\"https:\/\/mathriders.pl\/warszawa-bialoleka\/wp-content\/uploads\/sites\/25\/2023\/11\/x-y.png\" alt=\"\" class=\"kb-img wp-image-53\"\/><\/figure><\/div>\n<\/div><\/div>\n\n\n<style>.kadence-column521_61c7c6-92 > .kt-inside-inner-col,.kadence-column521_61c7c6-92 > .kt-inside-inner-col:before{border-top-left-radius:0px;border-top-right-radius:0px;border-bottom-right-radius:0px;border-bottom-left-radius:0px;}.kadence-column521_61c7c6-92 > .kt-inside-inner-col{column-gap:var(--global-kb-gap-sm, 1rem);}.kadence-column521_61c7c6-92 > .kt-inside-inner-col{flex-direction:column;}.kadence-column521_61c7c6-92 > .kt-inside-inner-col > .aligncenter{width:100%;}.kadence-column521_61c7c6-92 > .kt-inside-inner-col:before{opacity:0.3;}.kadence-column521_61c7c6-92{position:relative;}@media all and (max-width: 1024px){.kadence-column521_61c7c6-92 > .kt-inside-inner-col{flex-direction:column;justify-content:center;}}@media all and (max-width: 767px){.kadence-column521_61c7c6-92 > .kt-inside-inner-col{flex-direction:column;justify-content:center;}}<\/style>\n<div class=\"wp-block-kadence-column kadence-column521_61c7c6-92\"><div class=\"kt-inside-inner-col\"><style>.wp-block-kadence-advancedheading.kt-adv-heading521_0f7c81-07, .wp-block-kadence-advancedheading.kt-adv-heading521_0f7c81-07[data-kb-block=\"kb-adv-heading521_0f7c81-07\"]{max-width:500px;font-style:normal;}.wp-block-kadence-advancedheading.kt-adv-heading521_0f7c81-07 mark.kt-highlight, .wp-block-kadence-advancedheading.kt-adv-heading521_0f7c81-07[data-kb-block=\"kb-adv-heading521_0f7c81-07\"] mark.kt-highlight{font-style:normal;color:#f76a0c;-webkit-box-decoration-break:clone;box-decoration-break:clone;padding-top:0px;padding-right:0px;padding-bottom:0px;padding-left:0px;}.wp-block-kadence-advancedheading.kt-adv-heading521_0f7c81-07 img.kb-inline-image, .wp-block-kadence-advancedheading.kt-adv-heading521_0f7c81-07[data-kb-block=\"kb-adv-heading521_0f7c81-07\"] img.kb-inline-image{width:150px;vertical-align:baseline;}<\/style>\n<p class=\"kt-adv-heading521_0f7c81-07 wp-block-kadence-advancedheading\" data-kb-block=\"kb-adv-heading521_0f7c81-07\">Tre\u015b\u0107.<\/p>\n\n\n\n<div class=\"wp-block-buttons is-layout-flex wp-block-buttons-is-layout-flex\">\n<div class=\"wp-block-button\"><a class=\"wp-block-button__link wp-element-button\" href=\"http:\/\/xxxx\">Link<\/a><\/div>\n<\/div>\n<\/div><\/div>\n\n<\/div><\/div><\/div><\/div>\n\n<\/div><\/div>","protected":false},"excerpt":{"rendered":"<p>Tytu\u0142 podtytu\u0142 Tytu\u0142 tre\u015bci Lorem ipsum dolor sit amet, consectetur adipiscing elit, sed do eiusmod tempor incididunt ut labore et dolore magna aliqua. Ut enim ad minim veniam, quis nostrud exercitation ullamco laboris nisi ut aliquip ex ea commodo consequat. Duis aute irure dolor in reprehenderit in voluptate velit esse cillum dolore eu fugiat nulla&#8230;<\/p>\n","protected":false},"author":6,"featured_media":0,"parent":0,"menu_order":0,"comment_status":"closed","ping_status":"closed","template":"","meta":{"_acf_changed":false,"_kad_blocks_custom_css":"","_kad_blocks_head_custom_js":"","_kad_blocks_body_custom_js":"","_kad_blocks_footer_custom_js":"","_kad_post_transparent":"","_kad_post_title":"","_kad_post_layout":"","_kad_post_sidebar_id":"","_kad_post_content_style":"","_kad_post_vertical_padding":"","_kad_post_feature":"","_kad_post_feature_position":"","_kad_post_header":false,"_kad_post_footer":false,"_kad_post_classname":"","footnotes":""},"class_list":["post-521","page","type-page","status-publish","hentry"],"acf":[],"yoast_head":"<!-- This site is optimized with the Yoast SEO plugin v27.0 - https:\/\/yoast.com\/product\/yoast-seo-wordpress\/ -->\n<title>Landing - Katowice P\u00f3\u0142noc<\/title>\n<meta name=\"robots\" content=\"index, follow, max-snippet:-1, max-image-preview:large, max-video-preview:-1\" \/>\n<link rel=\"canonical\" href=\"https:\/\/mathriders.pl\/katowice-polnoc\/landing-2\/\" \/>\n<meta property=\"og:locale\" content=\"pl_PL\" \/>\n<meta property=\"og:type\" content=\"article\" \/>\n<meta property=\"og:title\" content=\"Landing - Katowice P\u00f3\u0142noc\" \/>\n<meta property=\"og:description\" content=\"Tytu\u0142 podtytu\u0142 Tytu\u0142 tre\u015bci Lorem ipsum dolor sit amet, consectetur adipiscing elit, sed do eiusmod tempor incididunt ut labore et dolore magna aliqua. Ut enim ad minim veniam, quis nostrud exercitation ullamco laboris nisi ut aliquip ex ea commodo consequat. Duis aute irure dolor in reprehenderit in voluptate velit esse cillum dolore eu fugiat nulla...\" \/>\n<meta property=\"og:url\" content=\"https:\/\/mathriders.pl\/katowice-polnoc\/landing-2\/\" \/>\n<meta property=\"og:site_name\" content=\"Katowice P\u00f3\u0142noc\" \/>\n<meta property=\"article:modified_time\" content=\"2024-06-17T09:45:55+00:00\" \/>\n<meta property=\"og:image\" content=\"https:\/\/mathriders.pl\/warszawa-bialoleka\/wp-content\/uploads\/sites\/25\/2023\/11\/x-y.png\" \/>\n<meta name=\"twitter:card\" content=\"summary_large_image\" \/>\n<meta name=\"twitter:label1\" content=\"Szacowany czas czytania\" \/>\n\t<meta name=\"twitter:data1\" content=\"1 minuta\" \/>\n<script type=\"application\/ld+json\" class=\"yoast-schema-graph\">{\"@context\":\"https:\/\/schema.org\",\"@graph\":[{\"@type\":\"WebPage\",\"@id\":\"https:\/\/mathriders.pl\/katowice-polnoc\/landing-2\/\",\"url\":\"https:\/\/mathriders.pl\/katowice-polnoc\/landing-2\/\",\"name\":\"Landing - Katowice P\u00f3\u0142noc\",\"isPartOf\":{\"@id\":\"https:\/\/mathriders.pl\/katowice-polnoc\/#website\"},\"primaryImageOfPage\":{\"@id\":\"https:\/\/mathriders.pl\/katowice-polnoc\/landing-2\/#primaryimage\"},\"image\":{\"@id\":\"https:\/\/mathriders.pl\/katowice-polnoc\/landing-2\/#primaryimage\"},\"thumbnailUrl\":\"https:\/\/mathriders.pl\/warszawa-bialoleka\/wp-content\/uploads\/sites\/25\/2023\/11\/x-y.png\",\"datePublished\":\"2024-06-17T09:45:53+00:00\",\"dateModified\":\"2024-06-17T09:45:55+00:00\",\"breadcrumb\":{\"@id\":\"https:\/\/mathriders.pl\/katowice-polnoc\/landing-2\/#breadcrumb\"},\"inLanguage\":\"pl-PL\",\"potentialAction\":[{\"@type\":\"ReadAction\",\"target\":[\"https:\/\/mathriders.pl\/katowice-polnoc\/landing-2\/\"]}]},{\"@type\":\"ImageObject\",\"inLanguage\":\"pl-PL\",\"@id\":\"https:\/\/mathriders.pl\/katowice-polnoc\/landing-2\/#primaryimage\",\"url\":\"https:\/\/mathriders.pl\/warszawa-bialoleka\/wp-content\/uploads\/sites\/25\/2023\/11\/x-y.png\",\"contentUrl\":\"https:\/\/mathriders.pl\/warszawa-bialoleka\/wp-content\/uploads\/sites\/25\/2023\/11\/x-y.png\"},{\"@type\":\"BreadcrumbList\",\"@id\":\"https:\/\/mathriders.pl\/katowice-polnoc\/landing-2\/#breadcrumb\",\"itemListElement\":[{\"@type\":\"ListItem\",\"position\":1,\"name\":\"Strona g\u0142\u00f3wna\",\"item\":\"https:\/\/mathriders.pl\/katowice-polnoc\/\"},{\"@type\":\"ListItem\",\"position\":2,\"name\":\"Landing\"}]},{\"@type\":\"WebSite\",\"@id\":\"https:\/\/mathriders.pl\/katowice-polnoc\/#website\",\"url\":\"https:\/\/mathriders.pl\/katowice-polnoc\/\",\"name\":\"Katowice P\u00f3\u0142noc\",\"description\":\"\",\"publisher\":{\"@id\":\"https:\/\/mathriders.pl\/katowice-polnoc\/#organization\"},\"potentialAction\":[{\"@type\":\"SearchAction\",\"target\":{\"@type\":\"EntryPoint\",\"urlTemplate\":\"https:\/\/mathriders.pl\/katowice-polnoc\/?s={search_term_string}\"},\"query-input\":{\"@type\":\"PropertyValueSpecification\",\"valueRequired\":true,\"valueName\":\"search_term_string\"}}],\"inLanguage\":\"pl-PL\"},{\"@type\":\"Organization\",\"@id\":\"https:\/\/mathriders.pl\/katowice-polnoc\/#organization\",\"name\":\"Katowice P\u00f3\u0142noc\",\"url\":\"https:\/\/mathriders.pl\/katowice-polnoc\/\",\"logo\":{\"@type\":\"ImageObject\",\"inLanguage\":\"pl-PL\",\"@id\":\"https:\/\/mathriders.pl\/katowice-polnoc\/#\/schema\/logo\/image\/\",\"url\":\"https:\/\/mathriders.pl\/katowice-polnoc\/wp-content\/uploads\/sites\/41\/2023\/11\/logo.webp\",\"contentUrl\":\"https:\/\/mathriders.pl\/katowice-polnoc\/wp-content\/uploads\/sites\/41\/2023\/11\/logo.webp\",\"width\":157,\"height\":82,\"caption\":\"Katowice P\u00f3\u0142noc\"},\"image\":{\"@id\":\"https:\/\/mathriders.pl\/katowice-polnoc\/#\/schema\/logo\/image\/\"}}]}<\/script>\n<!-- \/ Yoast SEO plugin. -->","yoast_head_json":{"title":"Landing - Katowice P\u00f3\u0142noc","robots":{"index":"index","follow":"follow","max-snippet":"max-snippet:-1","max-image-preview":"max-image-preview:large","max-video-preview":"max-video-preview:-1"},"canonical":"https:\/\/mathriders.pl\/katowice-polnoc\/landing-2\/","og_locale":"pl_PL","og_type":"article","og_title":"Landing - Katowice P\u00f3\u0142noc","og_description":"Tytu\u0142 podtytu\u0142 Tytu\u0142 tre\u015bci Lorem ipsum dolor sit amet, consectetur adipiscing elit, sed do eiusmod tempor incididunt ut labore et dolore magna aliqua. Ut enim ad minim veniam, quis nostrud exercitation ullamco laboris nisi ut aliquip ex ea commodo consequat. Duis aute irure dolor in reprehenderit in voluptate velit esse cillum dolore eu fugiat nulla...","og_url":"https:\/\/mathriders.pl\/katowice-polnoc\/landing-2\/","og_site_name":"Katowice P\u00f3\u0142noc","article_modified_time":"2024-06-17T09:45:55+00:00","og_image":[{"url":"https:\/\/mathriders.pl\/warszawa-bialoleka\/wp-content\/uploads\/sites\/25\/2023\/11\/x-y.png","type":"","width":"","height":""}],"twitter_card":"summary_large_image","twitter_misc":{"Szacowany czas czytania":"1 minuta"},"schema":{"@context":"https:\/\/schema.org","@graph":[{"@type":"WebPage","@id":"https:\/\/mathriders.pl\/katowice-polnoc\/landing-2\/","url":"https:\/\/mathriders.pl\/katowice-polnoc\/landing-2\/","name":"Landing - Katowice P\u00f3\u0142noc","isPartOf":{"@id":"https:\/\/mathriders.pl\/katowice-polnoc\/#website"},"primaryImageOfPage":{"@id":"https:\/\/mathriders.pl\/katowice-polnoc\/landing-2\/#primaryimage"},"image":{"@id":"https:\/\/mathriders.pl\/katowice-polnoc\/landing-2\/#primaryimage"},"thumbnailUrl":"https:\/\/mathriders.pl\/warszawa-bialoleka\/wp-content\/uploads\/sites\/25\/2023\/11\/x-y.png","datePublished":"2024-06-17T09:45:53+00:00","dateModified":"2024-06-17T09:45:55+00:00","breadcrumb":{"@id":"https:\/\/mathriders.pl\/katowice-polnoc\/landing-2\/#breadcrumb"},"inLanguage":"pl-PL","potentialAction":[{"@type":"ReadAction","target":["https:\/\/mathriders.pl\/katowice-polnoc\/landing-2\/"]}]},{"@type":"ImageObject","inLanguage":"pl-PL","@id":"https:\/\/mathriders.pl\/katowice-polnoc\/landing-2\/#primaryimage","url":"https:\/\/mathriders.pl\/warszawa-bialoleka\/wp-content\/uploads\/sites\/25\/2023\/11\/x-y.png","contentUrl":"https:\/\/mathriders.pl\/warszawa-bialoleka\/wp-content\/uploads\/sites\/25\/2023\/11\/x-y.png"},{"@type":"BreadcrumbList","@id":"https:\/\/mathriders.pl\/katowice-polnoc\/landing-2\/#breadcrumb","itemListElement":[{"@type":"ListItem","position":1,"name":"Strona g\u0142\u00f3wna","item":"https:\/\/mathriders.pl\/katowice-polnoc\/"},{"@type":"ListItem","position":2,"name":"Landing"}]},{"@type":"WebSite","@id":"https:\/\/mathriders.pl\/katowice-polnoc\/#website","url":"https:\/\/mathriders.pl\/katowice-polnoc\/","name":"Katowice P\u00f3\u0142noc","description":"","publisher":{"@id":"https:\/\/mathriders.pl\/katowice-polnoc\/#organization"},"potentialAction":[{"@type":"SearchAction","target":{"@type":"EntryPoint","urlTemplate":"https:\/\/mathriders.pl\/katowice-polnoc\/?s={search_term_string}"},"query-input":{"@type":"PropertyValueSpecification","valueRequired":true,"valueName":"search_term_string"}}],"inLanguage":"pl-PL"},{"@type":"Organization","@id":"https:\/\/mathriders.pl\/katowice-polnoc\/#organization","name":"Katowice P\u00f3\u0142noc","url":"https:\/\/mathriders.pl\/katowice-polnoc\/","logo":{"@type":"ImageObject","inLanguage":"pl-PL","@id":"https:\/\/mathriders.pl\/katowice-polnoc\/#\/schema\/logo\/image\/","url":"https:\/\/mathriders.pl\/katowice-polnoc\/wp-content\/uploads\/sites\/41\/2023\/11\/logo.webp","contentUrl":"https:\/\/mathriders.pl\/katowice-polnoc\/wp-content\/uploads\/sites\/41\/2023\/11\/logo.webp","width":157,"height":82,"caption":"Katowice P\u00f3\u0142noc"},"image":{"@id":"https:\/\/mathriders.pl\/katowice-polnoc\/#\/schema\/logo\/image\/"}}]}},"taxonomy_info":[],"featured_image_src_large":false,"author_info":{"display_name":"sylwia","author_link":"https:\/\/mathriders.pl\/katowice-polnoc\/aktualnosci\/author\/sylwia\/"},"comment_info":0,"_links":{"self":[{"href":"https:\/\/mathriders.pl\/katowice-polnoc\/wp-json\/wp\/v2\/pages\/521","targetHints":{"allow":["GET"]}}],"collection":[{"href":"https:\/\/mathriders.pl\/katowice-polnoc\/wp-json\/wp\/v2\/pages"}],"about":[{"href":"https:\/\/mathriders.pl\/katowice-polnoc\/wp-json\/wp\/v2\/types\/page"}],"author":[{"embeddable":true,"href":"https:\/\/mathriders.pl\/katowice-polnoc\/wp-json\/wp\/v2\/users\/6"}],"replies":[{"embeddable":true,"href":"https:\/\/mathriders.pl\/katowice-polnoc\/wp-json\/wp\/v2\/comments?post=521"}],"version-history":[{"count":1,"href":"https:\/\/mathriders.pl\/katowice-polnoc\/wp-json\/wp\/v2\/pages\/521\/revisions"}],"predecessor-version":[{"id":522,"href":"https:\/\/mathriders.pl\/katowice-polnoc\/wp-json\/wp\/v2\/pages\/521\/revisions\/522"}],"wp:attachment":[{"href":"https:\/\/mathriders.pl\/katowice-polnoc\/wp-json\/wp\/v2\/media?parent=521"}],"curies":[{"name":"wp","href":"https:\/\/api.w.org\/{rel}","templated":true}]}}