{"id":473,"date":"2024-06-17T11:40:08","date_gmt":"2024-06-17T09:40:08","guid":{"rendered":"https:\/\/mathriders.pl\/ilawa\/?page_id=473"},"modified":"2025-10-21T15:00:40","modified_gmt":"2025-10-21T13:00:40","slug":"landing","status":"publish","type":"page","link":"https:\/\/mathriders.pl\/ilawa\/landing\/","title":{"rendered":"Landing"},"content":{"rendered":"<style>.kb-row-layout-id473_ba5271-04 > .kt-row-column-wrap{align-content:center;}:where(.kb-row-layout-id473_ba5271-04 > .kt-row-column-wrap) > .wp-block-kadence-column{justify-content:center;}.kb-row-layout-id473_ba5271-04 > .kt-row-column-wrap{column-gap:var(--global-kb-gap-md, 2rem);row-gap:var(--global-kb-gap-md, 2rem);padding-bottom:var(--global-kb-spacing-5xl, 10rem);min-height:650px;grid-template-columns:minmax(0, 1fr);}.kb-row-layout-id473_ba5271-04{border-top-left-radius:0px;border-top-right-radius:0px;border-bottom-right-radius:50px;border-bottom-left-radius:50px;overflow:clip;isolation:isolate;}.kb-row-layout-id473_ba5271-04 > .kt-row-layout-overlay{border-top-left-radius:0px;border-top-right-radius:0px;border-bottom-right-radius:50px;border-bottom-left-radius:50px;}.kb-row-layout-id473_ba5271-04{background-image:url('https:\/\/mathriders.pl\/warszawa-bialoleka\/wp-content\/uploads\/sites\/25\/2023\/11\/a7b46b0a79cff1a9de60f3a67f0beca8.webp');background-size:cover;background-position:50% 20%;background-attachment:scroll;background-repeat:no-repeat;}.kb-row-layout-id473_ba5271-04 > .kt-row-layout-overlay{opacity:0.30;}@media all and (max-width: 1024px){.kb-row-layout-id473_ba5271-04 > .kt-row-column-wrap{grid-template-columns:minmax(0, 1fr);}}@media all and (max-width: 767px){.kb-row-layout-id473_ba5271-04 > .kt-row-column-wrap{grid-template-columns:minmax(0, 1fr);}}<\/style><div class=\"kb-row-layout-wrap kb-row-layout-id473_ba5271-04 alignfull kt-row-has-bg wp-block-kadence-rowlayout\"><div class=\"kt-row-column-wrap kt-has-1-columns kt-row-layout-equal kt-tab-layout-inherit kt-mobile-layout-row kt-row-valign-middle\">\n<style>.kadence-column473_a69705-52 > .kt-inside-inner-col{padding-right:0px;padding-bottom:0px;padding-left:0px;}.kadence-column473_a69705-52 > .kt-inside-inner-col,.kadence-column473_a69705-52 > .kt-inside-inner-col:before{border-top-left-radius:15px;border-top-right-radius:15px;border-bottom-right-radius:0px;border-bottom-left-radius:0px;}.kadence-column473_a69705-52 > .kt-inside-inner-col{column-gap:var(--global-kb-gap-sm, 1rem);}.kadence-column473_a69705-52 > .kt-inside-inner-col{flex-direction:column;}.kadence-column473_a69705-52 > .kt-inside-inner-col > .aligncenter{width:100%;}.kadence-column473_a69705-52 > .kt-inside-inner-col:before{opacity:0.3;}.kadence-column473_a69705-52{position:relative;}@media all and (max-width: 1024px){.kadence-column473_a69705-52 > .kt-inside-inner-col{flex-direction:column;justify-content:center;}}@media all and (max-width: 767px){.kadence-column473_a69705-52 > .kt-inside-inner-col{flex-direction:column;justify-content:center;}}<\/style>\n<div class=\"wp-block-kadence-column kadence-column473_a69705-52\"><div class=\"kt-inside-inner-col\"><\/div><\/div>\n\n<\/div><\/div>\n\n<style>.kadence-column473_27c226-b8 > .kt-inside-inner-col{padding-top:var(--global-kb-spacing-sm, 1.5rem);padding-right:var(--global-kb-spacing-3xl, 6.5rem);padding-bottom:var(--global-kb-spacing-sm, 1.5rem);padding-left:var(--global-kb-spacing-3xl, 6.5rem);}.kadence-column473_27c226-b8 > .kt-inside-inner-col,.kadence-column473_27c226-b8 > .kt-inside-inner-col:before{border-top-left-radius:15px;border-top-right-radius:15px;border-bottom-right-radius:0px;border-bottom-left-radius:0px;}.kadence-column473_27c226-b8 > .kt-inside-inner-col{column-gap:var(--global-kb-gap-sm, 1rem);}.kadence-column473_27c226-b8 > .kt-inside-inner-col{flex-direction:column;}.kadence-column473_27c226-b8 > .kt-inside-inner-col > .aligncenter{width:100%;}.kadence-column473_27c226-b8 > .kt-inside-inner-col{background-color:var(--global-palette9, #ffffff);}.kadence-column473_27c226-b8 > .kt-inside-inner-col:before{opacity:0.3;}.kadence-column473_27c226-b8{position:relative;}@media all and (max-width: 1024px){.kadence-column473_27c226-b8 > .kt-inside-inner-col{padding-right:var(--global-kb-spacing-xs, 1rem);padding-left:var(--global-kb-spacing-xs, 1rem);flex-direction:column;justify-content:center;}}@media all and (max-width: 767px){.kadence-column473_27c226-b8 > .kt-inside-inner-col{flex-direction:column;justify-content:center;}}<\/style>\n<div class=\"wp-block-kadence-column kadence-column473_27c226-b8\"><div class=\"kt-inside-inner-col\"><style>.wp-block-kadence-advancedheading.kt-adv-heading473_832f00-f4, .wp-block-kadence-advancedheading.kt-adv-heading473_832f00-f4[data-kb-block=\"kb-adv-heading473_832f00-f4\"]{margin-bottom:var(--global-kb-spacing-xxs, 0.5rem);text-align:center;font-style:normal;}.wp-block-kadence-advancedheading.kt-adv-heading473_832f00-f4 mark.kt-highlight, .wp-block-kadence-advancedheading.kt-adv-heading473_832f00-f4[data-kb-block=\"kb-adv-heading473_832f00-f4\"] mark.kt-highlight{font-style:normal;color:#f76a0c;-webkit-box-decoration-break:clone;box-decoration-break:clone;padding-top:0px;padding-right:0px;padding-bottom:0px;padding-left:0px;}.wp-block-kadence-advancedheading.kt-adv-heading473_832f00-f4 img.kb-inline-image, .wp-block-kadence-advancedheading.kt-adv-heading473_832f00-f4[data-kb-block=\"kb-adv-heading473_832f00-f4\"] img.kb-inline-image{width:150px;vertical-align:baseline;}<\/style>\n<h1 class=\"kt-adv-heading473_832f00-f4 wp-block-kadence-advancedheading\" data-kb-block=\"kb-adv-heading473_832f00-f4\">Tytu\u0142<\/h1>\n\n\n\n<p class=\"has-text-align-center\">podtytu\u0142<\/p>\n<\/div><\/div>\n\n\n<style>.kb-row-layout-id473_5d36ab-3e > .kt-row-column-wrap{align-content:start;}:where(.kb-row-layout-id473_5d36ab-3e > .kt-row-column-wrap) > .wp-block-kadence-column{justify-content:start;}.kb-row-layout-id473_5d36ab-3e > .kt-row-column-wrap{column-gap:var(--global-kb-gap-md, 2rem);row-gap:var(--global-kb-gap-md, 2rem);max-width:var( --global-content-width, 1290px );padding-left:var(--global-content-edge-padding);padding-right:var(--global-content-edge-padding);padding-top:var(--global-kb-spacing-4xl, 8rem);padding-bottom:var(--global-kb-spacing-4xl, 8rem);grid-template-columns:minmax(0, 1fr);}.kb-row-layout-id473_5d36ab-3e{background-image:url('https:\/\/mathriders.pl\/warszawa-bialoleka\/wp-content\/uploads\/sites\/25\/2023\/11\/bezplatna-lekcja-pokazowa.jpg');background-size:cover;background-position:center center;background-attachment:scroll;background-repeat:no-repeat;}.kb-row-layout-id473_5d36ab-3e > .kt-row-layout-overlay{opacity:0.30;}@media all and (max-width: 1024px){.kb-row-layout-id473_5d36ab-3e > .kt-row-column-wrap{grid-template-columns:minmax(0, 1fr);}}@media all and (max-width: 767px){.kb-row-layout-id473_5d36ab-3e > .kt-row-column-wrap{grid-template-columns:minmax(0, 1fr);}}<\/style><div class=\"kb-row-layout-wrap kb-row-layout-id473_5d36ab-3e alignfull kt-row-has-bg wp-block-kadence-rowlayout\"><div class=\"kt-row-column-wrap kt-has-1-columns kt-row-layout-equal kt-tab-layout-inherit kt-mobile-layout-row kt-row-valign-top kb-theme-content-width\">\n<style>.kadence-column473_4783d2-9a > .kt-inside-inner-col,.kadence-column473_4783d2-9a > .kt-inside-inner-col:before{border-top-left-radius:0px;border-top-right-radius:0px;border-bottom-right-radius:0px;border-bottom-left-radius:0px;}.kadence-column473_4783d2-9a > .kt-inside-inner-col{column-gap:var(--global-kb-gap-sm, 1rem);}.kadence-column473_4783d2-9a > .kt-inside-inner-col{flex-direction:column;}.kadence-column473_4783d2-9a > .kt-inside-inner-col > .aligncenter{width:100%;}.kadence-column473_4783d2-9a > .kt-inside-inner-col:before{opacity:0.3;}.kadence-column473_4783d2-9a{position:relative;}@media all and (max-width: 1024px){.kadence-column473_4783d2-9a > .kt-inside-inner-col{flex-direction:column;justify-content:center;}}@media all and (max-width: 767px){.kadence-column473_4783d2-9a > .kt-inside-inner-col{flex-direction:column;justify-content:center;}}<\/style>\n<div class=\"wp-block-kadence-column kadence-column473_4783d2-9a\"><div class=\"kt-inside-inner-col\"><style>.wp-block-kadence-advancedheading.kt-adv-heading473_ff1e9e-d1, .wp-block-kadence-advancedheading.kt-adv-heading473_ff1e9e-d1[data-kb-block=\"kb-adv-heading473_ff1e9e-d1\"]{text-align:center;font-style:normal;}.wp-block-kadence-advancedheading.kt-adv-heading473_ff1e9e-d1 mark.kt-highlight, .wp-block-kadence-advancedheading.kt-adv-heading473_ff1e9e-d1[data-kb-block=\"kb-adv-heading473_ff1e9e-d1\"] mark.kt-highlight{font-style:normal;color:#f76a0c;-webkit-box-decoration-break:clone;box-decoration-break:clone;padding-top:0px;padding-right:0px;padding-bottom:0px;padding-left:0px;}.wp-block-kadence-advancedheading.kt-adv-heading473_ff1e9e-d1 img.kb-inline-image, .wp-block-kadence-advancedheading.kt-adv-heading473_ff1e9e-d1[data-kb-block=\"kb-adv-heading473_ff1e9e-d1\"] img.kb-inline-image{width:150px;vertical-align:baseline;}<\/style>\n<h2 class=\"kt-adv-heading473_ff1e9e-d1 wp-block-kadence-advancedheading\" data-kb-block=\"kb-adv-heading473_ff1e9e-d1\">Tytu\u0142 do formularza<\/h2>\n\n\n<style>.kb-row-layout-id473_430f17-2a > .kt-row-column-wrap{align-content:start;}:where(.kb-row-layout-id473_430f17-2a > .kt-row-column-wrap) > .wp-block-kadence-column{justify-content:start;}.kb-row-layout-id473_430f17-2a > .kt-row-column-wrap{column-gap:var(--global-kb-gap-sm, 1rem);row-gap:var(--global-kb-gap-md, 2rem);padding-top:var(--global-kb-spacing-sm, 1.5rem);padding-bottom:var(--global-kb-spacing-sm, 1.5rem);grid-template-columns:repeat(2, minmax(0, 1fr));}.kb-row-layout-id473_430f17-2a > .kt-row-layout-overlay{opacity:0.30;}@media all and (max-width: 1024px){.kb-row-layout-id473_430f17-2a > .kt-row-column-wrap{grid-template-columns:repeat(2, minmax(0, 1fr));}}@media all and (max-width: 767px){.kb-row-layout-id473_430f17-2a > .kt-row-column-wrap{grid-template-columns:minmax(0, 1fr);}}<\/style><div class=\"kb-row-layout-wrap kb-row-layout-id473_430f17-2a alignnone wp-block-kadence-rowlayout\"><div class=\"kt-row-column-wrap kt-has-2-columns kt-row-layout-equal kt-tab-layout-inherit kt-mobile-layout-row kt-row-valign-top\">\n<style>.kadence-column473_31fbf7-b1 > .kt-inside-inner-col,.kadence-column473_31fbf7-b1 > .kt-inside-inner-col:before{border-top-left-radius:0px;border-top-right-radius:0px;border-bottom-right-radius:0px;border-bottom-left-radius:0px;}.kadence-column473_31fbf7-b1 > .kt-inside-inner-col{column-gap:var(--global-kb-gap-sm, 1rem);}.kadence-column473_31fbf7-b1 > .kt-inside-inner-col{flex-direction:column;}.kadence-column473_31fbf7-b1 > .kt-inside-inner-col > .aligncenter{width:100%;}.kadence-column473_31fbf7-b1 > .kt-inside-inner-col:before{opacity:0.3;}.kadence-column473_31fbf7-b1{position:relative;}@media all and (max-width: 1024px){.kadence-column473_31fbf7-b1 > .kt-inside-inner-col{flex-direction:column;justify-content:center;}}@media all and (max-width: 767px){.kadence-column473_31fbf7-b1 > .kt-inside-inner-col{flex-direction:column;justify-content:center;}}<\/style>\n<div class=\"wp-block-kadence-column kadence-column473_31fbf7-b1\"><div class=\"kt-inside-inner-col\"><style>.kb-image473_ddd549-fa .kb-image-has-overlay:after{opacity:0.3;}<\/style>\n<div class=\"wp-block-kadence-image kb-image473_ddd549-fa\"><figure class=\"aligncenter size-full\"><img loading=\"lazy\" decoding=\"async\" width=\"251\" height=\"184\" src=\"https:\/\/mathriders.pl\/warszawa-bialoleka\/wp-content\/uploads\/sites\/25\/2023\/11\/x-y.png\" alt=\"\" class=\"kb-img wp-image-53\" \/><\/figure><\/div>\n<\/div><\/div>\n\n\n<style>.kadence-column473_8eab09-ae > .kt-inside-inner-col,.kadence-column473_8eab09-ae > .kt-inside-inner-col:before{border-top-left-radius:0px;border-top-right-radius:0px;border-bottom-right-radius:0px;border-bottom-left-radius:0px;}.kadence-column473_8eab09-ae > .kt-inside-inner-col{column-gap:var(--global-kb-gap-sm, 1rem);}.kadence-column473_8eab09-ae > .kt-inside-inner-col{flex-direction:column;}.kadence-column473_8eab09-ae > .kt-inside-inner-col > .aligncenter{width:100%;}.kadence-column473_8eab09-ae > .kt-inside-inner-col:before{opacity:0.3;}.kadence-column473_8eab09-ae{position:relative;}@media all and (max-width: 1024px){.kadence-column473_8eab09-ae > .kt-inside-inner-col{flex-direction:column;justify-content:center;}}@media all and (max-width: 767px){.kadence-column473_8eab09-ae > .kt-inside-inner-col{flex-direction:column;justify-content:center;}}<\/style>\n<div class=\"wp-block-kadence-column kadence-column473_8eab09-ae\"><div class=\"kt-inside-inner-col\"><style>.wp-block-kadence-advancedheading.kt-adv-heading473_3a3849-17, .wp-block-kadence-advancedheading.kt-adv-heading473_3a3849-17[data-kb-block=\"kb-adv-heading473_3a3849-17\"]{max-width:500px;font-style:normal;}.wp-block-kadence-advancedheading.kt-adv-heading473_3a3849-17 mark.kt-highlight, .wp-block-kadence-advancedheading.kt-adv-heading473_3a3849-17[data-kb-block=\"kb-adv-heading473_3a3849-17\"] mark.kt-highlight{font-style:normal;color:#f76a0c;-webkit-box-decoration-break:clone;box-decoration-break:clone;padding-top:0px;padding-right:0px;padding-bottom:0px;padding-left:0px;}.wp-block-kadence-advancedheading.kt-adv-heading473_3a3849-17 img.kb-inline-image, .wp-block-kadence-advancedheading.kt-adv-heading473_3a3849-17[data-kb-block=\"kb-adv-heading473_3a3849-17\"] img.kb-inline-image{width:150px;vertical-align:baseline;}<\/style>\n<p class=\"kt-adv-heading473_3a3849-17 wp-block-kadence-advancedheading\" data-kb-block=\"kb-adv-heading473_3a3849-17\">Tre\u015b\u0107.<\/p>\n\n\n\n<div class=\"wp-block-buttons is-layout-flex wp-block-buttons-is-layout-flex\">\n<div class=\"wp-block-button\"><a class=\"wp-block-button__link wp-element-button\" href=\"http:\/\/xxxx\">Link<\/a><\/div>\n<\/div>\n<\/div><\/div>\n\n<\/div><\/div><\/div><\/div>\n\n<\/div><\/div>","protected":false},"excerpt":{"rendered":"<p>Tytu\u0142 podtytu\u0142 Tytu\u0142 do formularza Tre\u015b\u0107.<\/p>\n","protected":false},"author":6,"featured_media":0,"parent":0,"menu_order":0,"comment_status":"closed","ping_status":"closed","template":"","meta":{"_acf_changed":false,"_kad_blocks_custom_css":"","_kad_blocks_head_custom_js":"","_kad_blocks_body_custom_js":"","_kad_blocks_footer_custom_js":"","_kad_post_transparent":"","_kad_post_title":"","_kad_post_layout":"","_kad_post_sidebar_id":"","_kad_post_content_style":"","_kad_post_vertical_padding":"","_kad_post_feature":"","_kad_post_feature_position":"","_kad_post_header":false,"_kad_post_footer":false,"_kad_post_classname":"","footnotes":""},"class_list":["post-473","page","type-page","status-publish","hentry"],"acf":[],"yoast_head":"<!-- This site is optimized with the Yoast SEO plugin v27.0 - https:\/\/yoast.com\/product\/yoast-seo-wordpress\/ -->\n<title>Landing - I\u0142awa<\/title>\n<meta name=\"robots\" content=\"index, follow, max-snippet:-1, max-image-preview:large, max-video-preview:-1\" \/>\n<link rel=\"canonical\" href=\"https:\/\/mathriders.pl\/ilawa\/landing\/\" \/>\n<meta property=\"og:locale\" content=\"pl_PL\" \/>\n<meta property=\"og:type\" content=\"article\" \/>\n<meta property=\"og:title\" content=\"Landing - I\u0142awa\" \/>\n<meta property=\"og:description\" content=\"Tytu\u0142 podtytu\u0142 Tytu\u0142 do formularza Tre\u015b\u0107.\" \/>\n<meta property=\"og:url\" content=\"https:\/\/mathriders.pl\/ilawa\/landing\/\" \/>\n<meta property=\"og:site_name\" content=\"I\u0142awa\" \/>\n<meta property=\"article:modified_time\" content=\"2025-10-21T13:00:40+00:00\" \/>\n<meta property=\"og:image\" content=\"https:\/\/mathriders.pl\/ilawa\/wp-content\/uploads\/sites\/47\/2023\/11\/x-y.png\" \/>\n\t<meta property=\"og:image:width\" content=\"251\" \/>\n\t<meta property=\"og:image:height\" content=\"184\" \/>\n\t<meta property=\"og:image:type\" content=\"image\/png\" \/>\n<meta name=\"twitter:card\" content=\"summary_large_image\" \/>\n<meta name=\"twitter:label1\" content=\"Szacowany czas czytania\" \/>\n\t<meta name=\"twitter:data1\" content=\"1 minuta\" \/>\n<script type=\"application\/ld+json\" class=\"yoast-schema-graph\">{\"@context\":\"https:\/\/schema.org\",\"@graph\":[{\"@type\":\"WebPage\",\"@id\":\"https:\/\/mathriders.pl\/ilawa\/landing\/\",\"url\":\"https:\/\/mathriders.pl\/ilawa\/landing\/\",\"name\":\"Landing - I\u0142awa\",\"isPartOf\":{\"@id\":\"https:\/\/mathriders.pl\/ilawa\/#website\"},\"primaryImageOfPage\":{\"@id\":\"https:\/\/mathriders.pl\/ilawa\/landing\/#primaryimage\"},\"image\":{\"@id\":\"https:\/\/mathriders.pl\/ilawa\/landing\/#primaryimage\"},\"thumbnailUrl\":\"https:\/\/mathriders.pl\/warszawa-bialoleka\/wp-content\/uploads\/sites\/25\/2023\/11\/x-y.png\",\"datePublished\":\"2024-06-17T09:40:08+00:00\",\"dateModified\":\"2025-10-21T13:00:40+00:00\",\"breadcrumb\":{\"@id\":\"https:\/\/mathriders.pl\/ilawa\/landing\/#breadcrumb\"},\"inLanguage\":\"pl-PL\",\"potentialAction\":[{\"@type\":\"ReadAction\",\"target\":[\"https:\/\/mathriders.pl\/ilawa\/landing\/\"]}]},{\"@type\":\"ImageObject\",\"inLanguage\":\"pl-PL\",\"@id\":\"https:\/\/mathriders.pl\/ilawa\/landing\/#primaryimage\",\"url\":\"https:\/\/mathriders.pl\/warszawa-bialoleka\/wp-content\/uploads\/sites\/25\/2023\/11\/x-y.png\",\"contentUrl\":\"https:\/\/mathriders.pl\/warszawa-bialoleka\/wp-content\/uploads\/sites\/25\/2023\/11\/x-y.png\"},{\"@type\":\"BreadcrumbList\",\"@id\":\"https:\/\/mathriders.pl\/ilawa\/landing\/#breadcrumb\",\"itemListElement\":[{\"@type\":\"ListItem\",\"position\":1,\"name\":\"Strona g\u0142\u00f3wna\",\"item\":\"https:\/\/mathriders.pl\/ilawa\/\"},{\"@type\":\"ListItem\",\"position\":2,\"name\":\"Landing\"}]},{\"@type\":\"WebSite\",\"@id\":\"https:\/\/mathriders.pl\/ilawa\/#website\",\"url\":\"https:\/\/mathriders.pl\/ilawa\/\",\"name\":\"I\u0142awa\",\"description\":\"\",\"publisher\":{\"@id\":\"https:\/\/mathriders.pl\/ilawa\/#organization\"},\"potentialAction\":[{\"@type\":\"SearchAction\",\"target\":{\"@type\":\"EntryPoint\",\"urlTemplate\":\"https:\/\/mathriders.pl\/ilawa\/?s={search_term_string}\"},\"query-input\":{\"@type\":\"PropertyValueSpecification\",\"valueRequired\":true,\"valueName\":\"search_term_string\"}}],\"inLanguage\":\"pl-PL\"},{\"@type\":\"Organization\",\"@id\":\"https:\/\/mathriders.pl\/ilawa\/#organization\",\"name\":\"I\u0142awa\",\"url\":\"https:\/\/mathriders.pl\/ilawa\/\",\"logo\":{\"@type\":\"ImageObject\",\"inLanguage\":\"pl-PL\",\"@id\":\"https:\/\/mathriders.pl\/ilawa\/#\/schema\/logo\/image\/\",\"url\":\"https:\/\/mathriders.pl\/ilawa\/wp-content\/uploads\/sites\/47\/2023\/11\/logo.webp\",\"contentUrl\":\"https:\/\/mathriders.pl\/ilawa\/wp-content\/uploads\/sites\/47\/2023\/11\/logo.webp\",\"width\":157,\"height\":82,\"caption\":\"I\u0142awa\"},\"image\":{\"@id\":\"https:\/\/mathriders.pl\/ilawa\/#\/schema\/logo\/image\/\"}}]}<\/script>\n<!-- \/ Yoast SEO plugin. -->","yoast_head_json":{"title":"Landing - I\u0142awa","robots":{"index":"index","follow":"follow","max-snippet":"max-snippet:-1","max-image-preview":"max-image-preview:large","max-video-preview":"max-video-preview:-1"},"canonical":"https:\/\/mathriders.pl\/ilawa\/landing\/","og_locale":"pl_PL","og_type":"article","og_title":"Landing - I\u0142awa","og_description":"Tytu\u0142 podtytu\u0142 Tytu\u0142 do formularza Tre\u015b\u0107.","og_url":"https:\/\/mathriders.pl\/ilawa\/landing\/","og_site_name":"I\u0142awa","article_modified_time":"2025-10-21T13:00:40+00:00","og_image":[{"width":251,"height":184,"url":"https:\/\/mathriders.pl\/ilawa\/wp-content\/uploads\/sites\/47\/2023\/11\/x-y.png","type":"image\/png"}],"twitter_card":"summary_large_image","twitter_misc":{"Szacowany czas czytania":"1 minuta"},"schema":{"@context":"https:\/\/schema.org","@graph":[{"@type":"WebPage","@id":"https:\/\/mathriders.pl\/ilawa\/landing\/","url":"https:\/\/mathriders.pl\/ilawa\/landing\/","name":"Landing - I\u0142awa","isPartOf":{"@id":"https:\/\/mathriders.pl\/ilawa\/#website"},"primaryImageOfPage":{"@id":"https:\/\/mathriders.pl\/ilawa\/landing\/#primaryimage"},"image":{"@id":"https:\/\/mathriders.pl\/ilawa\/landing\/#primaryimage"},"thumbnailUrl":"https:\/\/mathriders.pl\/warszawa-bialoleka\/wp-content\/uploads\/sites\/25\/2023\/11\/x-y.png","datePublished":"2024-06-17T09:40:08+00:00","dateModified":"2025-10-21T13:00:40+00:00","breadcrumb":{"@id":"https:\/\/mathriders.pl\/ilawa\/landing\/#breadcrumb"},"inLanguage":"pl-PL","potentialAction":[{"@type":"ReadAction","target":["https:\/\/mathriders.pl\/ilawa\/landing\/"]}]},{"@type":"ImageObject","inLanguage":"pl-PL","@id":"https:\/\/mathriders.pl\/ilawa\/landing\/#primaryimage","url":"https:\/\/mathriders.pl\/warszawa-bialoleka\/wp-content\/uploads\/sites\/25\/2023\/11\/x-y.png","contentUrl":"https:\/\/mathriders.pl\/warszawa-bialoleka\/wp-content\/uploads\/sites\/25\/2023\/11\/x-y.png"},{"@type":"BreadcrumbList","@id":"https:\/\/mathriders.pl\/ilawa\/landing\/#breadcrumb","itemListElement":[{"@type":"ListItem","position":1,"name":"Strona g\u0142\u00f3wna","item":"https:\/\/mathriders.pl\/ilawa\/"},{"@type":"ListItem","position":2,"name":"Landing"}]},{"@type":"WebSite","@id":"https:\/\/mathriders.pl\/ilawa\/#website","url":"https:\/\/mathriders.pl\/ilawa\/","name":"I\u0142awa","description":"","publisher":{"@id":"https:\/\/mathriders.pl\/ilawa\/#organization"},"potentialAction":[{"@type":"SearchAction","target":{"@type":"EntryPoint","urlTemplate":"https:\/\/mathriders.pl\/ilawa\/?s={search_term_string}"},"query-input":{"@type":"PropertyValueSpecification","valueRequired":true,"valueName":"search_term_string"}}],"inLanguage":"pl-PL"},{"@type":"Organization","@id":"https:\/\/mathriders.pl\/ilawa\/#organization","name":"I\u0142awa","url":"https:\/\/mathriders.pl\/ilawa\/","logo":{"@type":"ImageObject","inLanguage":"pl-PL","@id":"https:\/\/mathriders.pl\/ilawa\/#\/schema\/logo\/image\/","url":"https:\/\/mathriders.pl\/ilawa\/wp-content\/uploads\/sites\/47\/2023\/11\/logo.webp","contentUrl":"https:\/\/mathriders.pl\/ilawa\/wp-content\/uploads\/sites\/47\/2023\/11\/logo.webp","width":157,"height":82,"caption":"I\u0142awa"},"image":{"@id":"https:\/\/mathriders.pl\/ilawa\/#\/schema\/logo\/image\/"}}]}},"taxonomy_info":[],"featured_image_src_large":false,"author_info":{"display_name":"sylwia","author_link":"https:\/\/mathriders.pl\/ilawa\/aktualnosci\/author\/sylwia\/"},"comment_info":0,"_links":{"self":[{"href":"https:\/\/mathriders.pl\/ilawa\/wp-json\/wp\/v2\/pages\/473","targetHints":{"allow":["GET"]}}],"collection":[{"href":"https:\/\/mathriders.pl\/ilawa\/wp-json\/wp\/v2\/pages"}],"about":[{"href":"https:\/\/mathriders.pl\/ilawa\/wp-json\/wp\/v2\/types\/page"}],"author":[{"embeddable":true,"href":"https:\/\/mathriders.pl\/ilawa\/wp-json\/wp\/v2\/users\/6"}],"replies":[{"embeddable":true,"href":"https:\/\/mathriders.pl\/ilawa\/wp-json\/wp\/v2\/comments?post=473"}],"version-history":[{"count":4,"href":"https:\/\/mathriders.pl\/ilawa\/wp-json\/wp\/v2\/pages\/473\/revisions"}],"predecessor-version":[{"id":1087,"href":"https:\/\/mathriders.pl\/ilawa\/wp-json\/wp\/v2\/pages\/473\/revisions\/1087"}],"wp:attachment":[{"href":"https:\/\/mathriders.pl\/ilawa\/wp-json\/wp\/v2\/media?parent=473"}],"curies":[{"name":"wp","href":"https:\/\/api.w.org\/{rel}","templated":true}]}}